{"id":879,"date":"2024-03-11T11:50:44","date_gmt":"2024-03-11T11:50:44","guid":{"rendered":"https:\/\/asra.az\/?page_id=879"},"modified":"2024-03-17T22:36:55","modified_gmt":"2024-03-17T22:36:55","slug":"dasinmaz-emlakin-audit-edilmesi","status":"publish","type":"page","link":"https:\/\/asra.az\/ru\/dasinmaz-emlakin-audit-edilmesi\/","title":{"rendered":"DA\u015eINMAZ \u018fMLAKIN AUD\u0130T ED\u0130LM\u018fS\u0130"},"content":{"rendered":"<div class=\"wpb-content-wrapper\"><div class=\"vc_row wpb_row vc_row-fluid\"><div class=\"wpb_column vc_column_container vc_col-sm-12\"><div class=\"vc_column-inner\"><div class=\"wpb_wrapper\"><!-- Star Services Details Area\n    ============================================= -->\n    <div class=\"services-details-area default-padding\">\n        <div class=\"container\">\n            <div class=\"services-details-items\">\n                <div class=\"row\">\n                    <div class=\"col-lg-8 services-single-content\">\n                        <img decoding=\"async\" src=\"https:\/\/asra.az\/wp-content\/uploads\/2021\/11\/1.jpg\" alt=\"Thumb\">\n                        <h2>Creative &amp; Digital ideas<\/h2>\n                        <p>\n                            We denounce with righteous indige nation and dislike men who are so beguiled and demo realized by the charms of pleasure of the moment, so blinded by desire, that they cannot foresee the pain and trouble that are bound to ensue cannot foresee. These cases are perfectly simple and easy to distinguish. In a free hour, when our power of choice is untrammelled data structures manages data in technology.\n                        <\/p>\n                        <div class=\"features\">\n                            <div class=\"row\"><div class=\"col-lg-6 col-md-6\">\n                    <div class=\"content\">\n                        <h4>Finance Restructuring<\/h4>\n                        <p>\n                            These cases are perfectly simple and easy to distinguish. In a free hour, when our power of choice is untrammelled.\n                        <\/p>\n                    <\/div>\n                <\/div><div class=\"col-lg-6 col-md-6\">\n                    <div class=\"content\">\n                        <h4>International Markets<\/h4>\n                        <p>\n                            These cases are perfectly simple and easy to distinguish. In a free hour, when our power of choice is untrammelled.\n                        <\/p>\n                    <\/div>\n                <\/div> <\/div>\n                        <\/div>\n\t<div class=\"wpb_text_column wpb_content_element\" >\n\t\t<div class=\"wpb_wrapper\">\n\t\t\t<p>Nam libero tempore, cum soluta nobis est elig endi optio cumque nihil impedit quo minus id quod maxime placeat facere possimus, omnis voluptas assumenda est, omnis dolor repelle ndus. Temporibus autem quibusdam et aut officiis debitis aut rerum necessitatibus saepe eveniet ut et voluptates repudiandae sint et molestiae non recusandae. Itaque earum rerum hic tenetur a sapiente delectus, ut aut reiciendis voluptatibus maiores alias. consequatur aut perferendis doloribus asperiores repellat. The wise man therefore always holds in these matters to this principle of selection: he rejects pleasures to secure other greater pleasures, or else he endures pains to avoid worse pains. pleasures have to be repudiated and annoyances accepted.<\/p>\n\n\t\t<\/div>\n\t<\/div>\n\n\t<div class=\"wpb_text_column wpb_content_element\" >\n\t\t<div class=\"wpb_wrapper\">\n\t\t\t<h2>Corporate identity<\/h2>\n\n\t\t<\/div>\n\t<\/div>\n\n\t<div class=\"wpb_text_column wpb_content_element\" >\n\t\t<div class=\"wpb_wrapper\">\n\t\t\t<ul>\n<li>How will digital activities impact traditional manufacturing.<\/li>\n<li>All these digital elements and projects aim to enhance .<\/li>\n<li>I monitor my staff with software that takes screenshots.<\/li>\n<li>Laoreet dolore magna niacin sodium glutimate aliquam hendrerit.<\/li>\n<li>Minim veniam quis niacin sodium glutimate nostrud exerci dolor.<\/li>\n<\/ul>\n\n\t\t<\/div>\n\t<\/div>\n <\/div>\n                    <div class=\"col-lg-4 services-sidebar\">\n                        <!-- Single Widget --><!-- Single Widget -->\n                        <div class=\"single-widget services-list\">\n                            <h4 class=\"widget-title\">Da\u015f\u0131nmaz \u0259mlak\u0131n audit edilm\u0259si<\/h4>\n                            <div class=\"content\">\n                                <ul><li class=\"current-item\"><a href=\"https:\/\/asra.az\/ru\/dasinmaz-emlakin-audit-edilmesi\/\">DA\u015eINMAZ \u018fMLAKIN AUD\u0130T ED\u0130LM\u018fS\u0130<\/a><\/li><li class=\"\"><a href=\"https:\/\/asra.az\/ru\/yasayis-komplekslerinin-idareedilmesi-asra\/\">YA\u015eAYI\u015e KOMPLEKSL\u018fR\u0130N\u0130N \u0130DAR\u018f ED\u0130LM\u018fS\u0130<\/a><\/li><li class=\"\"><a href=\"https:\/\/asra.az\/ru\/qeyri-yasayisin-idaredilmesi\/\">QEYR\u0130 YA\u015eAYI\u015eIN \u0130DAR\u018f ED\u0130LM\u018fS\u0130<\/a><\/li><\/ul>\n                            <\/div>\n                        <\/div>\n                        <!-- End Single Widget --><!-- End Single Widget -->\n                        <div class=\"single-widget quick-contact text-light\" style=\"background-image: url(https:\/\/asra.az\/wp-content\/uploads\/2021\/09\/1.jpg);\">\n                            <div class=\"content\">\n                                <i class=\"fas fa-phone\"><\/i>\n                                <h4>K\u00f6m\u0259k laz\u0131md\u0131r?<\/h4>\n                                <p>\n                                    \u0130st\u0259nil\u0259n vaxt m\u00fc\u015ft\u0259rimiz\u0259 k\u00f6m\u0259k etm\u0259k \u00fc\u00e7\u00fcn buraday\u0131q. Suallar\u0131n\u0131z\u0131 cavabland\u0131rmaq \u00fc\u00e7\u00fcn 24\/7 z\u0259ng ed\u0259 bil\u0259rsiniz.\n                                <\/p>\n                                <h2>+994 50 402 49 47<\/h2>\n                            <\/div>\n                        <\/div>\n                        <!-- Single Widget --><!-- Single Widget -->\n                        <div class=\"single-widget brochure\">\n                            <h4 class=\"widget-title\">Brochure<\/h4>\n                            <ul>\n                                <li><a href=\"#\"><i class=\"fas fa-file-pdf\"><\/i> Download Docs<\/a><\/li>\n                                <li><a href=\"#\"><i class=\"fas fa-file-word\"><\/i> Company details<\/a><\/li>\n                            <\/ul>\n                        <\/div>\n                        <!-- End Single Widget --> <\/div>\n                <\/div>\n            <\/div>\n        <\/div>\n    <\/div>\n    <!-- End Services Details Area --><\/div><\/div><\/div><\/div>\n<\/div>","protected":false},"excerpt":{"rendered":"Creative &amp; Digital ideas We denounce with righteous indige nation and dislike men who are so beguiled and demo realized by the charms of pleasure of the moment, so blinded by desire, that they cannot foresee the pain and trouble that are bound to ensue cannot foresee. These cases are perfectly simple and easy to [...]","protected":false},"author":1,"featured_media":89,"parent":0,"menu_order":0,"comment_status":"closed","ping_status":"closed","template":"page-templates\/pages.php","meta":{"footnotes":""},"class_list":["post-879","page","type-page","status-publish","has-post-thumbnail","hentry"],"_links":{"self":[{"href":"https:\/\/asra.az\/ru\/wp-json\/wp\/v2\/pages\/879","targetHints":{"allow":["GET"]}}],"collection":[{"href":"https:\/\/asra.az\/ru\/wp-json\/wp\/v2\/pages"}],"about":[{"href":"https:\/\/asra.az\/ru\/wp-json\/wp\/v2\/types\/page"}],"author":[{"embeddable":true,"href":"https:\/\/asra.az\/ru\/wp-json\/wp\/v2\/users\/1"}],"replies":[{"embeddable":true,"href":"https:\/\/asra.az\/ru\/wp-json\/wp\/v2\/comments?post=879"}],"version-history":[{"count":5,"href":"https:\/\/asra.az\/ru\/wp-json\/wp\/v2\/pages\/879\/revisions"}],"predecessor-version":[{"id":1034,"href":"https:\/\/asra.az\/ru\/wp-json\/wp\/v2\/pages\/879\/revisions\/1034"}],"wp:featuredmedia":[{"embeddable":true,"href":"https:\/\/asra.az\/ru\/wp-json\/wp\/v2\/media\/89"}],"wp:attachment":[{"href":"https:\/\/asra.az\/ru\/wp-json\/wp\/v2\/media?parent=879"}],"curies":[{"name":"wp","href":"https:\/\/api.w.org\/{rel}","templated":true}]}}