{"id":874,"date":"2024-03-11T11:49:22","date_gmt":"2024-03-11T11:49:22","guid":{"rendered":"https:\/\/asra.az\/?page_id=874"},"modified":"2024-05-09T20:20:51","modified_gmt":"2024-05-09T20:20:51","slug":"yasayis-komplekslerinin-idareedilmesi-asra","status":"publish","type":"page","link":"https:\/\/asra.az\/ru\/yasayis-komplekslerinin-idareedilmesi-asra\/","title":{"rendered":"YA\u015eAYI\u015e KOMPLEKSL\u018fR\u0130N\u0130N \u0130DAR\u018f ED\u0130LM\u018fS\u0130"},"content":{"rendered":"<div class=\"wpb-content-wrapper\"><div class=\"vc_row wpb_row vc_row-fluid\"><div class=\"wpb_column vc_column_container vc_col-sm-12\"><div class=\"vc_column-inner\"><div class=\"wpb_wrapper\"><!-- Star Services Details Area\n    ============================================= -->\n    <div class=\"services-details-area default-padding\">\n        <div class=\"container\">\n            <div class=\"services-details-items\">\n                <div class=\"row\">\n                    <div class=\"col-lg-8 services-single-content\">\n                        <img decoding=\"async\" src=\"https:\/\/asra.az\/wp-content\/uploads\/2021\/11\/1.jpg\" alt=\"Thumb\">\n                        <h2>Bina &amp; Ya\u015fay\u0131\u015f Kompleksinin idar\u0259edilm\u0259si<\/h2>\n                        <p>\n                            ``ASRA MANAGEMENT`` MMC ya\u015fay\u0131\u015f kompleksl\u0259rinin idar\u0259edilm\u0259si \u00fczr\u0259 xidm\u0259t t\u0259klif edir. \u0130lkin olaraq binan\u0131n inzibati v\u0259 texniki yoxlan\u0131\u015f\u0131 apar\u0131l\u0131r, m\u00f6vcud probleml\u0259r a\u015fkar edilir v\u0259 binan\u0131n saxlanma x\u0259rci m\u00fc\u0259yy\u0259n edilir. Kommunal tarif m\u00fc\u0259yy\u0259n edildikd\u0259n sonra binan\u0131n idar\u0259edilm\u0259 mexanizmi ona uy\u011fun qurulur. \n                        <\/p>\n                        <div class=\"features\">\n                            <div class=\"row\"><div class=\"col-lg-6 col-md-6\">\n                    <div class=\"content\">\n                        <h4>Finance Restructuring<\/h4>\n                        <p>\n                            These cases are perfectly simple and easy to distinguish. In a free hour, when our power of choice is untrammelled.\n                        <\/p>\n                    <\/div>\n                <\/div><div class=\"col-lg-6 col-md-6\">\n                    <div class=\"content\">\n                        <h4>International Markets<\/h4>\n                        <p>\n                            These cases are perfectly simple and easy to distinguish. In a free hour, when our power of choice is untrammelled.\n                        <\/p>\n                    <\/div>\n                <\/div> <\/div>\n                        <\/div>\n\t<div class=\"wpb_text_column wpb_content_element\" >\n\t\t<div class=\"wpb_wrapper\">\n\t\t\t<p>Nam libero tempore, cum soluta nobis est elig endi optio cumque nihil impedit quo minus id quod maxime placeat facere possimus, omnis voluptas assumenda est, omnis dolor repelle ndus. Temporibus autem quibusdam et aut officiis debitis aut rerum necessitatibus saepe eveniet ut et voluptates repudiandae sint et molestiae non recusandae. Itaque earum rerum hic tenetur a sapiente delectus, ut aut reiciendis voluptatibus maiores alias. consequatur aut perferendis doloribus asperiores repellat. The wise man therefore always holds in these matters to this principle of selection: he rejects pleasures to secure other greater pleasures, or else he endures pains to avoid worse pains. pleasures have to be repudiated and annoyances accepted.<\/p>\n\n\t\t<\/div>\n\t<\/div>\n\n\t<div class=\"wpb_text_column wpb_content_element\" >\n\t\t<div class=\"wpb_wrapper\">\n\t\t\t<h2>Corporate identity<\/h2>\n\n\t\t<\/div>\n\t<\/div>\n\n\t<div class=\"wpb_text_column wpb_content_element\" >\n\t\t<div class=\"wpb_wrapper\">\n\t\t\t<ul>\n<li>How will digital activities impact traditional manufacturing.<\/li>\n<li>All these digital elements and projects aim to enhance .<\/li>\n<li>I monitor my staff with software that takes screenshots.<\/li>\n<li>Laoreet dolore magna niacin sodium glutimate aliquam hendrerit.<\/li>\n<li>Minim veniam quis niacin sodium glutimate nostrud exerci dolor.<\/li>\n<\/ul>\n\n\t\t<\/div>\n\t<\/div>\n <\/div>\n                    <div class=\"col-lg-4 services-sidebar\">\n                        <!-- Single Widget --><!-- Single Widget -->\n                        <div class=\"single-widget services-list\">\n                            <h4 class=\"widget-title\">Da\u015f\u0131nmaz \u0259mlak\u0131n audit edilm\u0259si<\/h4>\n                            <div class=\"content\">\n                                <ul><li class=\"current-item\"><a href=\"https:\/\/asra.az\/ru\/yasayis-komplekslerinin-idareedilmesi-asra\/\">YA\u015eAYI\u015e KOMPLEKSL\u018fR\u0130N\u0130N \u0130DAR\u018f ED\u0130LM\u018fS\u0130<\/a><\/li><li class=\"\"><a href=\"https:\/\/asra.az\/ru\/qeyri-yasayisin-idaredilmesi\/\">QEYR\u0130 YA\u015eAYI\u015eIN \u0130DAR\u018f ED\u0130LM\u018fS\u0130<\/a><\/li><li class=\"\"><a href=\"https:\/\/asra.az\/ru\/dasinmaz-emlakin-audit-edilmesi\/\">DA\u015eINMAZ \u018fMLAKIN AUD\u0130T ED\u0130LM\u018fS\u0130<\/a><\/li><\/ul>\n                            <\/div>\n                        <\/div>\n                        <!-- End Single Widget --><!-- End Single Widget -->\n                        <div class=\"single-widget quick-contact text-light\" style=\"background-image: url(https:\/\/asra.az\/wp-content\/uploads\/2021\/09\/1.jpg);\">\n                            <div class=\"content\">\n                                <i class=\"fas fa-phone\"><\/i>\n                                <h4>K\u00f6m\u0259k laz\u0131md\u0131r?<\/h4>\n                                <p>\n                                    \u0130st\u0259nil\u0259n vaxt m\u00fc\u015ft\u0259rimiz\u0259 k\u00f6m\u0259k etm\u0259k \u00fc\u00e7\u00fcn buraday\u0131q. Suallar\u0131n\u0131z\u0131 cavabland\u0131rmaq \u00fc\u00e7\u00fcn 24\/7 z\u0259ng ed\u0259 bil\u0259rsiniz.\n                                <\/p>\n                                <h2>+994 50 402 49 47<\/h2>\n                            <\/div>\n                        <\/div>\n                        <!-- Single Widget --><!-- Single Widget -->\n                        <div class=\"single-widget brochure\">\n                            <h4 class=\"widget-title\">Brochure<\/h4>\n                            <ul>\n                                <li><a href=\"#\"><i class=\"fas fa-file-pdf\"><\/i> Download Docs<\/a><\/li>\n                                <li><a href=\"#\"><i class=\"fas fa-file-word\"><\/i> Company details<\/a><\/li>\n                            <\/ul>\n                        <\/div>\n                        <!-- End Single Widget --> <\/div>\n                <\/div>\n            <\/div>\n        <\/div>\n    <\/div>\n    <!-- End Services Details Area --><\/div><\/div><\/div><\/div>\n<\/div>","protected":false},"excerpt":{"rendered":"Bina &amp; Ya\u015fay\u0131\u015f Kompleksinin idar\u0259edilm\u0259si ``ASRA MANAGEMENT`` MMC ya\u015fay\u0131\u015f kompleksl\u0259rinin idar\u0259edilm\u0259si \u00fczr\u0259 xidm\u0259t t\u0259klif edir. \u0130lkin olaraq binan\u0131n inzibati v\u0259 texniki yoxlan\u0131\u015f\u0131 apar\u0131l\u0131r, m\u00f6vcud probleml\u0259r a\u015fkar edilir v\u0259 binan\u0131n saxlanma x\u0259rci m\u00fc\u0259yy\u0259n edilir. Kommunal tarif m\u00fc\u0259yy\u0259n edildikd\u0259n sonra binan\u0131n idar\u0259edilm\u0259 mexanizmi ona uy\u011fun qurulur. Finance Restructuring These cases are perfectly simple and easy to distinguish. [...]","protected":false},"author":1,"featured_media":89,"parent":0,"menu_order":0,"comment_status":"closed","ping_status":"closed","template":"page-templates\/pages.php","meta":{"footnotes":""},"class_list":["post-874","page","type-page","status-publish","has-post-thumbnail","hentry"],"_links":{"self":[{"href":"https:\/\/asra.az\/ru\/wp-json\/wp\/v2\/pages\/874","targetHints":{"allow":["GET"]}}],"collection":[{"href":"https:\/\/asra.az\/ru\/wp-json\/wp\/v2\/pages"}],"about":[{"href":"https:\/\/asra.az\/ru\/wp-json\/wp\/v2\/types\/page"}],"author":[{"embeddable":true,"href":"https:\/\/asra.az\/ru\/wp-json\/wp\/v2\/users\/1"}],"replies":[{"embeddable":true,"href":"https:\/\/asra.az\/ru\/wp-json\/wp\/v2\/comments?post=874"}],"version-history":[{"count":7,"href":"https:\/\/asra.az\/ru\/wp-json\/wp\/v2\/pages\/874\/revisions"}],"predecessor-version":[{"id":1201,"href":"https:\/\/asra.az\/ru\/wp-json\/wp\/v2\/pages\/874\/revisions\/1201"}],"wp:featuredmedia":[{"embeddable":true,"href":"https:\/\/asra.az\/ru\/wp-json\/wp\/v2\/media\/89"}],"wp:attachment":[{"href":"https:\/\/asra.az\/ru\/wp-json\/wp\/v2\/media?parent=874"}],"curies":[{"name":"wp","href":"https:\/\/api.w.org\/{rel}","templated":true}]}}