{"id":868,"date":"2024-03-11T11:47:38","date_gmt":"2024-03-11T11:47:38","guid":{"rendered":"https:\/\/asra.az\/?page_id=868"},"modified":"2024-05-22T20:21:20","modified_gmt":"2024-05-22T20:21:20","slug":"ms-office-asra","status":"publish","type":"page","link":"https:\/\/asra.az\/ru\/ms-office-asra\/","title":{"rendered":"MS OFFICE"},"content":{"rendered":"<div class=\"wpb-content-wrapper\"><div class=\"vc_row wpb_row vc_row-fluid\"><div class=\"wpb_column vc_column_container vc_col-sm-12\"><div class=\"vc_column-inner\"><div class=\"wpb_wrapper\"><!-- Star Services Details Area\n    ============================================= -->\n    <div class=\"services-details-area default-padding\">\n        <div class=\"container\">\n            <div class=\"services-details-items\">\n                <div class=\"row\">\n                    <div class=\"col-lg-8 services-single-content\">\n                        <img decoding=\"async\" src=\"https:\/\/asra.az\/wp-content\/uploads\/2021\/11\/1.jpg\" alt=\"Thumb\">\n                        <h2>MS Office t\u0259limi<\/h2>\n                        <p>\n                            Microsoft Office \u2014 proqram t\u0259minat\u0131n\u0131n ofis paketi. O, Microsoft \u015firk\u0259ti t\u0259r\u0259find\u0259n Microsoft Windows v\u0259 Apple Mac OS X \u0259m\u0259liyyat sisteml\u0259ri \u00fc\u00e7\u00fcn yarad\u0131lm\u0131\u015fd\u0131r. Bu proqram paketin\u0259 m\u00fcxt\u0259lif s\u0259n\u0259dl\u0259rl\u0259 i\u015fl\u0259m\u0259k \u00fc\u00e7\u00fcn proqramlar daxildir: m\u0259tn prosessoru, elektron c\u0259dv\u0259l, veril\u0259nl\u0259r bazas\u0131 v\u0259 s. Microsoft Office OLE obyektl\u0259r \u00fc\u00e7\u00fcn serverdir. O, Visual Basic dilind\u0259 yaz\u0131lm\u0131\u015f makrolar\u0131 d\u0259st\u0259kl\u0259yir.\n                        <\/p>\n                        <div class=\"features\">\n                            <div class=\"row\">\n\t<div class=\"wpb_text_column wpb_content_element\" >\n\t\t<div class=\"wpb_wrapper\">\n\t\t\t<h2>Microsoft Office proqramlar\u0131<\/h2>\n\n\t\t<\/div>\n\t<\/div>\n\n\t<div class=\"wpb_text_column wpb_content_element\" >\n\t\t<div class=\"wpb_wrapper\">\n\t\t\t<ul>\n<li>Microsoft Office Word \u2014 m\u0259tn prosessoru. M\u00fcxt\u0259lif s\u0259n\u0259dl\u0259ri haz\u0131rlamaq v\u0259 redakt\u0259 etm\u0259k \u00fc\u00e7\u00fcn istifad\u0259 olunur.<\/li>\n<li>Microsoft Office Excel \u2014 c\u0259dv\u0259l prosessoru.<\/li>\n<li>Microsoft Office Outlook \u2014 \u015f\u0259xsi kommunikator. Proqrama daxildir: t\u0259qvim, tap\u015f\u0131r\u0131qlar plan\u0131, e-po\u00e7t v\u0259 \u00fcnvan kitab\u00e7as\u0131.<\/li>\n<li>Microsoft Office PowerPoint \u2014 t\u0259qdimatlar haz\u0131rlamaq \u00fc\u00e7\u00fcn istifad\u0259 olunur.<\/li>\n<li>Microsoft Office Access \u2014 veril\u0259nl\u0259r bazas\u0131 idar\u0259etm\u0259 sistemi. DB yaratmaq v\u0259 onu idar\u0259 etm\u0259k \u00fc\u00e7\u00fcn t\u0259tbiqi proqramd\u0131r.<\/li>\n<li>Microsoft Office InfoPath \u2014 m\u0259lumat toplamaq \u00fc\u00e7\u00fcn istifad\u0259 olunan proqram.<\/li>\n<li>Microsoft Office Communicator \u2014 insanlar aras\u0131nda m\u0259lumat m\u00fcbadil\u0259sini t\u0259min edir.<\/li>\n<li>Microsoft Office Publisher \u2014 n\u0259\u015fr etm\u0259k \u00fc\u00e7\u00fcn istifad\u0259 olunur.<\/li>\n<\/ul>\n\n\t\t<\/div>\n\t<\/div>\n <\/div>\n                    <div class=\"col-lg-4 services-sidebar\">\n                        <!-- Single Widget --><!-- Single Widget -->\n                        <div class=\"single-widget services-list\">\n                            <h4 class=\"widget-title\">T\u0259liml\u0259r<\/h4>\n                            <div class=\"content\">\n                                <ul><li class=\"current-item\"><a href=\"https:\/\/asra.az\/ru\/ms-office-asra\/\">MS OFFICE<\/a><\/li><li class=\"\"><a href=\"https:\/\/asra.az\/ru\/emek-qanunvericiliyi-kadr-hazirligi-asra\/\">\u018fM\u018fK QANUNVER\u0130C\u0130L\u0130Y\u0130 V\u018f KADR KARG\u00dcZARLI\u011eI T\u018fL\u0130M\u0130<\/a><\/li><li class=\"\"><a href=\"https:\/\/asra.az\/ru\/emek-haqqi-hesablanmasi-telimi\/\">\u018fM\u018fK HAQQI HESABLANMASI T\u018fL\u0130M\u0130<\/a><\/li><\/ul>\n                            <\/div>\n                        <\/div>\n                        <!-- End Single Widget --><!-- End Single Widget -->\n                        <div class=\"single-widget quick-contact text-light\" style=\"background-image: url(https:\/\/asra.az\/wp-content\/uploads\/2021\/09\/1.jpg);\">\n                            <div class=\"content\">\n                                <i class=\"fas fa-phone\"><\/i>\n                                <h4>K\u00f6m\u0259k laz\u0131md\u0131r?<\/h4>\n                                <p>\n                                    \u0130st\u0259nil\u0259n vaxt m\u00fc\u015ft\u0259rimiz\u0259 k\u00f6m\u0259k etm\u0259k \u00fc\u00e7\u00fcn buraday\u0131q. Suallar\u0131n\u0131z\u0131 cavabland\u0131rmaq \u00fc\u00e7\u00fcn 24\/7 z\u0259ng ed\u0259 bil\u0259rsiniz.\n                                <\/p>\n                                <h2>+994 50 402 49 47<\/h2>\n                            <\/div>\n                        <\/div>\n                        <!-- Single Widget --><!-- Single Widget -->\n                        <div class=\"single-widget brochure\">\n                            <h4 class=\"widget-title\">Brochure<\/h4>\n                            <ul>\n                                <li><a href=\"#\"><i class=\"fas fa-file-pdf\"><\/i> Download Docs<\/a><\/li>\n                                <li><a href=\"#\"><i class=\"fas fa-file-word\"><\/i> Company details<\/a><\/li>\n                            <\/ul>\n                        <\/div>\n                        <!-- End Single Widget --> <\/div>\n                <\/div>\n            <\/div>\n        <\/div>\n    <\/div>\n    <!-- End Services Details Area --><\/div><\/div><\/div><\/div>\n<\/div>","protected":false},"excerpt":{"rendered":"MS Office t\u0259limi Microsoft Office \u2014 proqram t\u0259minat\u0131n\u0131n ofis paketi. O, Microsoft \u015firk\u0259ti t\u0259r\u0259find\u0259n Microsoft Windows v\u0259 Apple Mac OS X \u0259m\u0259liyyat sisteml\u0259ri \u00fc\u00e7\u00fcn yarad\u0131lm\u0131\u015fd\u0131r. Bu proqram paketin\u0259 m\u00fcxt\u0259lif s\u0259n\u0259dl\u0259rl\u0259 i\u015fl\u0259m\u0259k \u00fc\u00e7\u00fcn proqramlar daxildir: m\u0259tn prosessoru, elektron c\u0259dv\u0259l, veril\u0259nl\u0259r bazas\u0131 v\u0259 s. Microsoft Office OLE obyektl\u0259r \u00fc\u00e7\u00fcn serverdir. O, Visual Basic dilind\u0259 yaz\u0131lm\u0131\u015f makrolar\u0131 d\u0259st\u0259kl\u0259yir. [...]","protected":false},"author":1,"featured_media":89,"parent":0,"menu_order":0,"comment_status":"closed","ping_status":"closed","template":"page-templates\/pages.php","meta":{"footnotes":""},"class_list":["post-868","page","type-page","status-publish","has-post-thumbnail","hentry"],"_links":{"self":[{"href":"https:\/\/asra.az\/ru\/wp-json\/wp\/v2\/pages\/868","targetHints":{"allow":["GET"]}}],"collection":[{"href":"https:\/\/asra.az\/ru\/wp-json\/wp\/v2\/pages"}],"about":[{"href":"https:\/\/asra.az\/ru\/wp-json\/wp\/v2\/types\/page"}],"author":[{"embeddable":true,"href":"https:\/\/asra.az\/ru\/wp-json\/wp\/v2\/users\/1"}],"replies":[{"embeddable":true,"href":"https:\/\/asra.az\/ru\/wp-json\/wp\/v2\/comments?post=868"}],"version-history":[{"count":7,"href":"https:\/\/asra.az\/ru\/wp-json\/wp\/v2\/pages\/868\/revisions"}],"predecessor-version":[{"id":1225,"href":"https:\/\/asra.az\/ru\/wp-json\/wp\/v2\/pages\/868\/revisions\/1225"}],"wp:featuredmedia":[{"embeddable":true,"href":"https:\/\/asra.az\/ru\/wp-json\/wp\/v2\/media\/89"}],"wp:attachment":[{"href":"https:\/\/asra.az\/ru\/wp-json\/wp\/v2\/media?parent=868"}],"curies":[{"name":"wp","href":"https:\/\/api.w.org\/{rel}","templated":true}]}}