{"id":862,"date":"2024-03-11T11:46:42","date_gmt":"2024-03-11T11:46:42","guid":{"rendered":"https:\/\/asra.az\/?page_id=862"},"modified":"2024-05-10T21:44:31","modified_gmt":"2024-05-10T21:44:31","slug":"emek-qanunvericiliyi-kadr-hazirligi-asra","status":"publish","type":"page","link":"https:\/\/asra.az\/ru\/emek-qanunvericiliyi-kadr-hazirligi-asra\/","title":{"rendered":"\u018fM\u018fK QANUNVER\u0130C\u0130L\u0130Y\u0130 V\u018f KADR KARG\u00dcZARLI\u011eI T\u018fL\u0130M\u0130"},"content":{"rendered":"<div class=\"wpb-content-wrapper\"><div class=\"vc_row wpb_row vc_row-fluid\"><div class=\"wpb_column vc_column_container vc_col-sm-12\"><div class=\"vc_column-inner\"><div class=\"wpb_wrapper\"><!-- Star Services Details Area\n    ============================================= -->\n    <div class=\"services-details-area default-padding\">\n        <div class=\"container\">\n            <div class=\"services-details-items\">\n                <div class=\"row\">\n                    <div class=\"col-lg-8 services-single-content\">\n                        <img decoding=\"async\" src=\"https:\/\/asra.az\/wp-content\/uploads\/2021\/11\/1.jpg\" alt=\"Thumb\">\n                        <h2>\u018fm\u0259k Qanunvericiliyi v\u0259 Kadr Karg\u00fczarl\u0131\u011f\u0131 t\u0259limi<\/h2>\n                        <p>\n                            \u018fm\u0259k qanunvericiliyi v\u0259 kadr karg\u00fczarl\u0131\u011f\u0131 t\u0259limin\u0259 qo\u015fulmaqla \u0259m\u0259k m\u0259c\u0259ll\u0259si, karg\u00fczarl\u0131q, m\u00fcqavil\u0259l\u0259rin elektron informasiya sisteml\u0259rind\u0259 qeydiyyat\u0131 qaydalar\u0131n\u0131 \u00f6r\u0259n\u0259c\u0259k, \u00e7al\u0131\u015fd\u0131\u011f\u0131n\u0131z qurumu c\u0259rim\u0259l\u0259rd\u0259n, \u00f6z\u00fcn\u00fcz\u00fc is\u0259 ixstisardan qoruyacaqs\u0131n\u0131z. \u018fm\u0259k qanunvericiliyini daha d\u0259rind\u0259n \u00f6yr\u0259nm\u0259k v\u0259 karyeran\u0131zda daha \u00f6nd\u0259 olmaq \u00fc\u00e7\u00fcn bizim t\u0259liml\u0259rimiz\u0259 qo\u015fula bil\u0259rsiniz.<\/p>\n<p>T\u0259limin m\u0259qs\u0259di \u0259m\u0259k qanunvericiliyi \u00e7\u0259r\u00e7iv\u0259sind\u0259 insan resurslar\u0131 \u0259m\u0259liyyatlar\u0131n\u0131n apar\u0131lmas\u0131, i\u015f\u00e7i v\u0259 i\u015f\u0259g\u00f6t\u00fcr\u0259n aras\u0131nda \u0259m\u0259k m\u00fcnasib\u0259tl\u0259rinin t\u0259nziml\u0259nm\u0259sin\u0259 dair i\u015ftirak\u00e7\u0131lara yard\u0131m\u00e7\u0131 olmaqd\u0131r. T\u0259lim gedi\u015fat\u0131 \u0259rzind\u0259 i\u015ftirak\u00e7\u0131lara \u0259m\u0259k qanunvericiliyinin \u0259hat\u0259 ertdiyi \u0259m\u0259k m\u00fcnasib\u0259tl\u0259ri; \u0259m\u0259k m\u00fcqavil\u0259si: \u015f\u0259rtl\u0259r, ilkin s\u0259n\u0259dl\u0259r,s\u0131naq m\u00fcdd\u0259ti v\u0259 \u0259v\u0259z\u00e7ilik qaydalar\u0131 haqq\u0131nda bilikl\u0259r; kadr karg\u00fczarl\u0131\u011f\u0131 v\u0259 v\u0259t\u0259nda\u015flar\u0131n m\u00fcraci\u0259tl\u0259rin\u0259 dair t\u0259l\u0259bl\u0259r haqq\u0131nda; elektron informasiya sistemind\u0259 r\u0259smil\u0259\u015fdirm\u0259 i\u015fl\u0259ri bar\u0259d\u0259 m\u0259lumatlar; karantin rejimind\u0259 \u0259m\u0259k m\u00fcnasib\u0259tl\u0259rinin t\u0259nziml\u0259nm\u0259si bar\u0259d\u0259 m\u0259lumatlar; h\u0259rbi v\u0259ziyy\u0259tl\u0259 v\u0259 ya m\u00fcharib\u0259y\u0259 c\u0259lb olunan i\u015f\u00e7il\u0259rin \u0259m\u0259k haqlar\u0131n\u0131n t\u0259nziml\u0259nm\u0259si qaydalar\u0131; \u0259m\u0259k m\u00fcqavil\u0259sin\u0259 xitam verilm\u0259sinin \u0259sas v\u0259 qaydalar\u0131, i\u015fd\u0259n \u00e7\u0131xma m\u00fcavin\u0259tl\u0259ri, x\u0259b\u0259rdarl\u0131q m\u00fcdd\u0259ti; normativ h\u00fcquqi s\u0259n\u0259dl\u0259r , onlara \u0259saslanm\u0131\u015f f\u0259aliyy\u0259tl\u0259r v\u0259 s. haqq\u0131nda \u0259trafl\u0131 m\u0259lumatlar veril\u0259c\u0259k.\n                        <\/p>\n                        <div class=\"features\">\n                            <div class=\"row\"> <\/div>\n                        <\/div>\n\t<div class=\"wpb_text_column wpb_content_element\" >\n\t\t<div class=\"wpb_wrapper\">\n\t\t\t<p><strong>\u018fm\u0259k qanunvericiliyi v\u0259 kadr karg\u00fczarl\u0131\u011f\u0131 \u00fczr\u0259 t\u0259limin proqram\u0131 a\u015fa\u011f\u0131dak\u0131d\u0131r:<\/strong><\/p>\n\n\t\t<\/div>\n\t<\/div>\n\n\t<div class=\"wpb_text_column wpb_content_element\" >\n\t\t<div class=\"wpb_wrapper\">\n\t\t\t<p><strong>\u018fm\u0259k qanunvericiliyi \u00fczr\u0259:<\/strong><\/p>\n<p>&#8211;\u00a0\u00a0\u00a0\u00a0\u018fm\u0259k M\u0259c\u0259ll\u0259sinin \u0259sas m\u00fcdd\u0259alar\u0131;<\/p>\n<p>&#8211;\u00a0\u00a0\u00a0\u00a0\u018fm\u0259k m\u00fcqavil\u0259si, \u0259m\u0259k m\u00fcqavil\u0259sinin ba\u011flanmas\u0131 qaydalar\u0131;<\/p>\n<p>&#8211;\u00a0\u00a0\u00a0\u00a0\u018fm\u0259k m\u00fcqavil\u0259sinin m\u00fcdd\u0259ti;<\/p>\n<p>&#8211;\u00a0\u00a0\u00a0\u00a0\u018fm\u0259k m\u00fcqavil\u0259sinin h\u00fcquqi q\u00fcvv\u0259y\u0259 minm\u0259si v\u0259 q\u00fcvv\u0259d\u0259n d\u00fc\u015fm\u0259si;<\/p>\n<p>&#8211;\u00a0\u00a0\u00a0\u00a0S\u0131naq m\u00fcdd\u0259tinin m\u00fc\u0259yy\u0259n olunmas\u0131;<\/p>\n<p>&#8211;\u00a0\u00a0\u00a0\u00a0\u018fm\u0259k \u015f\u0259raitinin \u015f\u0259rtl\u0259ri, \u0259m\u0259k \u015f\u0259ratinin \u0259lav\u0259 \u015f\u0259rtl\u0259ri, \u0259m\u0259k \u015f\u0259raitinin \u015f\u0259rtl\u0259rinin d\u0259yi\u015fdirilm\u0259si<\/p>\n<p>&#8211;\u00a0\u00a0\u00a0\u00a0Ba\u015fqa i\u015f\u0259 ke\u00e7irm\u0259, ba\u015fqa i\u015f\u00e7inin \u0259m\u0259k funksiyalar\u0131n\u0131n icras\u0131;<\/p>\n<p>&#8211;\u00a0\u00a0\u00a0\u00a0\u0130\u015f\u00e7il\u0259rin v\u0259 i\u015f yerl\u0259rinin attestasiyas\u0131;<\/p>\n<p>&#8211;\u00a0\u00a0\u00a0\u00a0\u018fm\u0259k m\u00fcqavil\u0259sin\u0259 xitam verilm\u0259sinin \u0259saslar\u0131 v\u0259 qaydalar\u0131, xitam veril\u0259rk\u0259n i\u015f\u00e7il\u0259rin t\u0259minatlar\u0131;<\/p>\n<p>&#8211;\u00a0\u00a0\u00a0\u00a0\u0130\u015f vaxt\u0131n\u0131n n\u00f6vl\u0259ri v\u0259 t\u0259nziml\u0259nm\u0259si qaydas\u0131;<\/p>\n<p>&#8211;\u00a0\u00a0\u00a0\u00a0\u0130\u015f vaxt\u0131n\u0131n rejimi;<\/p>\n<p>&#8211;\u00a0\u00a0\u00a0\u00a0\u0130stirah\u0259t vaxt\u0131 v\u0259 i\u015f\u00e7il\u0259rin m\u0259zuniyy\u0259t h\u00fcquqlar\u0131;<\/p>\n<p>&#8211;\u00a0\u00a0\u00a0\u00a0\u018fm\u0259k normalar\u0131, \u0259m\u0259yin \u00f6d\u0259nilm\u0259si normalar\u0131, qaydalar\u0131 v\u0259 t\u0259minatlar\u0131;<\/p>\n<p>&#8211;\u00a0\u00a0\u00a0\u00a0\u018fm\u0259k haqq\u0131;<\/p>\n<p>&#8211;\u00a0\u00a0\u00a0\u00a0\u018fm\u0259k haqq\u0131n\u0131n \u00f6d\u0259nilm\u0259sinin formalar\u0131, qaydalar\u0131 v\u0259 \u0259m\u0259k haqq\u0131ndan tutulmalar;<\/p>\n<p>&#8211;\u00a0\u00a0\u00a0\u00a0Orta \u0259m\u0259k haqq\u0131 v\u0259 onun hesablanmas\u0131 qaydas\u0131;<\/p>\n<p>&#8211;\u00a0\u00a0\u00a0\u00a0\u018fm\u0259k v\u0259 icra intizam\u0131;<\/p>\n<p>&#8211;\u00a0\u00a0\u00a0\u00a0M\u00fc\u0259ssis\u0259daxili intizam qaydalar\u0131;<\/p>\n<p>&#8211;\u00a0\u00a0\u00a0\u00a0\u018fm\u0259k v\u0259 icra intizam\u0131n\u0131n pozulmas\u0131na g\u00f6r\u0259 v\u0259 onun t\u0259tbiqi qaydalar\u0131<\/p>\n<p>&#8211;\u00a0\u00a0\u00a0\u00a0\u0130ntizam t\u0259nbehinin verilm\u0259si qaydalar\u0131, \u015f\u0259rtl\u0259ri, intizam t\u0259nhebinin m\u00fcdd\u0259ti v\u0259 vaxt\u0131ndan \u0259vv\u0259l g\u00f6t\u00fcr\u00fclm\u0259si;<\/p>\n<p>&#8211;\u00a0\u00a0\u00a0\u00a0\u0130\u015f\u0259g\u00f6t\u00fcr\u0259nin v\u0259 i\u015f\u00e7il\u0259rin qar\u015f\u0131l\u0131ql\u0131 maddi m\u0259suliyy\u0259ti;<\/p>\n<p>&#8211;\u00a0\u00a0\u00a0\u00a0\u0130\u015f\u00e7inin tam maddi m\u0259suliyy\u0259ti,<\/p>\n<p>&#8211;\u00a0\u00a0\u00a0\u00a0Tam maddi m\u0259suliyy\u0259t m\u00fcqavil\u0259sinin ba\u011flanmas\u0131;<\/p>\n<p><strong>Kadr karg\u00fczarl\u0131\u011f\u0131 \u00fczr\u0259:<\/strong><\/p>\n<p>&#8211;\u00a0\u00a0\u00a0\u00a0\u018fm\u0259k m\u00fcqavil\u0259l\u0259rinin ba\u011flanmas\u0131, d\u0259yi\u015fdirilm\u0259si v\u0259 xitam verilm\u0259sinin s\u0259n\u0259dl\u0259\u015fdirilm\u0259si qaydalar\u0131;<\/p>\n<p>&#8211;\u00a0\u00a0\u00a0\u00a0B\u00fct\u00fcn n\u00f6v m\u0259zuniyy\u0259t \u0259mrl\u0259rinin t\u0259rtib edilm\u0259si qaydalar\u0131;<\/p>\n<p>&#8211;\u00a0\u00a0\u00a0\u00a0Bildiri\u015fl\u0259rin, aktlar\u0131n, s\u0259r\u0259ncam v\u0259 q\u0259rarlar\u0131n t\u0259rtib edilm\u0259si qaydalar\u0131;<\/p>\n<p>&#8211;\u00a0\u00a0\u00a0\u00a0B\u00fct\u00fcn n\u00f6v xitam \u0259mrl\u0259rinin t\u0259rtib edilm\u0259si qaydalar\u0131;<\/p>\n<p>&#8211;\u00a0\u00a0\u00a0\u00a0Xidm\u0259ti m\u0259lumatlar\u0131n haz\u0131rlanmas\u0131 qaydalar\u0131;<\/p>\n<p>&#8211;\u00a0\u00a0\u00a0\u00a0Ezamiyy\u0259 s\u0259n\u0259dl\u0259rinin haz\u0131rlanmas\u0131;<\/p>\n<p>&#8211;\u00a0\u00a0\u00a0\u00a0Daxili nizam intizam qaydalar\u0131n\u0131n haz\u0131rlanmas\u0131;<\/p>\n<p>&#8211;\u00a0\u00a0\u00a0\u00a0V\u0259zif\u0259 t\u0259limatlar\u0131n\u0131n haz\u0131rlanmas\u0131;<\/p>\n\n\t\t<\/div>\n\t<\/div>\n <\/div>\n                    <div class=\"col-lg-4 services-sidebar\">\n                        <!-- Single Widget --><!-- Single Widget -->\n                        <div class=\"single-widget services-list\">\n                            <h4 class=\"widget-title\">T\u0259liml\u0259r<\/h4>\n                            <div class=\"content\">\n                                <ul><li class=\"current-item\"><a href=\"https:\/\/asra.az\/ru\/emek-qanunvericiliyi-kadr-hazirligi-asra\/\">\u018fM\u018fK QANUNVER\u0130C\u0130L\u0130Y\u0130 V\u018f KADR KARG\u00dcZARLI\u011eI T\u018fL\u0130M\u0130<\/a><\/li><li class=\"\"><a href=\"https:\/\/asra.az\/ru\/emek-haqqi-hesablanmasi-telimi\/\">\u018fM\u018fK HAQQI HESABLANMASI T\u018fL\u0130M\u0130<\/a><\/li><li class=\"\"><a href=\"https:\/\/asra.az\/ru\/ms-office-asra\/\">MS OFFICE<\/a><\/li><\/ul>\n                            <\/div>\n                        <\/div>\n                        <!-- End Single Widget --><!-- End Single Widget -->\n                        <div class=\"single-widget quick-contact text-light\" style=\"background-image: url(https:\/\/asra.az\/wp-content\/uploads\/2021\/09\/1.jpg);\">\n                            <div class=\"content\">\n                                <i class=\"fas fa-phone\"><\/i>\n                                <h4>K\u00f6m\u0259k laz\u0131md\u0131r?<\/h4>\n                                <p>\n                                    \u0130st\u0259nil\u0259n vaxt m\u00fc\u015ft\u0259rimiz\u0259 k\u00f6m\u0259k etm\u0259k \u00fc\u00e7\u00fcn buraday\u0131q. Suallar\u0131n\u0131z\u0131 cavabland\u0131rmaq \u00fc\u00e7\u00fcn 24\/7 z\u0259ng ed\u0259 bil\u0259rsiniz.\n                                <\/p>\n                                <h2>+994 50 402 49 47<\/h2>\n                            <\/div>\n                        <\/div>\n                        <!-- Single Widget --><!-- Single Widget -->\n                        <div class=\"single-widget brochure\">\n                            <h4 class=\"widget-title\">Brochure<\/h4>\n                            <ul>\n                                <li><a href=\"#\"><i class=\"fas fa-file-pdf\"><\/i> Download Docs<\/a><\/li>\n                                <li><a href=\"#\"><i class=\"fas fa-file-word\"><\/i> Company details<\/a><\/li>\n                            <\/ul>\n                        <\/div>\n                        <!-- End Single Widget --> <\/div>\n                <\/div>\n            <\/div>\n        <\/div>\n    <\/div>\n    <!-- End Services Details Area --><\/div><\/div><\/div><\/div>\n<\/div>","protected":false},"excerpt":{"rendered":"\u018fm\u0259k Qanunvericiliyi v\u0259 Kadr Karg\u00fczarl\u0131\u011f\u0131 t\u0259limi \u018fm\u0259k qanunvericiliyi v\u0259 kadr karg\u00fczarl\u0131\u011f\u0131 t\u0259limin\u0259 qo\u015fulmaqla \u0259m\u0259k m\u0259c\u0259ll\u0259si, karg\u00fczarl\u0131q, m\u00fcqavil\u0259l\u0259rin elektron informasiya sisteml\u0259rind\u0259 qeydiyyat\u0131 qaydalar\u0131n\u0131 \u00f6r\u0259n\u0259c\u0259k, \u00e7al\u0131\u015fd\u0131\u011f\u0131n\u0131z qurumu c\u0259rim\u0259l\u0259rd\u0259n, \u00f6z\u00fcn\u00fcz\u00fc is\u0259 ixstisardan qoruyacaqs\u0131n\u0131z. \u018fm\u0259k qanunvericiliyini daha d\u0259rind\u0259n \u00f6yr\u0259nm\u0259k v\u0259 karyeran\u0131zda daha \u00f6nd\u0259 olmaq \u00fc\u00e7\u00fcn bizim t\u0259liml\u0259rimiz\u0259 qo\u015fula bil\u0259rsiniz. T\u0259limin m\u0259qs\u0259di \u0259m\u0259k qanunvericiliyi \u00e7\u0259r\u00e7iv\u0259sind\u0259 insan resurslar\u0131 \u0259m\u0259liyyatlar\u0131n\u0131n apar\u0131lmas\u0131, i\u015f\u00e7i [...]","protected":false},"author":1,"featured_media":89,"parent":0,"menu_order":0,"comment_status":"closed","ping_status":"closed","template":"page-templates\/pages.php","meta":{"footnotes":""},"class_list":["post-862","page","type-page","status-publish","has-post-thumbnail","hentry"],"_links":{"self":[{"href":"https:\/\/asra.az\/ru\/wp-json\/wp\/v2\/pages\/862","targetHints":{"allow":["GET"]}}],"collection":[{"href":"https:\/\/asra.az\/ru\/wp-json\/wp\/v2\/pages"}],"about":[{"href":"https:\/\/asra.az\/ru\/wp-json\/wp\/v2\/types\/page"}],"author":[{"embeddable":true,"href":"https:\/\/asra.az\/ru\/wp-json\/wp\/v2\/users\/1"}],"replies":[{"embeddable":true,"href":"https:\/\/asra.az\/ru\/wp-json\/wp\/v2\/comments?post=862"}],"version-history":[{"count":12,"href":"https:\/\/asra.az\/ru\/wp-json\/wp\/v2\/pages\/862\/revisions"}],"predecessor-version":[{"id":1208,"href":"https:\/\/asra.az\/ru\/wp-json\/wp\/v2\/pages\/862\/revisions\/1208"}],"wp:featuredmedia":[{"embeddable":true,"href":"https:\/\/asra.az\/ru\/wp-json\/wp\/v2\/media\/89"}],"wp:attachment":[{"href":"https:\/\/asra.az\/ru\/wp-json\/wp\/v2\/media?parent=862"}],"curies":[{"name":"wp","href":"https:\/\/api.w.org\/{rel}","templated":true}]}}