{"id":841,"date":"2024-03-11T11:41:09","date_gmt":"2024-03-11T11:41:09","guid":{"rendered":"https:\/\/asra.az\/?page_id=841"},"modified":"2024-05-09T20:01:33","modified_gmt":"2024-05-09T20:01:33","slug":"maliyye-auditi-xidmeti","status":"publish","type":"page","link":"https:\/\/asra.az\/ru\/maliyye-auditi-xidmeti\/","title":{"rendered":"MAL\u0130YY\u018f AUD\u0130T\u0130 X\u0130DM\u018fT\u0130"},"content":{"rendered":"<div class=\"wpb-content-wrapper\"><div class=\"vc_row wpb_row vc_row-fluid\"><div class=\"wpb_column vc_column_container vc_col-sm-12\"><div class=\"vc_column-inner\"><div class=\"wpb_wrapper\"><!-- Star Services Details Area\n    ============================================= -->\n    <div class=\"services-details-area default-padding\">\n        <div class=\"container\">\n            <div class=\"services-details-items\">\n                <div class=\"row\">\n                    <div class=\"col-lg-8 services-single-content\">\n                        <img decoding=\"async\" src=\"https:\/\/asra.az\/wp-content\/uploads\/2021\/11\/1.jpg\" alt=\"Thumb\">\n                        <h2>MAL\u0130YY\u018f AUD\u0130T\u0130 X\u0130DM\u018fT\u0130<\/h2>\n                        <p>\n                            Maliyy\u0259 hesabatlar\u0131n\u0131z\u0131n auditi \u015firk\u0259tinizin diqq\u0259t m\u0259rk\u0259zind\u0259 oldu\u011funu hiss etdirs\u0259 d\u0259, bu proses maraql\u0131 t\u0259r\u0259fl\u0259ri (investorlar\u0131, inzibati orqanlar\u0131 v\u0259 s.) r\u0259hb\u0259rliyin biznesin maliyy\u0259 v\u0259ziyy\u0259ti il\u0259 ba\u011fl\u0131 \u201cd\u00fczg\u00fcn v\u0259 \u0259dal\u0259tli\u201d bax\u0131\u015f\u0131n\u0131 t\u0259min etdiyin\u0259 \u0259min etm\u0259k m\u0259qs\u0259di da\u015f\u0131y\u0131r. Bu, \u015firk\u0259tin maliyy\u0259 prosesl\u0259rinin f\u0131r\u0131ldaq\u00e7\u0131l\u0131q riskini minimuma endirm\u0259k \u00fc\u00e7\u00fcn y\u00fcks\u0259k s\u0259viyy\u0259d\u0259 oldu\u011funu v\u0259 m\u00fchasibat s\u0259n\u0259dl\u0259rinizin h\u0259r hans\u0131 maliyy\u0259 g\u00f6st\u0259ricil\u0259rini \u00f6rt-basd\u0131r etm\u0259diyini t\u0259sdiql\u0259yir. Bununla bel\u0259, onu da qeyd etm\u0259k vacibdir ki, maliyy\u0259 hesabatlar\u0131n\u0131n auditi t\u0259kmill\u0259\u015fdiril\u0259 bil\u0259n n\u0259zar\u0259t vasit\u0259l\u0259ri v\u0259 ya prosesl\u0259ri m\u00fc\u0259yy\u0259n etm\u0259kl\u0259 biznes\u0259 d\u0259y\u0259r qata bil\u0259r v\u0259 bununla da biznesinizin keyfiyy\u0259tini y\u00fcks\u0259ld\u0259 bil\u0259r..\n                        <\/p>\n                        <div class=\"features\">\n                            <div class=\"row\"> <\/div>\n                        <\/div>\n\t<div class=\"wpb_text_column wpb_content_element\" >\n\t\t<div class=\"wpb_wrapper\">\n\t\t\t<p>Maliyy\u0259 hesabatlar\u0131n\u0131n auditinin bir ne\u00e7\u0259 \u0259sas m\u0259qs\u0259di var:<\/p>\n<ul>\n<li>Maliyy\u0259 hesabatlar\u0131n\u0131n \u0259h\u0259miyy\u0259tli d\u0259r\u0259c\u0259d\u0259 d\u00fczg\u00fcn v\u0259 tam olub-olmad\u0131\u011f\u0131n\u0131 v\u0259 m\u00fcvafiq \u00e7\u0259r\u00e7iv\u0259y\u0259 uy\u011fun t\u0259qdim edilib-edilm\u0259diyini qiym\u0259tl\u0259ndirm\u0259k<\/li>\n<li>\u015eirk\u0259td\u0259 saxtakarl\u0131\u011f\u0131 a\u015fkar etm\u0259k<\/li>\n<li>M\u00fc\u0259ssis\u0259nin r\u0259qab\u0259t\u0259davaml\u0131 m\u00fc\u0259ssis\u0259 olaraq qal\u0131b-qalmayaca\u011f\u0131n\u0131, y\u0259ni f\u0259aliyy\u0259tini davam etdirib-etdirm\u0259y\u0259c\u0259yini qiym\u0259tl\u0259ndirm\u0259k<\/li>\n<\/ul>\n<p>Maliyy\u0259 hesabatlar\u0131n\u0131n auditi d\u00f6vl\u0259t v\u0259 \u00f6z\u0259l \u015firk\u0259tl\u0259rd\u0259 f\u0259rql\u0259n\u0259 bil\u0259r. M\u00fc\u0259ssis\u0259nin miqyas\u0131ndan as\u0131l\u0131 olmayaraq, b\u00fct\u00fcn \u015firk\u0259tl\u0259r maliyy\u0259 hesabatlar\u0131 haz\u0131rlay\u0131r. Buna baxmayaraq, daha b\u00f6y\u00fck d\u00f6vl\u0259t m\u00fc\u0259ssis\u0259l\u0259rinin auditi daha \u00e7\u0259tin olur v\u0259 daha \u00e7ox istifad\u0259\u00e7i t\u0259r\u0259find\u0259n istifad\u0259 olunur. Bundan ba\u015fqa, maliyy\u0259 hesabatlar\u0131n\u0131 haz\u0131rlayark\u0259n d\u00f6vl\u0259t \u015firk\u0259tl\u0259rinin riay\u0259t etm\u0259li oldu\u011fu \u0259lav\u0259 h\u00fcquqi t\u0259l\u0259bl\u0259r ola bil\u0259r.<\/p>\n\n\t\t<\/div>\n\t<\/div>\n\n\t<div class=\"wpb_text_column wpb_content_element\" >\n\t\t<div class=\"wpb_wrapper\">\n\t\t\t<h4>Maliyy\u0259 hesabatlar\u0131n\u0131n auditi 4 vacib m\u0259rh\u0259l\u0259d\u0259n ibar\u0259tdir:<\/h4>\n\n\t\t<\/div>\n\t<\/div>\n\n\t<div class=\"wpb_text_column wpb_content_element\" >\n\t\t<div class=\"wpb_wrapper\">\n\t\t\t<ul>\n<li><strong>Raz\u0131la\u015fma-<\/strong>\u0130\u015fi yerin\u0259 yetirm\u0259zd\u0259n \u0259vv\u0259l auditorlar \u0259sas \u015f\u0259rtl\u0259ri v\u0259 m\u00fcdd\u0259alar\u0131 \u00f6z m\u00fc\u015ft\u0259ril\u0259ri il\u0259 m\u00fczakir\u0259 etm\u0259lidirl\u0259r. Auditorlar h\u0259m\u00e7inin, m\u00fc\u0259ssis\u0259nin auditin \u00f6hd\u0259sind\u0259n g\u0259lib-g\u0259lm\u0259y\u0259c\u0259yini g\u00f6rm\u0259k \u00fc\u00e7\u00fcn bu m\u0259rh\u0259l\u0259d\u0259 t\u0259hlil\u00f6nc\u0259si yoxlama aparmal\u0131 v\u0259 m\u00fc\u015ft\u0259rini laz\u0131mi \u015f\u0259kild\u0259 ara\u015fd\u0131rmal\u0131d\u0131r.<\/li>\n<li><strong>Planla\u015fd\u0131rma-<\/strong>Audit prosesinin planla\u015fd\u0131r\u0131lmas\u0131 vacibdir. Bu m\u0259rh\u0259l\u0259d\u0259 auditor t\u0259tbiq edil\u0259c\u0259k audit yana\u015fmas\u0131n\u0131 se\u00e7\u0259 bil\u0259r, resurslar ay\u0131ra bil\u0259r v\u0259 m\u00fc\u015ft\u0259ri m\u00fchitini, m\u00fc\u015ft\u0259rinin daxili n\u0259zar\u0259t sistemini ba\u015fa d\u00fc\u015f\u0259 bil\u0259r.<\/li>\n<li><strong>\u0130cra-<\/strong>\u0130cra m\u0259rh\u0259l\u0259sind\u0259 \u015firk\u0259tin auditi h\u0259yata ke\u00e7irilir. Audit prosesinin ba\u015flamas\u0131ndan \u0259vv\u0259l audit il\u0259 ba\u011fl\u0131 b\u00fct\u00fcn m\u00fcvafiq m\u0259lumatlar auditora t\u0259qdim edilir. Auditorlar m\u00fc\u015ft\u0259rinin anbar\u0131nda saxlan\u0131lan inventarlar\u0131 yoxlaya v\u0259 inventarlar\u0131n illik say\u0131m prosesind\u0259 i\u015ftirak ed\u0259 bil\u0259rl\u0259r.<\/li>\n<li><strong>Hesabatverm\u0259-<\/strong>Hesabatverm\u0259 audit prosesinin sonuncu m\u0259rh\u0259l\u0259sidir. Bu m\u0259rh\u0259l\u0259d\u0259, auditorlar \u00f6zl\u0259rinin audit m\u00fc\u015fahid\u0259l\u0259rini v\u0259 audit n\u0259tic\u0259l\u0259rini \u0259ks etdir\u0259n hesabat haz\u0131rlay\u0131rlar.<\/li>\n<\/ul>\n\n\t\t<\/div>\n\t<\/div>\n <\/div>\n                    <div class=\"col-lg-4 services-sidebar\">\n                        <!-- Single Widget --><!-- Single Widget -->\n                        <div class=\"single-widget services-list\">\n                            <h4 class=\"widget-title\">Xidm\u0259tl\u0259r<\/h4>\n                            <div class=\"content\">\n                                <ul><li class=\"current-item\"><a href=\"https:\/\/asra.az\/ru\/maliyye-auditi-xidmeti\/\">MAL\u0130YY\u018f AUD\u0130T\u0130 X\u0130DM\u018fT\u0130<\/a><\/li><li class=\"\"><a href=\"https:\/\/asra.az\/ru\/ir-konsaltinq-asra\/\">\u0130NSAN RESURSLARININ \u0130DAR\u018f ED\u0130LM\u018fS\u0130 \u00dcZR\u018f KONSALT\u0130NQ X\u0130DM\u018fT\u0130<\/a><\/li><li class=\"\"><a href=\"https:\/\/asra.az\/ru\/ir-shobe-audit-asra\/\">\u0130NSAN RESURSLARI \u015e\u00d6B\u018fS\u0130N\u0130N AUD\u0130T\u0130 X\u0130DM\u018fT\u0130<\/a><\/li><li class=\"\"><a href=\"https:\/\/asra.az\/ru\/muhasibatliq-xidmeti-asra\/\">M\u00dcHAS\u0130BATLIQ X\u0130DM\u018fT\u0130<\/a><\/li><li class=\"\"><a href=\"https:\/\/asra.az\/ru\/huquqi-ishler-xidmeti\/\">H\u00dcQUQ\u0130 \u0130\u015eL\u018fR X\u0130DM\u018fT\u0130<\/a><\/li><\/ul>\n                            <\/div>\n                        <\/div>\n                        <!-- End Single Widget --><!-- End Single Widget -->\n                        <div class=\"single-widget quick-contact text-light\" style=\"background-image: url(https:\/\/asra.az\/wp-content\/uploads\/2021\/09\/1.jpg);\">\n                            <div class=\"content\">\n                                <i class=\"fas fa-phone\"><\/i>\n                                <h4>K\u00f6m\u0259k laz\u0131md\u0131r?<\/h4>\n                                <p>\n                                    \u0130st\u0259nil\u0259n vaxt m\u00fc\u015ft\u0259rimiz\u0259 k\u00f6m\u0259k etm\u0259k \u00fc\u00e7\u00fcn buraday\u0131q. Suallar\u0131n\u0131z\u0131 cavabland\u0131rmaq \u00fc\u00e7\u00fcn 24\/7 z\u0259ng ed\u0259 bil\u0259rsiniz.\n                                <\/p>\n                                <h2>+994 50 402 49 47<\/h2>\n                            <\/div>\n                        <\/div>\n                        <!-- Single Widget --><!-- Single Widget -->\n                        <div class=\"single-widget brochure\">\n                            <h4 class=\"widget-title\">Brochure<\/h4>\n                            <ul>\n                                <li><a href=\"#\"><i class=\"fas fa-file-pdf\"><\/i> Download Docs<\/a><\/li>\n                                <li><a href=\"#\"><i class=\"fas fa-file-word\"><\/i> Company details<\/a><\/li>\n                            <\/ul>\n                        <\/div>\n                        <!-- End Single Widget --> <\/div>\n                <\/div>\n            <\/div>\n        <\/div>\n    <\/div>\n    <!-- End Services Details Area --><\/div><\/div><\/div><\/div>\n<\/div>","protected":false},"excerpt":{"rendered":"MAL\u0130YY\u018f AUD\u0130T\u0130 X\u0130DM\u018fT\u0130 Maliyy\u0259 hesabatlar\u0131n\u0131z\u0131n auditi \u015firk\u0259tinizin diqq\u0259t m\u0259rk\u0259zind\u0259 oldu\u011funu hiss etdirs\u0259 d\u0259, bu proses maraql\u0131 t\u0259r\u0259fl\u0259ri (investorlar\u0131, inzibati orqanlar\u0131 v\u0259 s.) r\u0259hb\u0259rliyin biznesin maliyy\u0259 v\u0259ziyy\u0259ti il\u0259 ba\u011fl\u0131 \u201cd\u00fczg\u00fcn v\u0259 \u0259dal\u0259tli\u201d bax\u0131\u015f\u0131n\u0131 t\u0259min etdiyin\u0259 \u0259min etm\u0259k m\u0259qs\u0259di da\u015f\u0131y\u0131r. Bu, \u015firk\u0259tin maliyy\u0259 prosesl\u0259rinin f\u0131r\u0131ldaq\u00e7\u0131l\u0131q riskini minimuma endirm\u0259k \u00fc\u00e7\u00fcn y\u00fcks\u0259k s\u0259viyy\u0259d\u0259 oldu\u011funu v\u0259 m\u00fchasibat s\u0259n\u0259dl\u0259rinizin h\u0259r hans\u0131 [...]","protected":false},"author":1,"featured_media":89,"parent":0,"menu_order":0,"comment_status":"closed","ping_status":"closed","template":"page-templates\/pages.php","meta":{"footnotes":""},"class_list":["post-841","page","type-page","status-publish","has-post-thumbnail","hentry"],"_links":{"self":[{"href":"https:\/\/asra.az\/ru\/wp-json\/wp\/v2\/pages\/841","targetHints":{"allow":["GET"]}}],"collection":[{"href":"https:\/\/asra.az\/ru\/wp-json\/wp\/v2\/pages"}],"about":[{"href":"https:\/\/asra.az\/ru\/wp-json\/wp\/v2\/types\/page"}],"author":[{"embeddable":true,"href":"https:\/\/asra.az\/ru\/wp-json\/wp\/v2\/users\/1"}],"replies":[{"embeddable":true,"href":"https:\/\/asra.az\/ru\/wp-json\/wp\/v2\/comments?post=841"}],"version-history":[{"count":8,"href":"https:\/\/asra.az\/ru\/wp-json\/wp\/v2\/pages\/841\/revisions"}],"predecessor-version":[{"id":1199,"href":"https:\/\/asra.az\/ru\/wp-json\/wp\/v2\/pages\/841\/revisions\/1199"}],"wp:featuredmedia":[{"embeddable":true,"href":"https:\/\/asra.az\/ru\/wp-json\/wp\/v2\/media\/89"}],"wp:attachment":[{"href":"https:\/\/asra.az\/ru\/wp-json\/wp\/v2\/media?parent=841"}],"curies":[{"name":"wp","href":"https:\/\/api.w.org\/{rel}","templated":true}]}}