{"id":835,"date":"2024-03-11T11:39:37","date_gmt":"2024-03-11T11:39:37","guid":{"rendered":"https:\/\/asra.az\/?page_id=835"},"modified":"2024-05-05T13:17:04","modified_gmt":"2024-05-05T13:17:04","slug":"ir-shobe-audit-asra","status":"publish","type":"page","link":"https:\/\/asra.az\/ru\/ir-shobe-audit-asra\/","title":{"rendered":"\u0130NSAN RESURSLARI \u015e\u00d6B\u018fS\u0130N\u0130N AUD\u0130T\u0130 X\u0130DM\u018fT\u0130"},"content":{"rendered":"<div class=\"wpb-content-wrapper\"><div class=\"vc_row wpb_row vc_row-fluid\"><div class=\"wpb_column vc_column_container vc_col-sm-12\"><div class=\"vc_column-inner\"><div class=\"wpb_wrapper\"><!-- Star Services Details Area\n    ============================================= -->\n    <div class=\"services-details-area default-padding\">\n        <div class=\"container\">\n            <div class=\"services-details-items\">\n                <div class=\"row\">\n                    <div class=\"col-lg-8 services-single-content\">\n                        <img decoding=\"async\" src=\"https:\/\/asra.az\/wp-content\/uploads\/2021\/11\/1.jpg\" alt=\"Thumb\">\n                        <h2>\u0130nsan resurslar\u0131 \u015f\u00f6b\u0259sinin auditi<\/h2>\n                        <p>\n                            H\u0259r bir i\u015f\u0259g\u00f6t\u00fcr\u0259n i\u015f\u00e7il\u0259ri il\u0259 i\u015fg\u00fczar \u0259laq\u0259l\u0259r qurark\u0259n bir \u00e7ox riskl\u0259rl\u0259 \u00fczl\u0259\u015fir. Daim d\u0259yi\u015f\u0259n qanunvericiliy\u0259 g\u00f6r\u0259, \u015firk\u0259td\u0259 insan resurslar\u0131n\u0131n auditini h\u0259yata ke\u00e7irm\u0259k \u00fc\u00e7\u00fcn k\u0259nar ekspertin y\u00fcks\u0259k ixtisasl\u0131 xidm\u0259tl\u0259rind\u0259n istifad\u0259 etm\u0259k ideyas\u0131 getdikc\u0259 geni\u015fl\u0259nir.<br \/>\nM\u00fct\u0259x\u0259ssisl\u0259rimiz kadr s\u0259n\u0259dl\u0259rini (\u0259m\u0259k kitab\u00e7as\u0131 v\u0259 \u0259m\u0259k m\u00fcqavil\u0259si, \u0259riz\u0259l\u0259r, \u0259mrl\u0259r v\u0259 s.) yoxlay\u0131r; Onlar kadrlar \u015f\u00f6b\u0259sinin daxili s\u0259n\u0259dl\u0259rini (illik m\u0259zuniyy\u0259t c\u0259dv\u0259li, m\u00fckafatlar\u0131n verilm\u0259si sxemi, kadrlar\u0131n \u0259m\u0259k haqq\u0131 c\u0259dv\u0259li v\u0259 s.) yoxlay\u0131rlar. T\u0259\u015fkilat v\u0259 insan resurslar\u0131 auditi \u00e7\u0259r\u00e7iv\u0259sind\u0259 siyah\u0131lar\u0131n\u0131n d\u00fczg\u00fcn t\u0259rtib edilm\u0259si v\u0259 real fiziki g\u0259lir vergisi, \u0259m\u0259k haqq\u0131 v\u0259 dig\u0259r m\u00fcavin\u0259tl\u0259rin d\u00fczg\u00fcn hesablanmas\u0131 da yoxlan\u0131l\u0131r. Yoxlama zaman\u0131 vergi v\u0259 r\u00fcsumlar\u0131n vaxt\u0131nda \u00f6d\u0259nilib-\u00f6d\u0259nilm\u0259diyini yoxlay\u0131r\u0131q v\u0259 \u015firk\u0259t \u0259m\u0259kda\u015flar\u0131na kadr s\u0259n\u0259dl\u0259rinin haz\u0131rlanmas\u0131 il\u0259 ba\u011fl\u0131 m\u0259sl\u0259h\u0259tl\u0259r veririk.\n                        <\/p>\n                        <div class=\"features\">\n                            <div class=\"row\"> <\/div>\n                        <\/div>\n\t<div class=\"wpb_text_column wpb_content_element\" >\n\t\t<div class=\"wpb_wrapper\">\n\t\t\t<p>\u0130nsan resurslar\u0131 auditinin d\u0259y\u0259ri \u015firk\u0259tin \u00f6l\u00e7\u00fcs\u00fcnd\u0259n v\u0259 planla\u015fd\u0131r\u0131lan auditl\u0259rin say\u0131ndan as\u0131l\u0131d\u0131r. Audit say\u0259sind\u0259 \u015firk\u0259t r\u0259hb\u0259rliyi a\u015fkar edilmi\u015f s\u0259hvl\u0259r v\u0259 uy\u011funsuzluqlardan x\u0259b\u0259rdar olur v\u0259 \u00e7at\u0131\u015fmazl\u0131qlar\u0131n aradan qald\u0131r\u0131lmas\u0131 \u00fc\u00e7\u00fcn m\u0259sl\u0259h\u0259tl\u0259r al\u0131r. H\u0259ddind\u0259n art\u0131q sayda s\u0259hv a\u015fkar etdikd\u0259 biz s\u0259n\u0259dl\u0259\u015fm\u0259 i\u015fini yenid\u0259n t\u0259\u015fkil edirik v\u0259 yenid\u0259n i\u015fl\u0259nmi\u015f hesabatlar haz\u0131rlay\u0131r\u0131q.<\/p>\n<p>\u018fg\u0259r insan resurslar\u0131n\u0131n auditin\u0259 ehtiyac\u0131n\u0131z varsa, bu vacib m\u0259s\u0259l\u0259ni pe\u015f\u0259karlara h\u0259val\u0259 etm\u0259k daha yax\u015f\u0131d\u0131r. \u00abASRA\u00bb m\u00fct\u0259x\u0259ssisl\u0259ri insan resurslar\u0131 s\u0259n\u0259dl\u0259rini yoxlayaraq, q\u00fcvv\u0259d\u0259 olan qanunvericilik \u00e7\u0259r\u00e7iv\u0259sind\u0259 g\u0259lirli biznes qurma\u011f\u0131n\u0131za k\u00f6m\u0259klik g\u00f6st\u0259rir.<\/p>\n\n\t\t<\/div>\n\t<\/div>\n\n\t<div class=\"wpb_text_column wpb_content_element\" >\n\t\t<div class=\"wpb_wrapper\">\n\t\t\t<p><strong>Ekspertl\u0259rd\u0259n ibar\u0259t komandam\u0131z a\u015fa\u011f\u0131dak\u0131 audit n\u00f6vl\u0259rini t\u0259klif edir:<\/strong><\/p>\n<h4><\/h4>\n\n\t\t<\/div>\n\t<\/div>\n\n\t<div class=\"wpb_text_column wpb_content_element\" >\n\t\t<div class=\"wpb_wrapper\">\n\t\t\t<ul>\n<li>\u0130nsan resurslar\u0131 siyas\u0259tinin, m\u0259qs\u0259d\u0259 uy\u011funlu\u011funun v\u0259 i\u015f\u0259g\u00f6t\u00fcr\u0259nin m\u0259qs\u0259dl\u0259rin\u0259 uy\u011funlu\u011funun t\u0259hlili;<\/li>\n<li>Kadrlar\u0131n idar\u0259 edilm\u0259sinin sistemliliyi v\u0259 s\u0259m\u0259r\u0259liliyinin yoxlan\u0131lmas\u0131 &#8211; i\u015f\u00e7il\u0259rin i\u015f\u0259 q\u0259bulu v\u0259 uy\u011funla\u015fd\u0131r\u0131lmas\u0131, \u0259m\u0259k haqq\u0131n\u0131n m\u00fc\u0259yy\u0259n edilm\u0259si, karyera planla\u015fd\u0131r\u0131lmas\u0131 .<\/li>\n<li>\u018fm\u0259k m\u00fcqavil\u0259l\u0259ri il\u0259 ba\u011fl\u0131 qanuniliyin v\u0259 d\u00fczg\u00fcnl\u00fcy\u00fcn t\u0259hlili, kadr s\u0259n\u0259dl\u0259rinin, i\u015f\u00e7i fayllar\u0131n\u0131n v\u0259 r\u0259q\u0259msal qeydl\u0259rin yoxlan\u0131lmas\u0131.<\/li>\n<li>Maddi m\u0259suliyy\u0259t m\u00fcqavil\u0259l\u0259rin\u0259, onlar\u0131n t\u0259rtib formas\u0131na v\u0259 d\u00fczg\u00fcnl\u00fcy\u00fcn\u0259 n\u0259zar\u0259t.<\/li>\n<li>\u0130\u015fd\u0259nk\u0259nar i\u015fl\u0259rin t\u0259hlili (h\u0259ft\u0259 sonlar\u0131, bayramlar, gec\u0259 saatlar\u0131), \u0259lav\u0259 \u00f6d\u0259ni\u015fl\u0259rin t\u0259hlili \u2013 kadr s\u0259n\u0259dl\u0259rinin auditi zaman\u0131 saatlar\u0131n y\u0131\u011f\u0131lmas\u0131n\u0131n d\u00fczg\u00fcnl\u00fcy\u00fc yoxlan\u0131lmal\u0131d\u0131r.<\/li>\n<li>\u018fm\u0259k\/xidm\u0259t m\u00fcqavil\u0259l\u0259rinin d\u00fczg\u00fcnl\u00fcy\u00fcn\u0259 n\u0259zar\u0259t.<\/li>\n<li>Kadr s\u0259n\u0259dl\u0259rinin taml\u0131\u011f\u0131, saxlanma qaydas\u0131na v\u0259 m\u00fcdd\u0259tin\u0259 riay\u0259t olunmas\u0131, arxivl\u0259\u015fdirilm\u0259si, m\u0259hv edilm\u0259si v\u0259 s. kimi m\u0259s\u0259l\u0259l\u0259rin t\u0259hlili.<\/li>\n<\/ul>\n\n\t\t<\/div>\n\t<\/div>\n <\/div>\n                    <div class=\"col-lg-4 services-sidebar\">\n                        <!-- Single Widget --><!-- Single Widget -->\n                        <div class=\"single-widget services-list\">\n                            <h4 class=\"widget-title\">Xidm\u0259tl\u0259r<\/h4>\n                            <div class=\"content\">\n                                <ul><li class=\"current-item\"><a href=\"https:\/\/asra.az\/ru\/ir-shobe-audit-asra\/\">\u0130NSAN RESURSLARI \u015e\u00d6B\u018fS\u0130N\u0130N AUD\u0130T\u0130 X\u0130DM\u018fT\u0130<\/a><\/li><li class=\"\"><a href=\"https:\/\/asra.az\/ru\/ir-konsaltinq-asra\/\">\u0130NSAN RESURSLARININ \u0130DAR\u018f ED\u0130LM\u018fS\u0130 \u00dcZR\u018f KONSALT\u0130NQ X\u0130DM\u018fT\u0130<\/a><\/li><li class=\"\"><a href=\"https:\/\/asra.az\/ru\/muhasibatliq-xidmeti-asra\/\">M\u00dcHAS\u0130BATLIQ X\u0130DM\u018fT\u0130<\/a><\/li><li class=\"\"><a href=\"https:\/\/asra.az\/ru\/maliyye-auditi-xidmeti\/\">MAL\u0130YY\u018f AUD\u0130T\u0130 X\u0130DM\u018fT\u0130<\/a><\/li><li class=\"\"><a href=\"https:\/\/asra.az\/ru\/huquqi-ishler-xidmeti\/\">H\u00dcQUQ\u0130 \u0130\u015eL\u018fR X\u0130DM\u018fT\u0130<\/a><\/li><\/ul>\n                            <\/div>\n                        <\/div>\n                        <!-- End Single Widget --><!-- End Single Widget -->\n                        <div class=\"single-widget quick-contact text-light\" style=\"background-image: url(https:\/\/asra.az\/wp-content\/uploads\/2021\/09\/1.jpg);\">\n                            <div class=\"content\">\n                                <i class=\"fas fa-phone\"><\/i>\n                                <h4>K\u00f6m\u0259k laz\u0131md\u0131r?<\/h4>\n                                <p>\n                                    \u0130st\u0259nil\u0259n vaxt m\u00fc\u015ft\u0259rimiz\u0259 k\u00f6m\u0259k etm\u0259k \u00fc\u00e7\u00fcn buraday\u0131q. Suallar\u0131n\u0131z\u0131 cavabland\u0131rmaq \u00fc\u00e7\u00fcn 24\/7 z\u0259ng ed\u0259 bil\u0259rsiniz.\n                                <\/p>\n                                <h2>+994 50 402 49 47<\/h2>\n                            <\/div>\n                        <\/div>\n                        <!-- Single Widget --><!-- Single Widget -->\n                        <div class=\"single-widget brochure\">\n                            <h4 class=\"widget-title\">Brochure<\/h4>\n                            <ul>\n                                <li><a href=\"#\"><i class=\"fas fa-file-pdf\"><\/i> Download Docs<\/a><\/li>\n                                <li><a href=\"#\"><i class=\"fas fa-file-word\"><\/i> Company details<\/a><\/li>\n                            <\/ul>\n                        <\/div>\n                        <!-- End Single Widget --> <\/div>\n                <\/div>\n            <\/div>\n        <\/div>\n    <\/div>\n    <!-- End Services Details Area --><\/div><\/div><\/div><\/div>\n<\/div>","protected":false},"excerpt":{"rendered":"\u0130nsan resurslar\u0131 \u015f\u00f6b\u0259sinin auditi H\u0259r bir i\u015f\u0259g\u00f6t\u00fcr\u0259n i\u015f\u00e7il\u0259ri il\u0259 i\u015fg\u00fczar \u0259laq\u0259l\u0259r qurark\u0259n bir \u00e7ox riskl\u0259rl\u0259 \u00fczl\u0259\u015fir. Daim d\u0259yi\u015f\u0259n qanunvericiliy\u0259 g\u00f6r\u0259, \u015firk\u0259td\u0259 insan resurslar\u0131n\u0131n auditini h\u0259yata ke\u00e7irm\u0259k \u00fc\u00e7\u00fcn k\u0259nar ekspertin y\u00fcks\u0259k ixtisasl\u0131 xidm\u0259tl\u0259rind\u0259n istifad\u0259 etm\u0259k ideyas\u0131 getdikc\u0259 geni\u015fl\u0259nir. M\u00fct\u0259x\u0259ssisl\u0259rimiz kadr s\u0259n\u0259dl\u0259rini (\u0259m\u0259k kitab\u00e7as\u0131 v\u0259 \u0259m\u0259k m\u00fcqavil\u0259si, \u0259riz\u0259l\u0259r, \u0259mrl\u0259r v\u0259 s.) yoxlay\u0131r; Onlar kadrlar \u015f\u00f6b\u0259sinin daxili s\u0259n\u0259dl\u0259rini [...]","protected":false},"author":1,"featured_media":89,"parent":0,"menu_order":0,"comment_status":"closed","ping_status":"closed","template":"page-templates\/pages.php","meta":{"footnotes":""},"class_list":["post-835","page","type-page","status-publish","has-post-thumbnail","hentry"],"_links":{"self":[{"href":"https:\/\/asra.az\/ru\/wp-json\/wp\/v2\/pages\/835","targetHints":{"allow":["GET"]}}],"collection":[{"href":"https:\/\/asra.az\/ru\/wp-json\/wp\/v2\/pages"}],"about":[{"href":"https:\/\/asra.az\/ru\/wp-json\/wp\/v2\/types\/page"}],"author":[{"embeddable":true,"href":"https:\/\/asra.az\/ru\/wp-json\/wp\/v2\/users\/1"}],"replies":[{"embeddable":true,"href":"https:\/\/asra.az\/ru\/wp-json\/wp\/v2\/comments?post=835"}],"version-history":[{"count":9,"href":"https:\/\/asra.az\/ru\/wp-json\/wp\/v2\/pages\/835\/revisions"}],"predecessor-version":[{"id":1194,"href":"https:\/\/asra.az\/ru\/wp-json\/wp\/v2\/pages\/835\/revisions\/1194"}],"wp:featuredmedia":[{"embeddable":true,"href":"https:\/\/asra.az\/ru\/wp-json\/wp\/v2\/media\/89"}],"wp:attachment":[{"href":"https:\/\/asra.az\/ru\/wp-json\/wp\/v2\/media?parent=835"}],"curies":[{"name":"wp","href":"https:\/\/api.w.org\/{rel}","templated":true}]}}