{"id":69,"date":"2021-09-20T17:31:22","date_gmt":"2021-09-20T17:31:22","guid":{"rendered":"https:\/\/wordpressriverthemes.com\/earna\/?page_id=69"},"modified":"2025-04-20T19:58:47","modified_gmt":"2025-04-20T19:58:47","slug":"elaqe-asra","status":"publish","type":"page","link":"https:\/\/asra.az\/ru\/elaqe-asra\/","title":{"rendered":"\u018fLAQ\u018f"},"content":{"rendered":"<div class=\"wpb-content-wrapper\"><div class=\"vc_row wpb_row vc_row-fluid\"><div class=\"wpb_column vc_column_container vc_col-sm-12\"><div class=\"vc_column-inner\"><div class=\"wpb_wrapper\"><!-- Start Contact Area \n    ============================================= -->\n    <div id=\"contact\" class=\"contact-area default-padding bg-theme inc-shape extra-margin\">\n        <div class=\"container\">\n            <div class=\"row align-center\">\n                <div class=\"col-lg-5 info\">\n                    <div class=\"content\">\n                        <h2>Sual\u0131n\u0131n\u0131z var?<\/h2>\n                        <p>\n                            Payla\u015fmaq ist\u0259diyiniz h\u0259r hans\u0131 \u015f\u0259rh, t\u0259klif v\u0259 ya r\u0259yiniz varsa, l\u00fctf\u0259n \u0259laq\u0259 saxlamaqdan \u00e7\u0259kinm\u0259yin. Biz sizin t\u00f6hf\u0259nizi h\u0259qiq\u0259t\u0259n y\u00fcks\u0259k qiym\u0259tl\u0259ndiririk v\u0259 sizd\u0259n x\u0259b\u0259r g\u00f6zl\u0259yirik.\n                        <\/p>\n                        <ul><li>\n                    <i class=\"fas fa-map-marker-alt\"><\/i>\n                    <p>\n                        \u00dcnvan:<br \/>\nBak\u0131 \u015f., N\u0259rimanov ray,<br \/>\n\u0130.Hiday\u0259tzad\u0259 k\u00fc\u00e7.7A\n                    <\/p>\n                <\/li><li>\n                    <i class=\"fas fa-phone\"><\/i>\n                    <p>\n                        Telefon:<br \/>\n+994 70 422 00 01\n                    <\/p>\n                <\/li> <\/ul>\n                    <\/div>\n                <\/div>\n                <div class=\"col-lg-6 offset-lg-1 contact-form-box\">\n                    <div class=\"form-box\">\n<div class=\"wpcf7 no-js\" id=\"wpcf7-f72-o1\" lang=\"en-US\" dir=\"ltr\" data-wpcf7-id=\"72\">\n<div class=\"screen-reader-response\"><p role=\"status\" aria-live=\"polite\" aria-atomic=\"true\"><\/p> <ul><\/ul><\/div>\n<form action=\"\/ru\/wp-json\/wp\/v2\/pages\/69#wpcf7-f72-o1\" method=\"post\" class=\"wpcf7-form init\" aria-label=\"Contact form\" novalidate=\"novalidate\" data-status=\"init\" data-trp-original-action=\"\/ru\/wp-json\/wp\/v2\/pages\/69#wpcf7-f72-o1\">\n<fieldset class=\"hidden-fields-container\"><input type=\"hidden\" name=\"_wpcf7\" value=\"72\" \/><input type=\"hidden\" name=\"_wpcf7_version\" value=\"6.1.4\" \/><input type=\"hidden\" name=\"_wpcf7_locale\" value=\"en_US\" \/><input type=\"hidden\" name=\"_wpcf7_unit_tag\" value=\"wpcf7-f72-o1\" \/><input type=\"hidden\" name=\"_wpcf7_container_post\" value=\"0\" \/><input type=\"hidden\" name=\"_wpcf7_posted_data_hash\" value=\"\" \/>\n<\/fieldset>\n<div class=\"row\">\n\t<div class=\"col-lg-12\">\n\t\t<div class=\"form-group\">\n\t\t\t<p><span class=\"wpcf7-form-control-wrap\" data-name=\"your-name\"><input size=\"40\" maxlength=\"400\" class=\"wpcf7-form-control wpcf7-text wpcf7-validates-as-required form-control\" id=\"name\" aria-required=\"true\" aria-invalid=\"false\" placeholder=\"Ad, soyad\" value=\"\" type=\"text\" name=\"your-name\" \/><\/span><br \/>\n<span class=\"alert-error\"><\/span>\n\t\t\t<\/p>\n\t\t<\/div>\n\t<\/div>\n<\/div>\n<div class=\"row\">\n\t<div class=\"col-lg-6\">\n\t\t<div class=\"form-group\">\n\t\t\t<p><span class=\"wpcf7-form-control-wrap\" data-name=\"email\"><input size=\"40\" maxlength=\"400\" class=\"wpcf7-form-control wpcf7-email wpcf7-validates-as-required wpcf7-text wpcf7-validates-as-email form-control\" aria-required=\"true\" aria-invalid=\"false\" placeholder=\"E-po\u00e7t\" value=\"\" type=\"email\" name=\"email\" \/><\/span><br \/>\n<span class=\"alert-error\"><\/span>\n\t\t\t<\/p>\n\t\t<\/div>\n\t<\/div>\n\t<div class=\"col-lg-6\">\n\t\t<div class=\"form-group\">\n\t\t\t<p><span class=\"wpcf7-form-control-wrap\" data-name=\"phone\"><input size=\"40\" maxlength=\"400\" class=\"wpcf7-form-control wpcf7-text wpcf7-validates-as-required form-control\" aria-required=\"true\" aria-invalid=\"false\" placeholder=\"Telefon\" value=\"\" type=\"text\" name=\"phone\" \/><\/span><br \/>\n<span class=\"alert-error\"><\/span>\n\t\t\t<\/p>\n\t\t<\/div>\n\t<\/div>\n<\/div>\n<div class=\"row\">\n\t<div class=\"col-lg-12\">\n\t\t<div class=\"form-group comments\">\n\t\t\t<p><span class=\"wpcf7-form-control-wrap\" data-name=\"comments\"><textarea cols=\"40\" rows=\"2\" maxlength=\"2000\" class=\"wpcf7-form-control wpcf7-textarea wpcf7-validates-as-required form-control\" id=\"comments\" aria-required=\"true\" aria-invalid=\"false\" placeholder=\"Z\u0259hm\u0259t olmasa n\u0259y\u0259 ehtiyac\u0131n\u0131z oldu\u011funu yaz\u0131n. *\" name=\"comments\"><\/textarea><\/span>\n\t\t\t<\/p>\n\t\t<\/div>\n\t<\/div>\n<\/div>\n<div class=\"row\">\n\t<div class=\"col-lg-12\">\n\t\t<p><button type=\"submit\" name=\"submit\" id=\"submit\">G\u00f6nd\u0259r <i class=\"fa fa-paper-plane\"><\/i><\/button>\n\t\t<\/p>\n\t<\/div>\n<\/div>\n<!-- Alert Message -->\n<div class=\"col-md-12 alert-notification\">\n\t<div id=\"message\" class=\"alert-msg\">\n\t<\/div>\n<\/div><div class=\"wpcf7-response-output\" aria-hidden=\"true\"><\/div>\n<input type=\"hidden\" name=\"trp-form-language\" value=\"ru\"\/><\/form>\n<\/div>\n<\/div>\n                <\/div>\n            <\/div>\n        <\/div>\n    <\/div>\n    <!-- End Contact Area --><!-- Star Google Maps\n    ============================================= -->\n    <div class=\"maps-area\">\n        <div class=\"google-maps\">\n            <iframe src=\"https:\/\/www.google.com\/maps\/embed?pb=!1m18!1m12!1m3!1d3037.9024818235853!2d49.85866237575419!3d40.41101107144056!2m3!1f0!2f0!3f0!3m2!1i1024!2i768!4f13.1!3m3!1m2!1s0x40307d1f0a4379c9%3A0x1c9fd545aa7d801e!2sNur%20Plaza!5e0!3m2!1saz!2saz!4v1711287968255!5m2!1saz!2saz\"><\/iframe>\n        <\/div>\n    <\/div>\n    <!-- End Google Maps --><\/div><\/div><\/div><\/div>\n<\/div>","protected":false},"excerpt":{"rendered":"Sual\u0131n\u0131n\u0131z var? Payla\u015fmaq ist\u0259diyiniz h\u0259r hans\u0131 \u015f\u0259rh, t\u0259klif v\u0259 ya r\u0259yiniz varsa, l\u00fctf\u0259n \u0259laq\u0259 saxlamaqdan \u00e7\u0259kinm\u0259yin. Biz sizin t\u00f6hf\u0259nizi h\u0259qiq\u0259t\u0259n y\u00fcks\u0259k qiym\u0259tl\u0259ndiririk v\u0259 sizd\u0259n x\u0259b\u0259r g\u00f6zl\u0259yirik. \u00dcnvan: Bak\u0131 \u015f., N\u0259rimanov ray, \u0130.Hiday\u0259tzad\u0259 k\u00fc\u00e7.7A Telefon: +994 70 422 00 01 G\u00f6nd\u0259r","protected":false},"author":1,"featured_media":54,"parent":0,"menu_order":0,"comment_status":"closed","ping_status":"closed","template":"page-templates\/pages.php","meta":{"footnotes":""},"class_list":["post-69","page","type-page","status-publish","has-post-thumbnail","hentry"],"_links":{"self":[{"href":"https:\/\/asra.az\/ru\/wp-json\/wp\/v2\/pages\/69","targetHints":{"allow":["GET"]}}],"collection":[{"href":"https:\/\/asra.az\/ru\/wp-json\/wp\/v2\/pages"}],"about":[{"href":"https:\/\/asra.az\/ru\/wp-json\/wp\/v2\/types\/page"}],"author":[{"embeddable":true,"href":"https:\/\/asra.az\/ru\/wp-json\/wp\/v2\/users\/1"}],"replies":[{"embeddable":true,"href":"https:\/\/asra.az\/ru\/wp-json\/wp\/v2\/comments?post=69"}],"version-history":[{"count":14,"href":"https:\/\/asra.az\/ru\/wp-json\/wp\/v2\/pages\/69\/revisions"}],"predecessor-version":[{"id":1260,"href":"https:\/\/asra.az\/ru\/wp-json\/wp\/v2\/pages\/69\/revisions\/1260"}],"wp:featuredmedia":[{"embeddable":true,"href":"https:\/\/asra.az\/ru\/wp-json\/wp\/v2\/media\/54"}],"wp:attachment":[{"href":"https:\/\/asra.az\/ru\/wp-json\/wp\/v2\/media?parent=69"}],"curies":[{"name":"wp","href":"https:\/\/api.w.org\/{rel}","templated":true}]}}