{"id":284,"date":"2021-11-27T05:26:07","date_gmt":"2021-11-27T05:26:07","guid":{"rendered":"https:\/\/wordpressriverthemes.com\/earna\/?page_id=284"},"modified":"2024-05-05T12:38:02","modified_gmt":"2024-05-05T12:38:02","slug":"ir-konsaltinq-asra","status":"publish","type":"page","link":"https:\/\/asra.az\/ru\/ir-konsaltinq-asra\/","title":{"rendered":"\u0130NSAN RESURSLARININ \u0130DAR\u018f ED\u0130LM\u018fS\u0130 \u00dcZR\u018f KONSALT\u0130NQ X\u0130DM\u018fT\u0130"},"content":{"rendered":"<div class=\"wpb-content-wrapper\"><div class=\"vc_row wpb_row vc_row-fluid\"><div class=\"wpb_column vc_column_container vc_col-sm-12\"><div class=\"vc_column-inner\"><div class=\"wpb_wrapper\"><!-- Star Services Details Area\n    ============================================= -->\n    <div class=\"services-details-area default-padding\">\n        <div class=\"container\">\n            <div class=\"services-details-items\">\n                <div class=\"row\">\n                    <div class=\"col-lg-8 services-single-content\">\n                        <img decoding=\"async\" src=\"https:\/\/asra.az\/wp-content\/uploads\/2021\/11\/1.jpg\" alt=\"Thumb\">\n                        <h2>\u0130.R \u0130dar\u0259edilm\u0259si \u00fczr\u0259 konsaltinq xidm\u0259ti<\/h2>\n                        <p>\n                            \u015eirk\u0259tl\u0259rd\u0259 v\u0259 ya qurumlarda i\u015f\u0259 q\u0259bul prosesi il\u0259 m\u0259\u015f\u011ful olan v\u0259 ya idar\u0259etm\u0259 il\u0259 ba\u011fl\u0131 t\u0259cr\u00fcb\u0259l\u0259r t\u0259\u015fkil ed\u0259n v\u0259 performans-istedad idar\u0259\u00e7iliyini t\u0259min etm\u0259k \u00fc\u00e7\u00fcn t\u0259lim planla\u015fd\u0131rma m\u0259s\u0259l\u0259l\u0259ri il\u0259 ba\u011fl\u0131 i\u015fl\u0259dikl\u0259ri \u015firk\u0259t v\u0259 ya quruma m\u0259sl\u0259h\u0259t xidm\u0259tl\u0259ri g\u00f6st\u0259r\u0259n insanlar qrupudur. \u015eirk\u0259tl\u0259rin insan resurslar\u0131 konsaltinq \u015f\u00f6b\u0259sind\u0259 \u00e7al\u0131\u015fanlara \u201cinsan resurslar\u0131 m\u0259sl\u0259h\u0259t\u00e7il\u0259ri\u201d deyilir. \u0130nsan resurslar\u0131 \u00fczr\u0259 m\u0259sl\u0259h\u0259t\u00e7i tez-tez \u015firk\u0259tin bir \u00e7ox \u015f\u00f6b\u0259l\u0259ri il\u0259 i\u015fl\u0259y\u0259 bil\u0259r. \u0130nsan resurslar\u0131 \u00fczr\u0259 m\u0259sl\u0259h\u0259t\u00e7i olmaq \u00fc\u00e7\u00fcn f\u0259rdl\u0259rin \u00fcmumiyy\u0259tl\u0259 d\u00f6rd illik universitetin iqtisadiyyat, insan resurslar\u0131n\u0131n idar\u0259 edilm\u0259si, \u0259m\u0259k iqtisadiyyat\u0131 v\u0259 ya ictimaiyy\u0259tl\u0259 \u0259laq\u0259l\u0259r \u015f\u00f6b\u0259l\u0259rini bitirm\u0259si v\u0259 g\u00fccl\u00fc \u00fcnsiyy\u0259t bacar\u0131qlar\u0131na malik olmas\u0131 g\u00f6zl\u0259nilir.\n                        <\/p>\n                        <div class=\"features\">\n                            <div class=\"row\"><div class=\"col-lg-6 col-md-6\">\n                    <div class=\"content\">\n                        <h4>Missiya<\/h4>\n                        <p>\n                            M\u00fc\u015ft\u0259ril\u0259rimizin f\u0259aliyy\u0259tl\u0259rin\u0259 d\u0259y\u0259r yaradan xidm\u0259tl\u0259rimiz v\u0259 innovativ layih\u0259l\u0259rimizl\u0259 m\u0259nf\u0259\u0259tin maksimumla\u015fd\u0131r\u0131lmas\u0131na birba\u015fa t\u00f6hf\u0259 verm\u0259k.\n                        <\/p>\n                    <\/div>\n                <\/div><div class=\"col-lg-6 col-md-6\">\n                    <div class=\"content\">\n                        <h4>Vizyon<\/h4>\n                        <p>\n                            Az\u0259rbaycanda biznes idar\u0259\u00e7iliyi v\u0259 iqtisadi qurulu\u015fu il\u0259 sektorda f\u0259aliyy\u0259t g\u00f6st\u0259r\u0259n \u0259n b\u00f6y\u00fck milli marka olmaq v\u0259 \u0259ld\u0259 etdiyi bilikl\u0259rl\u0259 d\u00fcnyada m\u0259sl\u0259h\u0259t sektorunu istiqam\u0259tl\u0259ndirm\u0259k.\n                        <\/p>\n                    <\/div>\n                <\/div> <\/div>\n                        <\/div>\n\t<div class=\"wpb_text_column wpb_content_element\" >\n\t\t<div class=\"wpb_wrapper\">\n\t\t\t<h4><strong>\u0130nsan resurslar\u0131 il\u0259 ba\u011fl\u0131 m\u0259sl\u0259h\u0259t almaq n\u0259 \u00fc\u00e7\u00fcn vacibdir?<\/strong><\/h4>\n<p>\u0130nsan resurslar\u0131 \u00fczr\u0259 m\u0259sl\u0259h\u0259t\u00e7il\u0259r i\u015fl\u0259dikl\u0259ri v\u0259 ya xidm\u0259t etdikl\u0259ri \u015firk\u0259tin dem\u0259k olar ki, b\u00fct\u00fcn sah\u0259l\u0259rind\u0259 v\u0259 f\u0259aliyy\u0259tl\u0259rind\u0259 m\u0259\u015f\u011ful olur v\u0259 onlara d\u0259st\u0259k verirl\u0259r. Bu s\u0259b\u0259bd\u0259n insan resurslar\u0131 \u015firk\u0259tl\u0259r\u0259 m\u0259qs\u0259dl\u0259rin\u0259 \u00e7atmaqda k\u00f6m\u0259k edir v\u0259 onlar\u0131n i\u015fini asanla\u015fd\u0131r\u0131r.<\/p>\n\n\t\t<\/div>\n\t<\/div>\n\n\t<div class=\"wpb_text_column wpb_content_element\" >\n\t\t<div class=\"wpb_wrapper\">\n\t\t\t<h4><strong>\u0130.R\u00a0 Xidm\u0259tl\u0259rimiz:<\/strong><\/h4>\n\n\t\t<\/div>\n\t<\/div>\n\n\t<div class=\"wpb_text_column wpb_content_element\" >\n\t\t<div class=\"wpb_wrapper\">\n\t\t\t<ul>\n<li>\u0130nsan resurslar\u0131 \u00fczr\u0259 \u0259m\u0259liyyatlar\u0131n icras\u0131.<\/li>\n<li>\u0130\u015f\u0259 q\u0259bul prossesinin h\u0259yata ke\u00e7irilm\u0259si.<\/li>\n<li>Tabel &#8220;Davamiyy\u0259tin u\u00e7otu&#8221; sisteminin qurulmas\u0131 v\u0259 t\u0259tbiqi.<\/li>\n<li>\u018fm\u0259k haqq\u0131n\u0131n hesablanmas\u0131.<\/li>\n<li>\u0130\u015f\u00e7i hey\u0259tinin idar\u0259olunmas\u0131 v\u0259 \u0130.R prosedurlar\u0131n\u0131n yaz\u0131lmas\u0131.<\/li>\n<\/ul>\n\n\t\t<\/div>\n\t<\/div>\n <\/div>\n                    <div class=\"col-lg-4 services-sidebar\">\n                        <!-- Single Widget --><!-- Single Widget -->\n                        <div class=\"single-widget services-list\">\n                            <h4 class=\"widget-title\">Xidm\u0259tl\u0259r<\/h4>\n                            <div class=\"content\">\n                                <ul><li class=\"current-item\"><a href=\"https:\/\/asra.az\/ru\/ir-konsaltinq-asra\/\">\u0130NSAN RESURSLARININ \u0130DAR\u018f ED\u0130LM\u018fS\u0130 \u00dcZR\u018f KONSALT\u0130NQ X\u0130DM\u018fT\u0130<\/a><\/li><li class=\"\"><a href=\"https:\/\/asra.az\/ru\/ir-shobe-audit-asra\/\">\u0130NSAN RESURSLARI \u015e\u00d6B\u018fS\u0130N\u0130N AUD\u0130T\u0130 X\u0130DM\u018fT\u0130<\/a><\/li><li class=\"\"><a href=\"https:\/\/asra.az\/ru\/muhasibatliq-xidmeti-asra\/\">M\u00dcHAS\u0130BATLIQ X\u0130DM\u018fT\u0130<\/a><\/li><li class=\"\"><a href=\"https:\/\/asra.az\/ru\/maliyye-auditi-xidmeti\/\">MAL\u0130YY\u018f AUD\u0130T\u0130 X\u0130DM\u018fT\u0130<\/a><\/li><li class=\"\"><a href=\"https:\/\/asra.az\/ru\/huquqi-ishler-xidmeti\/\">H\u00dcQUQ\u0130 \u0130\u015eL\u018fR X\u0130DM\u018fT\u0130<\/a><\/li><\/ul>\n                            <\/div>\n                        <\/div>\n                        <!-- End Single Widget --><!-- End Single Widget -->\n                        <div class=\"single-widget quick-contact text-light\" style=\"background-image: url(https:\/\/asra.az\/wp-content\/uploads\/2021\/09\/1.jpg);\">\n                            <div class=\"content\">\n                                <i class=\"fas fa-phone\"><\/i>\n                                <h4>K\u00f6m\u0259k laz\u0131md\u0131r?<\/h4>\n                                <p>\n                                    \u0130st\u0259nil\u0259n vaxt m\u00fc\u015ft\u0259rimiz\u0259 k\u00f6m\u0259k etm\u0259k \u00fc\u00e7\u00fcn buraday\u0131q. Suallar\u0131n\u0131z\u0131 cavabland\u0131rmaq \u00fc\u00e7\u00fcn 24\/7 z\u0259ng ed\u0259 bil\u0259rsiniz.\n                                <\/p>\n                                <h2>+994 50 402 49 47<\/h2>\n                            <\/div>\n                        <\/div>\n                        <!-- Single Widget --><!-- Single Widget -->\n                        <div class=\"single-widget brochure\">\n                            <h4 class=\"widget-title\">Brochure<\/h4>\n                            <ul>\n                                <li><a href=\"#\"><i class=\"fas fa-file-pdf\"><\/i> Download Docs<\/a><\/li>\n                                <li><a href=\"#\"><i class=\"fas fa-file-word\"><\/i> Company details<\/a><\/li>\n                            <\/ul>\n                        <\/div>\n                        <!-- End Single Widget --> <\/div>\n                <\/div>\n            <\/div>\n        <\/div>\n    <\/div>\n    <!-- End Services Details Area --><\/div><\/div><\/div><\/div>\n<\/div>","protected":false},"excerpt":{"rendered":"\u0130.R \u0130dar\u0259edilm\u0259si \u00fczr\u0259 konsaltinq xidm\u0259ti \u015eirk\u0259tl\u0259rd\u0259 v\u0259 ya qurumlarda i\u015f\u0259 q\u0259bul prosesi il\u0259 m\u0259\u015f\u011ful olan v\u0259 ya idar\u0259etm\u0259 il\u0259 ba\u011fl\u0131 t\u0259cr\u00fcb\u0259l\u0259r t\u0259\u015fkil ed\u0259n v\u0259 performans-istedad idar\u0259\u00e7iliyini t\u0259min etm\u0259k \u00fc\u00e7\u00fcn t\u0259lim planla\u015fd\u0131rma m\u0259s\u0259l\u0259l\u0259ri il\u0259 ba\u011fl\u0131 i\u015fl\u0259dikl\u0259ri \u015firk\u0259t v\u0259 ya quruma m\u0259sl\u0259h\u0259t xidm\u0259tl\u0259ri g\u00f6st\u0259r\u0259n insanlar qrupudur. \u015eirk\u0259tl\u0259rin insan resurslar\u0131 konsaltinq \u015f\u00f6b\u0259sind\u0259 \u00e7al\u0131\u015fanlara \u201cinsan resurslar\u0131 m\u0259sl\u0259h\u0259t\u00e7il\u0259ri\u201d deyilir. \u0130nsan [...]","protected":false},"author":1,"featured_media":89,"parent":0,"menu_order":0,"comment_status":"closed","ping_status":"closed","template":"page-templates\/pages.php","meta":{"footnotes":""},"class_list":["post-284","page","type-page","status-publish","has-post-thumbnail","hentry"],"_links":{"self":[{"href":"https:\/\/asra.az\/ru\/wp-json\/wp\/v2\/pages\/284","targetHints":{"allow":["GET"]}}],"collection":[{"href":"https:\/\/asra.az\/ru\/wp-json\/wp\/v2\/pages"}],"about":[{"href":"https:\/\/asra.az\/ru\/wp-json\/wp\/v2\/types\/page"}],"author":[{"embeddable":true,"href":"https:\/\/asra.az\/ru\/wp-json\/wp\/v2\/users\/1"}],"replies":[{"embeddable":true,"href":"https:\/\/asra.az\/ru\/wp-json\/wp\/v2\/comments?post=284"}],"version-history":[{"count":23,"href":"https:\/\/asra.az\/ru\/wp-json\/wp\/v2\/pages\/284\/revisions"}],"predecessor-version":[{"id":1191,"href":"https:\/\/asra.az\/ru\/wp-json\/wp\/v2\/pages\/284\/revisions\/1191"}],"wp:featuredmedia":[{"embeddable":true,"href":"https:\/\/asra.az\/ru\/wp-json\/wp\/v2\/media\/89"}],"wp:attachment":[{"href":"https:\/\/asra.az\/ru\/wp-json\/wp\/v2\/media?parent=284"}],"curies":[{"name":"wp","href":"https:\/\/api.w.org\/{rel}","templated":true}]}}