{"id":98,"date":"2024-03-12T11:36:01","date_gmt":"2024-03-12T11:36:01","guid":{"rendered":"https:\/\/wordpressriverthemes.com\/earna\/?page_id=98"},"modified":"2024-05-05T12:41:52","modified_gmt":"2024-05-05T12:41:52","slug":"xidmetler","status":"publish","type":"page","link":"https:\/\/asra.az\/en\/xidmetler\/","title":{"rendered":"X\u0130DM\u018fTL\u018fR"},"content":{"rendered":"<div class=\"wpb-content-wrapper\"><div class=\"vc_row wpb_row vc_row-fluid\"><div class=\"wpb_column vc_column_container vc_col-sm-12\"><div class=\"vc_column-inner\"><div class=\"wpb_wrapper\"><!-- Star Features Area\n    ============================================= -->\n    <div class=\"work-process-area features-area default-padding\">\n        <div class=\"container\">\n            <div class=\"features-content\">\n                <div class=\"row\"><!-- Single Item -->\n                    <div class=\"single-item col-lg-4 col-md-6\">\n                        <div class=\"item\">\n                            <i class=\"flaticon-speech-bubble\"><\/i>\n                            <div class=\"top\">\n                                <span>01<\/span>\n                                <h4>\u0130nsan resurslar\u0131n\u0131n idar\u0259edilm\u0259si \u00fczr\u0259 konsaltinq xidm\u0259ti<\/h4>\n                            <\/div>\n                            <p>\n                                Biznesl\u0259rin ehtiyaclar\u0131n\u0131 \u00f6d\u0259m\u0259k \u00fc\u00e7\u00fcn haz\u0131rlanm\u0131\u015f h\u0259rt\u0259r\u0259fli \u0130nsan Resurslar\u0131n\u0131n \u0130dar\u0259 Edilm\u0259si \u00fczr\u0259 Konsaltinq xidm\u0259tl\u0259ri \n                            <\/p>\n                            <a href=\"https:\/\/asra.az\/en\/ir-konsaltinq-asra\/\"><i class=\"arrow_right\"><\/i><\/a>\n                        <\/div>\n                    <\/div>\n                    <!-- Single Item --><!-- Single Item -->\n                    <div class=\"single-item col-lg-4 col-md-6\">\n                        <div class=\"item\">\n                            <i class=\"flaticon-speech-bubble\"><\/i>\n                            <div class=\"top\">\n                                <span>02<\/span>\n                                <h4>\u0130nsan resurslari \u015f\u00f6b\u0259sinin auditi xidm\u0259ti<\/h4>\n                            <\/div>\n                            <p>\n                                M\u00fc\u0259ssis\u0259l\u0259r bu xidm\u0259tl\u0259 riskl\u0259ri azalda, \u0259m\u0259liyyat s\u0259m\u0259r\u0259liliyini art\u0131ra v\u0259 m\u00fcsb\u0259t i\u015f yeri m\u0259d\u0259niyy\u0259tini inki\u015faf etdir\u0259 bil\u0259r. \n                            <\/p>\n                            <a href=\"https:\/\/asra.az\/en\/ir-shobe-audit-asra\/\"><i class=\"arrow_right\"><\/i><\/a>\n                        <\/div>\n                    <\/div>\n                    <!-- Single Item --><!-- Single Item -->\n                    <div class=\"single-item col-lg-4 col-md-6\">\n                        <div class=\"item\">\n                            <i class=\"flaticon-label\"><\/i>\n                            <div class=\"top\">\n                                <span>03<\/span>\n                                <h4>M\u00fchasibatl\u0131q xidm\u0259ti<\/h4>\n                            <\/div>\n                            <p>\n                                M\u00fchasibat u\u00e7otu, maliyy\u0259 hesabatlar\u0131n\u0131n haz\u0131rlanmas\u0131, b\u00fcdc\u0259nin t\u0259rtibi v\u0259 vergi planlamas\u0131 \n                            <\/p>\n                            <a href=\"https:\/\/asra.az\/en\/muhasibatliq-xidmeti-asra\/\"><i class=\"arrow_right\"><\/i><\/a>\n                        <\/div>\n                    <\/div>\n                    <!-- Single Item --><!-- Single Item -->\n                    <div class=\"single-item col-lg-4 col-md-6\">\n                        <div class=\"item\">\n                            <i class=\"flaticon-file\"><\/i>\n                            <div class=\"top\">\n                                <span>04<\/span>\n                                <h4>Maliyy\u0259 auditi xidm\u0259ti<\/h4>\n                            <\/div>\n                            <p>\n                                Maliyy\u0259 hesabatlar\u0131n\u0131n v\u0259 daxili n\u0259zar\u0259tin m\u00fcst\u0259qil, el\u0259c\u0259 d\u0259 obyektiv qiym\u0259tl\u0259ndirilm\u0259sini t\u0259min edirik. \n                            <\/p>\n                            <a href=\"https:\/\/asra.az\/en\/maliyye-auditi-xidmeti\/\"><i class=\"arrow_right\"><\/i><\/a>\n                        <\/div>\n                    <\/div>\n                    <!-- Single Item --><!-- Single Item -->\n                    <div class=\"single-item col-lg-4 col-md-6\">\n                        <div class=\"item\">\n                            <i class=\"flaticon-file\"><\/i>\n                            <div class=\"top\">\n                                <span>05<\/span>\n                                <h4>H\u00fcquqi i\u015fl\u0259r xidm\u0259ti<\/h4>\n                            <\/div>\n                            <p>\n                                M\u00fcr\u0259kk\u0259b h\u00fcquqi probleml\u0259rin h\u0259llind\u0259 v\u0259 h\u00fcquqi riskl\u0259rin azald\u0131lmas\u0131nda biznesl\u0259r\u0259 k\u00f6m\u0259k etm\u0259k \u00fc\u00e7\u00fcn h\u0259rt\u0259r\u0259fli H\u00fcquq M\u0259s\u0259l\u0259l\u0259ri Xidm\u0259tl\u0259ri t\u0259klif edir. \n                            <\/p>\n                            <a href=\"https:\/\/asra.az\/en\/huquqi-ishler-xidmeti\/\"><i class=\"arrow_right\"><\/i><\/a>\n                        <\/div>\n                    <\/div>\n                    <!-- Single Item --> <\/div>\n            <\/div>\n        <\/div>\n    <\/div>\n    <!-- End Features Area --><\/div><\/div><\/div><\/div><div class=\"vc_row wpb_row vc_row-fluid\"><div class=\"wpb_column vc_column_container vc_col-sm-12\"><div class=\"vc_column-inner\"><div class=\"wpb_wrapper\"><!-- Star Services Area\n    ============================================= -->\n    <div class=\"services-area bg-gray default-padding bottom-less\">\n        <!-- Fixed Shape -->\n        <div class=\"fixed-shape\" style=\"background-image: url(https:\/\/asra.az\/wp-content\/uploads\/2021\/09\/12.png);\"><\/div>\n        <!-- Fixed Shape -->\n        <div class=\"container\">\n            <div class=\"services-heading\">\n                <div class=\"row\">\n                    <div class=\"col-lg-7 left-info\">\n                        <h4>N\u0259 t\u0259klif edirik?<\/h4>\n                        <h2>\u018fsas d\u0259y\u0259rl\u0259rimiz<\/h2>\n                    <\/div>\n                    <div class=\"col-lg-5 right-info\">\n                        <ul class=\"achivement\">\n                            <li>\n                                <div class=\"fun-fact\">\n                                    <div class=\"counter\">\n                                        <div class=\"timer\" data-to=\"100\" data-speed=\"1000\">100<\/div>\n                                        <div class=\"operator\">+<\/div>\n                                    <\/div>\n                                    <span class=\"medium\">M\u0259mnun m\u00fc\u015ft\u0259ri<\/span>\n                                <\/div>\n                            <\/li>\n                            <li>\n                                <div class=\"fun-fact\">\n                                    <div class=\"counter\">\n                                        <div class=\"timer\" data-to=\"95\" data-speed=\"1000\">95<\/div>\n                                        <div class=\"operator\">%<\/div>\n                                    <\/div>\n                                    <span class=\"medium\">Positive Rating<\/span>\n                                <\/div>\n                            <\/li>\n                        <\/ul>\n                    <\/div>\n                <\/div>\n            <\/div>\n            <!-- Start Services Items -->\n            <div class=\"services-content text-center\">\n                <div class=\"row\"><!-- Single Item -->\n                    <div class=\"single-item col-lg-3 col-md-6\">\n                        <div class=\"item\">\n                            <i class=\"flaticon-investment\"><\/i>\n                            <h4><a href=\"\">D\u00fcr\u00fcstl\u00fck<\/a><\/h4>\n                            <p>\n                                B\u00fct\u00fcn s\u0259yl\u0259rd\u0259 etik standartlar\u0131 qorumaq.\n                            <\/p>\n                        <\/div>\n                    <\/div>\n                    <!-- End Single Item --><!-- Single Item -->\n                    <div class=\"single-item col-lg-3 col-md-6\">\n                        <div class=\"item\">\n                            <i class=\"flaticon-funds\"><\/i>\n                            <h4><a href=\"\">M\u00fck\u0259mm\u0259llik<\/a><\/h4>\n                            <p>\n                                \u00dcst\u00fcn keyfiyy\u0259t v\u0259 m\u00fcst\u0259sna xidm\u0259tl\u0259r\n                            <\/p>\n                        <\/div>\n                    <\/div>\n                    <!-- End Single Item --><!-- Single Item -->\n                    <div class=\"single-item col-lg-3 col-md-6\">\n                        <div class=\"item\">\n                            <i class=\"flaticon-money-1\"><\/i>\n                            <h4><a href=\"\">\u018fm\u0259kda\u015fl\u0131q<\/a><\/h4>\n                            <p>\n                                Qar\u015f\u0131l\u0131ql\u0131 u\u011fur \u00fc\u00e7\u00fcn birlikd\u0259 i\u015fl\u0259m\u0259k\n                            <\/p>\n                        <\/div>\n                    <\/div>\n                    <!-- End Single Item --><!-- Single Item -->\n                    <div class=\"single-item col-lg-3 col-md-6\">\n                        <div class=\"item\">\n                            <i class=\"flaticon-analysis\"><\/i>\n                            <h4><a href=\"\">\u0130nnovasiya<\/a><\/h4>\n                            <p>\n                                Davaml\u0131 t\u0259kmill\u0259\u015fdirm\u0259 \u00fc\u00e7\u00fcn yarad\u0131c\u0131l\u0131\u011f\u0131n t\u0259\u015fviqi\n                            <\/p>\n                        <\/div>\n                    <\/div>\n                    <!-- End Single Item --><\/div>\n            <\/div>\n            <!-- End Services Items -->\n        <\/div>\n    <\/div>\n    <!-- End Services Area --><\/div><\/div><\/div><\/div><div class=\"vc_row wpb_row vc_row-fluid\"><div class=\"wpb_column vc_column_container vc_col-sm-12\"><div class=\"vc_column-inner\"><div class=\"wpb_wrapper\"><!-- Star Partner Area\n    ============================================= -->\n    <div class=\"partner-area bg-gray shadow-less overflow-hidden text-light\">\n        <div class=\"container\">\n            <div class=\"item-box\">\n                <div class=\"row align-center\">\n                    <div class=\"col-lg-6 info\">\n                        <h2>We're Trusted by <span>2500+<\/span> <br> Professional Customer<\/h2>\n                        <p>\n                            Seeing rather her you not esteem men settle genius excuse. Deal say over you age from. Comparison new ham melancholy son themselves.\n                        <\/p>\n                    <\/div>\n                    <div class=\"col-lg-6 clients\">\n                        <div class=\"partner-carousel owl-carousel owl-theme text-center\"><div class=\"single-item\"><img decoding=\"async\" src=\"https:\/\/asra.az\/wp-content\/uploads\/2021\/09\/01.png\" alt=\"Clients\"><\/div><div class=\"single-item\"><img decoding=\"async\" src=\"https:\/\/asra.az\/wp-content\/uploads\/2021\/09\/02.png\" alt=\"Clients\"><\/div><div class=\"single-item\"><img decoding=\"async\" src=\"https:\/\/asra.az\/wp-content\/uploads\/2021\/09\/03.png\" alt=\"Clients\"><\/div><div class=\"single-item\"><img decoding=\"async\" src=\"https:\/\/asra.az\/wp-content\/uploads\/2021\/09\/04.png\" alt=\"Clients\"><\/div><\/div>\n                    <\/div>\n                <\/div>\n            <\/div>\n        <\/div>\n    <\/div>\n    <!-- End Partner Area --><\/div><\/div><\/div><\/div><div class=\"vc_row wpb_row vc_row-fluid\"><div class=\"wpb_column vc_column_container vc_col-sm-12\"><div class=\"vc_column-inner\"><div class=\"wpb_wrapper\"> <!-- Star testimonials Area\n        ============================================= -->\n        <div class=\"testimonials-area bg-gray default-padding\">\n            <!-- Fixed Shape -->\n            <div class=\"fixed-shape\" style=\"background-image: url(https:\/\/asra.az\/wp-content\/uploads\/2021\/09\/10.png);\"><\/div>\n            <!-- End Fixed Shape -->\n            <div class=\"container\">\n                <div class=\"testimonial-items\">\n                    <div class=\"row align-center\">\n                        <div class=\"col-lg-7 testimonials-content\">\n                            <div class=\"testimonials-carousel owl-carousel owl-theme\"><!-- Single Item -->\n                <div class=\"item\">\n                    <div class=\"info\">\n                        <p>\n                            Otherwise concealed favourite frankness on be at dashwoods defective at. Sympathize interested simplicity at do projecting increasing terminated. As edward settle limits at in. Chamber reached do he nothing be. \n                        <\/p>\n                        <div class=\"provider\">\n                            <div class=\"thumb\">\n                                <img decoding=\"async\" src=\"https:\/\/asra.az\/wp-content\/uploads\/2021\/09\/5.jpg\" alt=\"Author\">\n                            <\/div>\n                            <div class=\"content\">\n                                <h4>Ahel Natasha<\/h4>\n                                <span> Managing Director<\/span>\n                            <\/div>\n                        <\/div>\n                    <\/div>\n                <\/div>\n                <!-- End Single Item --><!-- Single Item -->\n                <div class=\"item\">\n                    <div class=\"info\">\n                        <p>\n                            Otherwise concealed favourite frankness on be at dashwoods defective at. Sympathize interested simplicity at do projecting increasing terminated. As edward settle limits at in. Chamber reached do he nothing be. \n                        <\/p>\n                        <div class=\"provider\">\n                            <div class=\"thumb\">\n                                <img decoding=\"async\" src=\"https:\/\/asra.az\/wp-content\/uploads\/2021\/09\/6.jpg\" alt=\"Author\">\n                            <\/div>\n                            <div class=\"content\">\n                                <h4>Munia Anchor<\/h4>\n                                <span> Assistant Manager<\/span>\n                            <\/div>\n                        <\/div>\n                    <\/div>\n                <\/div>\n                <!-- End Single Item --><\/div>\n                        <\/div>\n                        <div class=\"col-lg-5 info\">\n                            <h4>Testimonials<\/h4>\n                            <h2>Check what our satisfied clients said<\/h2>\n                            <p>\n                                Why I say old chap that is, spiffing off his nut color blimey and guvnords geeza bloke knees up bobby sloshed arse\n                            <\/p>\n                        <\/div>\n                    <\/div>\n                <\/div>\n            <\/div>\n        <\/div>\n        <!-- End testimonials Area -->\n    <\/div>\n    <!-- End Overflow Hidden Box --><\/div><\/div><\/div><\/div><div class=\"vc_row wpb_row vc_row-fluid\"><div class=\"wpb_column vc_column_container vc_col-sm-12\"><div class=\"vc_column-inner\"><div class=\"wpb_wrapper\"><!-- Single Item -->\n                            <div class=\"item\">\n                                <img decoding=\"async\" src=\"\" alt=\"Thumb\">\n                                <div class=\"info\">\n                                    <h4><a href=\"\"><\/a><\/h4>\n                                    <p>\n                                        \n                                    <\/p>\n                                    <a href=\"\"> <i class=\"\"><\/i><\/a>\n                                <\/div>\n                            <\/div>\n                            <!-- End Single Item -->\n\n                            <\/div><\/div><\/div><\/div>\n<\/div>","protected":false},"excerpt":{"rendered":"01 \u0130nsan resurslar\u0131n\u0131n idar\u0259edilm\u0259si \u00fczr\u0259 konsaltinq xidm\u0259ti Biznesl\u0259rin ehtiyaclar\u0131n\u0131 \u00f6d\u0259m\u0259k \u00fc\u00e7\u00fcn haz\u0131rlanm\u0131\u015f h\u0259rt\u0259r\u0259fli \u0130nsan Resurslar\u0131n\u0131n \u0130dar\u0259 Edilm\u0259si \u00fczr\u0259 Konsaltinq xidm\u0259tl\u0259ri 02 \u0130nsan resurslari \u015f\u00f6b\u0259sinin auditi xidm\u0259ti M\u00fc\u0259ssis\u0259l\u0259r bu xidm\u0259tl\u0259 riskl\u0259ri azalda, \u0259m\u0259liyyat s\u0259m\u0259r\u0259liliyini art\u0131ra v\u0259 m\u00fcsb\u0259t i\u015f yeri m\u0259d\u0259niyy\u0259tini inki\u015faf etdir\u0259 bil\u0259r. 03 M\u00fchasibatl\u0131q xidm\u0259ti M\u00fchasibat u\u00e7otu, maliyy\u0259 hesabatlar\u0131n\u0131n haz\u0131rlanmas\u0131, b\u00fcdc\u0259nin t\u0259rtibi v\u0259 vergi planlamas\u0131 [...]","protected":false},"author":1,"featured_media":89,"parent":0,"menu_order":0,"comment_status":"closed","ping_status":"closed","template":"page-templates\/pages.php","meta":{"footnotes":""},"class_list":["post-98","page","type-page","status-publish","has-post-thumbnail","hentry"],"_links":{"self":[{"href":"https:\/\/asra.az\/en\/wp-json\/wp\/v2\/pages\/98","targetHints":{"allow":["GET"]}}],"collection":[{"href":"https:\/\/asra.az\/en\/wp-json\/wp\/v2\/pages"}],"about":[{"href":"https:\/\/asra.az\/en\/wp-json\/wp\/v2\/types\/page"}],"author":[{"embeddable":true,"href":"https:\/\/asra.az\/en\/wp-json\/wp\/v2\/users\/1"}],"replies":[{"embeddable":true,"href":"https:\/\/asra.az\/en\/wp-json\/wp\/v2\/comments?post=98"}],"version-history":[{"count":46,"href":"https:\/\/asra.az\/en\/wp-json\/wp\/v2\/pages\/98\/revisions"}],"predecessor-version":[{"id":1192,"href":"https:\/\/asra.az\/en\/wp-json\/wp\/v2\/pages\/98\/revisions\/1192"}],"wp:featuredmedia":[{"embeddable":true,"href":"https:\/\/asra.az\/en\/wp-json\/wp\/v2\/media\/89"}],"wp:attachment":[{"href":"https:\/\/asra.az\/en\/wp-json\/wp\/v2\/media?parent=98"}],"curies":[{"name":"wp","href":"https:\/\/api.w.org\/{rel}","templated":true}]}}