{"id":958,"date":"2024-03-13T12:54:58","date_gmt":"2024-03-13T12:54:58","guid":{"rendered":"https:\/\/asra.az\/?page_id=958"},"modified":"2024-03-22T20:43:32","modified_gmt":"2024-03-22T20:43:32","slug":"telimler","status":"publish","type":"page","link":"https:\/\/asra.az\/en\/telimler\/","title":{"rendered":"T\u018fL\u0130ML\u018fR"},"content":{"rendered":"<div class=\"wpb-content-wrapper\"><div class=\"vc_row wpb_row vc_row-fluid\"><div class=\"wpb_column vc_column_container vc_col-sm-12\"><div class=\"vc_column-inner\"><div class=\"wpb_wrapper\"><!-- Star Features Area\n    ============================================= -->\n    <div class=\"work-process-area features-area default-padding\">\n        <div class=\"container\">\n            <div class=\"features-content\">\n                <div class=\"row\"><!-- Single Item -->\n                    <div class=\"single-item col-lg-4 col-md-6\">\n                        <div class=\"item\">\n                            <i class=\"flaticon-speech-bubble\"><\/i>\n                            <div class=\"top\">\n                                <span>01<\/span>\n                                <h4>Discussion<\/h4>\n                            <\/div>\n                            <p>\n                                Prevailed mr tolerably discourse assurance estimable applauded to so. Him everything melancholy uncommonly but solicitude. \n                            <\/p>\n                            <a href=\"https:\/\/wordpressriverthemes.com\/earna\/market-research\/\"><i class=\"arrow_right\"><\/i><\/a>\n                        <\/div>\n                    <\/div>\n                    <!-- Single Item --><!-- Single Item -->\n                    <div class=\"single-item col-lg-4 col-md-6\">\n                        <div class=\"item\">\n                            <i class=\"flaticon-label\"><\/i>\n                            <div class=\"top\">\n                                <span>02<\/span>\n                                <h4>Analysis<\/h4>\n                            <\/div>\n                            <p>\n                                Prevailed mr tolerably discourse assurance estimable applauded to so. Him everything melancholy uncommonly but solicitude. \n                            <\/p>\n                            <a href=\"https:\/\/wordpressriverthemes.com\/earna\/advance-analytic\/\"><i class=\"arrow_right\"><\/i><\/a>\n                        <\/div>\n                    <\/div>\n                    <!-- Single Item --><!-- Single Item -->\n                    <div class=\"single-item col-lg-4 col-md-6\">\n                        <div class=\"item\">\n                            <i class=\"flaticon-file\"><\/i>\n                            <div class=\"top\">\n                                <span>03<\/span>\n                                <h4>Implementation<\/h4>\n                            <\/div>\n                            <p>\n                                Prevailed mr tolerably discourse assurance estimable applauded to so. Him everything melancholy uncommonly but solicitude. \n                            <\/p>\n                            <a href=\"https:\/\/wordpressriverthemes.com\/earna\/financial-planning\/\"><i class=\"arrow_right\"><\/i><\/a>\n                        <\/div>\n                    <\/div>\n                    <!-- Single Item --> <\/div>\n            <\/div>\n        <\/div>\n    <\/div>\n    <!-- End Features Area --><\/div><\/div><\/div><\/div><div class=\"vc_row wpb_row vc_row-fluid\"><div class=\"wpb_column vc_column_container vc_col-sm-12\"><div class=\"vc_column-inner\"><div class=\"wpb_wrapper\"><!-- Star Services Area\n    ============================================= -->\n    <div class=\"services-area bg-gray default-padding bottom-less\">\n        <!-- Fixed Shape -->\n        <div class=\"fixed-shape\" style=\"background-image: url(https:\/\/asra.az\/wp-content\/uploads\/2021\/09\/12.png);\"><\/div>\n        <!-- Fixed Shape -->\n        <div class=\"container\">\n            <div class=\"services-heading\">\n                <div class=\"row\">\n                    <div class=\"col-lg-7 left-info\">\n                        <h4>What we do<\/h4>\n                        <h2>Beware of Little Expenses,<br \/>\nsmall leak will sink a Great Ship.<\/h2>\n                    <\/div>\n                    <div class=\"col-lg-5 right-info\">\n                        <ul class=\"achivement\">\n                            <li>\n                                <div class=\"fun-fact\">\n                                    <div class=\"counter\">\n                                        <div class=\"timer\" data-to=\"12560\" data-speed=\"1000\">12560<\/div>\n                                        <div class=\"operator\">+<\/div>\n                                    <\/div>\n                                    <span class=\"medium\">Trusted Users<\/span>\n                                <\/div>\n                            <\/li>\n                            <li>\n                                <div class=\"fun-fact\">\n                                    <div class=\"counter\">\n                                        <div class=\"timer\" data-to=\"95\" data-speed=\"1000\">95<\/div>\n                                        <div class=\"operator\">%<\/div>\n                                    <\/div>\n                                    <span class=\"medium\">Positive Rating<\/span>\n                                <\/div>\n                            <\/li>\n                        <\/ul>\n                    <\/div>\n                <\/div>\n            <\/div>\n            <!-- Start Services Items -->\n            <div class=\"services-content text-center\">\n                <div class=\"row\"><!-- Single Item -->\n                    <div class=\"single-item col-lg-3 col-md-6\">\n                        <div class=\"item\">\n                            <i class=\"flaticon-investment\"><\/i>\n                            <h4><a href=\"https:\/\/asra.az\/en\/ir-konsaltinq-asra\/\">\u0130nsan Resurslar\u0131n\u0131n \u0130dar\u0259edilm\u0259si \u00dczr\u0259 Konsaltinq Xidm\u0259ti<\/a><\/h4>\n                            <p>\n                                Prevailed tolerably discourse assurance estimable pure applauded to save.\n                            <\/p>\n                        <\/div>\n                    <\/div>\n                    <!-- End Single Item --><!-- Single Item -->\n                    <div class=\"single-item col-lg-3 col-md-6\">\n                        <div class=\"item\">\n                            <i class=\"flaticon-funds\"><\/i>\n                            <h4><a href=\"https:\/\/asra.az\/en\/ir-shobe-audit-asra\/\">\u0130nsan Resurslar\u0131 \u015e\u00f6b\u0259sinin Auditi Xidm\u0259ti<\/a><\/h4>\n                            <p>\n                                Prevailed tolerably discourse assurance estimable pure applauded to save.\n                            <\/p>\n                        <\/div>\n                    <\/div>\n                    <!-- End Single Item --><!-- Single Item -->\n                    <div class=\"single-item col-lg-3 col-md-6\">\n                        <div class=\"item\">\n                            <i class=\"flaticon-money-1\"><\/i>\n                            <h4><a href=\"https:\/\/asra.az\/en\/muhasibatliq-xidmeti-asra\/\">M\u00fchasibatl\u0131q Xidm\u0259ti<\/a><\/h4>\n                            <p>\n                                Prevailed tolerably discourse assurance estimable pure applauded to save.\n                            <\/p>\n                        <\/div>\n                    <\/div>\n                    <!-- End Single Item --><!-- Single Item -->\n                    <div class=\"single-item col-lg-3 col-md-6\">\n                        <div class=\"item\">\n                            <i class=\"flaticon-analysis\"><\/i>\n                            <h4><a href=\"https:\/\/asra.az\/en\/maliyy\u0259-auditi-xidm\u0259ti\/\">Maliyy\u0259 Auditi Xidm\u0259ti<\/a><\/h4>\n                            <p>\n                                Prevailed tolerably discourse assurance estimable pure applauded to save.\n                            <\/p>\n                        <\/div>\n                    <\/div>\n                    <!-- End Single Item --><!-- Single Item -->\n                    <div class=\"single-item col-lg-3 col-md-6\">\n                        <div class=\"item\">\n                            <i class=\"flaticon-analysis\"><\/i>\n                            <h4><a href=\"https:\/\/asra.az\/en\/huquqi-ishler-xidmeti\/\">H\u00fcquqi i\u015fl\u0259r xidm\u0259ti<\/a><\/h4>\n                            <p>\n                                Prevailed tolerably discourse assurance estimable pure applauded to save.\n                            <\/p>\n                        <\/div>\n                    <\/div>\n                    <!-- End Single Item --><\/div>\n            <\/div>\n            <!-- End Services Items -->\n        <\/div>\n    <\/div>\n    <!-- End Services Area --><\/div><\/div><\/div><\/div><div class=\"vc_row wpb_row vc_row-fluid\"><div class=\"wpb_column vc_column_container vc_col-sm-12\"><div class=\"vc_column-inner\"><div class=\"wpb_wrapper\"><!-- Star Partner Area\n    ============================================= -->\n    <div class=\"partner-area bg-gray shadow-less overflow-hidden text-light\">\n        <div class=\"container\">\n            <div class=\"item-box\">\n                <div class=\"row align-center\">\n                    <div class=\"col-lg-6 info\">\n                        <h2>We're Trusted by <span>2500+<\/span> <br> Professional Customer<\/h2>\n                        <p>\n                            Seeing rather her you not esteem men settle genius excuse. Deal say over you age from. Comparison new ham melancholy son themselves.\n                        <\/p>\n                    <\/div>\n                    <div class=\"col-lg-6 clients\">\n                        <div class=\"partner-carousel owl-carousel owl-theme text-center\"><div class=\"single-item\"><img decoding=\"async\" src=\"https:\/\/asra.az\/wp-content\/uploads\/2021\/09\/01.png\" alt=\"Clients\"><\/div><div class=\"single-item\"><img decoding=\"async\" src=\"https:\/\/asra.az\/wp-content\/uploads\/2021\/09\/02.png\" alt=\"Clients\"><\/div><div class=\"single-item\"><img decoding=\"async\" src=\"https:\/\/asra.az\/wp-content\/uploads\/2021\/09\/03.png\" alt=\"Clients\"><\/div><div class=\"single-item\"><img decoding=\"async\" src=\"https:\/\/asra.az\/wp-content\/uploads\/2021\/09\/04.png\" alt=\"Clients\"><\/div><\/div>\n                    <\/div>\n                <\/div>\n            <\/div>\n        <\/div>\n    <\/div>\n    <!-- End Partner Area --><\/div><\/div><\/div><\/div><div class=\"vc_row wpb_row vc_row-fluid\"><div class=\"wpb_column vc_column_container vc_col-sm-12\"><div class=\"vc_column-inner\"><div class=\"wpb_wrapper\"> <!-- Star testimonials Area\n        ============================================= -->\n        <div class=\"testimonials-area bg-gray default-padding\">\n            <!-- Fixed Shape -->\n            <div class=\"fixed-shape\" style=\"background-image: url(https:\/\/asra.az\/wp-content\/uploads\/2021\/09\/10.png);\"><\/div>\n            <!-- End Fixed Shape -->\n            <div class=\"container\">\n                <div class=\"testimonial-items\">\n                    <div class=\"row align-center\">\n                        <div class=\"col-lg-7 testimonials-content\">\n                            <div class=\"testimonials-carousel owl-carousel owl-theme\"><!-- Single Item -->\n                <div class=\"item\">\n                    <div class=\"info\">\n                        <p>\n                            Otherwise concealed favourite frankness on be at dashwoods defective at. Sympathize interested simplicity at do projecting increasing terminated. As edward settle limits at in. Chamber reached do he nothing be. \n                        <\/p>\n                        <div class=\"provider\">\n                            <div class=\"thumb\">\n                                <img decoding=\"async\" src=\"https:\/\/asra.az\/wp-content\/uploads\/2021\/09\/5.jpg\" alt=\"Author\">\n                            <\/div>\n                            <div class=\"content\">\n                                <h4>Ahel Natasha<\/h4>\n                                <span> Managing Director<\/span>\n                            <\/div>\n                        <\/div>\n                    <\/div>\n                <\/div>\n                <!-- End Single Item --><!-- Single Item -->\n                <div class=\"item\">\n                    <div class=\"info\">\n                        <p>\n                            Otherwise concealed favourite frankness on be at dashwoods defective at. Sympathize interested simplicity at do projecting increasing terminated. As edward settle limits at in. Chamber reached do he nothing be. \n                        <\/p>\n                        <div class=\"provider\">\n                            <div class=\"thumb\">\n                                <img decoding=\"async\" src=\"https:\/\/asra.az\/wp-content\/uploads\/2021\/09\/6.jpg\" alt=\"Author\">\n                            <\/div>\n                            <div class=\"content\">\n                                <h4>Munia Anchor<\/h4>\n                                <span> Assistant Manager<\/span>\n                            <\/div>\n                        <\/div>\n                    <\/div>\n                <\/div>\n                <!-- End Single Item --><\/div>\n                        <\/div>\n                        <div class=\"col-lg-5 info\">\n                            <h4>Testimonials<\/h4>\n                            <h2>Check what our satisfied clients said<\/h2>\n                            <p>\n                                Why I say old chap that is, spiffing off his nut color blimey and guvnords geeza bloke knees up bobby sloshed arse\n                            <\/p>\n                        <\/div>\n                    <\/div>\n                <\/div>\n            <\/div>\n        <\/div>\n        <!-- End testimonials Area -->\n    <\/div>\n    <!-- End Overflow Hidden Box --><\/div><\/div><\/div><\/div><div class=\"vc_row wpb_row vc_row-fluid\"><div class=\"wpb_column vc_column_container vc_col-sm-12\"><div class=\"vc_column-inner\"><div class=\"wpb_wrapper\"><!-- Single Item -->\n                            <div class=\"item\">\n                                <img decoding=\"async\" src=\"\" alt=\"Thumb\">\n                                <div class=\"info\">\n                                    <h4><a href=\"\"><\/a><\/h4>\n                                    <p>\n                                        \n                                    <\/p>\n                                    <a href=\"\"> <i class=\"\"><\/i><\/a>\n                                <\/div>\n                            <\/div>\n                            <!-- End Single Item -->\n\n                            <\/div><\/div><\/div><\/div>\n<\/div>","protected":false},"excerpt":{"rendered":"01 Discussion Prevailed mr tolerably discourse assurance estimable applauded to so. Him everything melancholy uncommonly but solicitude. 02 Analysis Prevailed mr tolerably discourse assurance estimable applauded to so. Him everything melancholy uncommonly but solicitude. 03 Implementation Prevailed mr tolerably discourse assurance estimable applauded to so. Him everything melancholy uncommonly but solicitude. What we do Beware [...]","protected":false},"author":1,"featured_media":89,"parent":0,"menu_order":0,"comment_status":"closed","ping_status":"closed","template":"page-templates\/pages.php","meta":{"footnotes":""},"class_list":["post-958","page","type-page","status-publish","has-post-thumbnail","hentry"],"_links":{"self":[{"href":"https:\/\/asra.az\/en\/wp-json\/wp\/v2\/pages\/958","targetHints":{"allow":["GET"]}}],"collection":[{"href":"https:\/\/asra.az\/en\/wp-json\/wp\/v2\/pages"}],"about":[{"href":"https:\/\/asra.az\/en\/wp-json\/wp\/v2\/types\/page"}],"author":[{"embeddable":true,"href":"https:\/\/asra.az\/en\/wp-json\/wp\/v2\/users\/1"}],"replies":[{"embeddable":true,"href":"https:\/\/asra.az\/en\/wp-json\/wp\/v2\/comments?post=958"}],"version-history":[{"count":7,"href":"https:\/\/asra.az\/en\/wp-json\/wp\/v2\/pages\/958\/revisions"}],"predecessor-version":[{"id":1070,"href":"https:\/\/asra.az\/en\/wp-json\/wp\/v2\/pages\/958\/revisions\/1070"}],"wp:featuredmedia":[{"embeddable":true,"href":"https:\/\/asra.az\/en\/wp-json\/wp\/v2\/media\/89"}],"wp:attachment":[{"href":"https:\/\/asra.az\/en\/wp-json\/wp\/v2\/media?parent=958"}],"curies":[{"name":"wp","href":"https:\/\/api.w.org\/{rel}","templated":true}]}}