{"id":866,"date":"2024-03-11T11:47:18","date_gmt":"2024-03-11T11:47:18","guid":{"rendered":"https:\/\/asra.az\/?page_id=866"},"modified":"2025-04-21T18:48:47","modified_gmt":"2025-04-21T18:48:47","slug":"emek-haqqi-hesablanmasi-telimi","status":"publish","type":"page","link":"https:\/\/asra.az\/en\/emek-haqqi-hesablanmasi-telimi\/","title":{"rendered":"\u018fM\u018fK HAQQI HESABLANMASI T\u018fL\u0130M\u0130"},"content":{"rendered":"<div class=\"wpb-content-wrapper\"><div class=\"vc_row wpb_row vc_row-fluid\"><div class=\"wpb_column vc_column_container vc_col-sm-12\"><div class=\"vc_column-inner\"><div class=\"wpb_wrapper\"><!-- Star Services Details Area\n    ============================================= -->\n    <div class=\"services-details-area default-padding\">\n        <div class=\"container\">\n            <div class=\"services-details-items\">\n                <div class=\"row\">\n                    <div class=\"col-lg-8 services-single-content\">\n                        <img decoding=\"async\" src=\"\" alt=\"Thumb\">\n                        <h2>\u018fm\u0259k Haqq\u0131n\u0131n hesablanmas\u0131 t\u0259limi<\/h2>\n                        <p>\n                            \u018fm\u0259k haqq\u0131n\u0131n hesablanmas\u0131 t\u0259limi, insan resurslar\u0131 v\u0259 m\u00fchasibatl\u0131q sah\u0259sind\u0259 \u00e7al\u0131\u015fan v\u0259 ya \u00e7al\u0131\u015fmaq ist\u0259y\u0259n \u015f\u0259xsl\u0259rin \u0259m\u0259k haqq\u0131n\u0131n hesablanmas\u0131 bar\u0259d\u0259 bilikl\u0259r\u0259 yiy\u0259l\u0259nm\u0259sin\u0259 s\u0259b\u0259b olacaqd\u0131r. Bu bilikl\u0259r vasit\u0259sil\u0259 i\u015ftirak\u00e7\u0131larda \u0259m\u0259k haqq\u0131 \u00fczr\u0259 h\u0259m praktiki, h\u0259m d\u0259 qanunvericiliy\u0259 \u0259saslanan pe\u015f\u0259kar yana\u015fma formala\u015fd\u0131racaqd\u0131r.\n                        <\/p>\n                        <div class=\"features\">\n                            <div class=\"row\"> <\/div>\n                        <\/div>\n\t<div class=\"wpb_text_column wpb_content_element\" >\n\t\t<div class=\"wpb_wrapper\">\n\t\t\t<p><strong>\u018fm\u0259k haqq\u0131n\u0131n hesablanmas\u0131 T\u0259limind\u0259 i\u015ftirak\u00e7\u0131lar a\u015fa\u011f\u0131dak\u0131lar\u0131 \u00f6yr\u0259n\u0259c\u0259kl\u0259r:<\/strong><\/p>\n\n\t\t<\/div>\n\t<\/div>\n\n\t<div class=\"wpb_text_column wpb_content_element\" >\n\t\t<div class=\"wpb_wrapper\">\n\t\t\t<p class=\"\" data-start=\"317\" data-end=\"356\">\u2705 \u018fm\u0259k haqq\u0131 anlay\u0131\u015f\u0131 v\u0259 n\u00f6vl\u0259ri;<\/p>\n<p class=\"\" data-start=\"490\" data-end=\"531\">\u2705 \u018fm\u0259k haqq\u0131n\u0131n hesablanma qaydas\u0131;<\/p>\n<p class=\"\" data-start=\"660\" data-end=\"704\">\u2705 \u018fm\u0259k haqq\u0131na \u0259lav\u0259l\u0259r v\u0259 m\u00fckafatlar;<\/p>\n<p class=\"\" data-start=\"835\" data-end=\"876\">\u2705 \u018fm\u0259k m\u0259zuniyy\u0259tinin hesablanmas\u0131;<\/p>\n<p class=\"\" data-start=\"835\" data-end=\"876\">\u2705 Orta \u0259m\u0259k haqq\u0131n\u0131n hesablanmas\u0131;<\/p>\n<p class=\"\" data-start=\"835\" data-end=\"876\">\u2705 \u018fm\u0259k qabiliyy\u0259tinin itirilm\u0259sin\u0259 g\u00f6r\u0259 m\u00fcavin\u0259tin hesablanmas\u0131;<\/p>\n<p class=\"\" data-start=\"1342\" data-end=\"1380\">\u2705 Son haqq-hesab\u0131n hesablanmas\u0131;<\/p>\n<p class=\"\" data-start=\"1537\" data-end=\"1586\">\u2705 \u018fm\u0259k haqq\u0131ndan tutulmalar v\u0259 azadolmalar;<\/p>\n<p class=\"\" data-start=\"1778\" data-end=\"1849\">\u2705 DSMF v\u0259 Vergi b\u0259yannam\u0259l\u0259ri \u00fc\u00e7\u00fcn \u0259sas \u0259m\u0259k haqq\u0131nda diqq\u0259t edil\u0259c\u0259k m\u0259qamlar;<\/p>\n<p class=\"\" data-start=\"2005\" data-end=\"2069\">\u2705 \u018fm\u0259k haqq\u0131 c\u0259dv\u0259ll\u0259ri v\u0259 daxili s\u0259n\u0259dl\u0259rin haz\u0131rlanmas\u0131;<\/p>\n<p data-start=\"2005\" data-end=\"2069\">\u2705 Ezamiyy\u0259tin hesablanmas\u0131<strong data-start=\"2007\" data-end=\"2067\">;<\/strong><\/p>\n<p>\u2705 M\u00fcv\u0259qq\u0259ti \u0259v\u0259zetm\u0259y\u0259 v\u0259 bo\u015fdayanmaya g\u00f6r\u0259 haqq\u0131n hesablanmas\u0131;<\/p>\n<p>\u2705 \u018fv\u0259z\u00e7ilik \u00fczr\u0259 \u0259m\u0259k haqq\u0131n\u0131n hesablanmas\u0131;<\/p>\n<p>\u2705 \u0130stirah\u0259t, s\u0259sverm\u0259, i\u015f g\u00fcn\u00fc hesab edilm\u0259y\u0259n bayram g\u00fcnl\u0259ri v\u0259 \u00fcmumxalq h\u00fczn g\u00fcn\u00fc g\u00f6r\u00fcl\u0259n i\u015f\u0259 g\u00f6r\u0259 \u0259m\u0259khaqq\u0131n\u0131n hesablanmas\u0131;<\/p>\n<p>\u2705 \u0130\u015f vaxt\u0131ndan art\u0131q vaxtda g\u00f6r\u00fcl\u0259n i\u015f\u0259 g\u00f6r\u0259 \u0259m\u0259k haqq\u0131n\u0131n hesablanmas\u0131;<\/p>\n<p>\u2705 Gec\u0259 vaxt\u0131 v\u0259 \u00e7oxn\u00f6vb\u0259li i\u015f rejimin\u0259 g\u00f6r\u0259 haqq\u0131n hesablanmas\u0131;<\/p>\n<p>\u2705 \u0130\u015f vaxt\u0131n\u0131n c\u0259ml\u0259nmi\u015f u\u00e7otunun t\u0259tbiqi zaman\u0131 \u0259m\u0259k haqq\u0131 hesablanmas\u0131 qaydas\u0131;<\/p>\n<p>&nbsp;<\/p>\n<p><b>T\u0259limin dili:\u00a0<\/b>Az\u0259rbaycan dili;<\/p>\n<p><strong>T\u0259limin m\u00fcdd\u0259ti:<\/strong> 20 saat (H\u0259ft\u0259d\u0259 2 d\u0259f\u0259 2 saat olmaqla 5 h\u0259ft\u0259)<\/p>\n<p>T\u0259lim f\u0259rdi v\u0259 qrup hal\u0131nda ke\u00e7irilir.<\/p>\n<p><strong>T\u0259limin qiym\u0259ti:<\/strong><\/p>\n<p>F\u0259rdi qaydada: 350 AZN<\/p>\n<p>Qrup hal\u0131nda: 200 AZN<\/p>\n<p>&nbsp;<\/p>\n<p><strong>\u2714<\/strong><strong>\u00a0\u00d6d\u0259ni\u015f\u0259 daxildir:<\/strong><\/p>\n<p>&#8211; T\u0259lim materiallar\u0131 (Elektron formada)<br \/>\n&#8211; Sertifikat (\u0130mtahan n\u0259tic\u0259sin\u0259 uy\u011fun)<\/p>\n\n\t\t<\/div>\n\t<\/div>\n <\/div>\n                    <div class=\"col-lg-4 services-sidebar\">\n                        <!-- Single Widget --><!-- Single Widget -->\n                        <div class=\"single-widget services-list\">\n                            <h4 class=\"widget-title\">T\u0259liml\u0259r<\/h4>\n                            <div class=\"content\">\n                                <ul><li class=\"current-item\"><a href=\"https:\/\/asra.az\/en\/emek-haqqi-hesablanmasi-telimi\/\">\u018fM\u018fK HAQQI HESABLANMASI T\u018fL\u0130M\u0130<\/a><\/li><li class=\"\"><a href=\"https:\/\/asra.az\/en\/emek-qanunvericiliyi-kadr-hazirligi-asra\/\">\u018fM\u018fK QANUNVER\u0130C\u0130L\u0130Y\u0130 V\u018f KADR KARG\u00dcZARLI\u011eI T\u018fL\u0130M\u0130<\/a><\/li><li class=\"\"><a href=\"https:\/\/asra.az\/en\/ms-office-asra\/\">MS OFFICE T\u018fL\u0130M\u0130<\/a><\/li><\/ul>\n                            <\/div>\n                        <\/div>\n                        <!-- End Single Widget --><!-- End Single Widget -->\n                        <div class=\"single-widget quick-contact text-light\" style=\"background-image: url(https:\/\/asra.az\/wp-content\/uploads\/2021\/10\/6.jpg);\">\n                            <div class=\"content\">\n                                <i class=\"fas fa-phone\"><\/i>\n                                <h4>K\u00f6m\u0259k laz\u0131md\u0131r?<\/h4>\n                                <p>\n                                    Suallar\u0131n\u0131z\u0131 cavabland\u0131rmaq \u00fc\u00e7\u00fcn 09:00-21:00 z\u0259ng ed\u0259 v\u0259 ya whatsapp \u00fcz\u0259rind\u0259 yaza bil\u0259rsiniz.\n                                <\/p>\n                                <h2>+994 70 422 01 00<\/h2>\n                            <\/div>\n                        <\/div>\n                        <!-- Single Widget --><\/div><\/div><\/div><\/div>\n<\/div>","protected":false},"excerpt":{"rendered":"\u018fm\u0259k Haqq\u0131n\u0131n hesablanmas\u0131 t\u0259limi \u018fm\u0259k haqq\u0131n\u0131n hesablanmas\u0131 t\u0259limi, insan resurslar\u0131 v\u0259 m\u00fchasibatl\u0131q sah\u0259sind\u0259 \u00e7al\u0131\u015fan v\u0259 ya \u00e7al\u0131\u015fmaq ist\u0259y\u0259n \u015f\u0259xsl\u0259rin \u0259m\u0259k haqq\u0131n\u0131n hesablanmas\u0131 bar\u0259d\u0259 bilikl\u0259r\u0259 yiy\u0259l\u0259nm\u0259sin\u0259 s\u0259b\u0259b olacaqd\u0131r. Bu bilikl\u0259r vasit\u0259sil\u0259 i\u015ftirak\u00e7\u0131larda \u0259m\u0259k haqq\u0131 \u00fczr\u0259 h\u0259m praktiki, h\u0259m d\u0259 qanunvericiliy\u0259 \u0259saslanan pe\u015f\u0259kar yana\u015fma formala\u015fd\u0131racaqd\u0131r. \u018fm\u0259k haqq\u0131n\u0131n hesablanmas\u0131 T\u0259limind\u0259 i\u015ftirak\u00e7\u0131lar a\u015fa\u011f\u0131dak\u0131lar\u0131 \u00f6yr\u0259n\u0259c\u0259kl\u0259r: \u2705 \u018fm\u0259k haqq\u0131 anlay\u0131\u015f\u0131 v\u0259 [...]","protected":false},"author":1,"featured_media":1245,"parent":0,"menu_order":0,"comment_status":"closed","ping_status":"closed","template":"page-templates\/pages.php","meta":{"footnotes":""},"class_list":["post-866","page","type-page","status-publish","has-post-thumbnail","hentry"],"_links":{"self":[{"href":"https:\/\/asra.az\/en\/wp-json\/wp\/v2\/pages\/866","targetHints":{"allow":["GET"]}}],"collection":[{"href":"https:\/\/asra.az\/en\/wp-json\/wp\/v2\/pages"}],"about":[{"href":"https:\/\/asra.az\/en\/wp-json\/wp\/v2\/types\/page"}],"author":[{"embeddable":true,"href":"https:\/\/asra.az\/en\/wp-json\/wp\/v2\/users\/1"}],"replies":[{"embeddable":true,"href":"https:\/\/asra.az\/en\/wp-json\/wp\/v2\/comments?post=866"}],"version-history":[{"count":20,"href":"https:\/\/asra.az\/en\/wp-json\/wp\/v2\/pages\/866\/revisions"}],"predecessor-version":[{"id":1263,"href":"https:\/\/asra.az\/en\/wp-json\/wp\/v2\/pages\/866\/revisions\/1263"}],"wp:featuredmedia":[{"embeddable":true,"href":"https:\/\/asra.az\/en\/wp-json\/wp\/v2\/media\/1245"}],"wp:attachment":[{"href":"https:\/\/asra.az\/en\/wp-json\/wp\/v2\/media?parent=866"}],"curies":[{"name":"wp","href":"https:\/\/api.w.org\/{rel}","templated":true}]}}