{"id":839,"date":"2024-03-11T11:41:04","date_gmt":"2024-03-11T11:41:04","guid":{"rendered":"https:\/\/asra.az\/?page_id=839"},"modified":"2024-05-22T19:56:51","modified_gmt":"2024-05-22T19:56:51","slug":"huquqi-ishler-xidmeti","status":"publish","type":"page","link":"https:\/\/asra.az\/en\/huquqi-ishler-xidmeti\/","title":{"rendered":"H\u00dcQUQ\u0130 \u0130\u015eL\u018fR X\u0130DM\u018fT\u0130"},"content":{"rendered":"<div class=\"wpb-content-wrapper\"><div class=\"vc_row wpb_row vc_row-fluid\"><div class=\"wpb_column vc_column_container vc_col-sm-12\"><div class=\"vc_column-inner\"><div class=\"wpb_wrapper\"><!-- Star Services Details Area\n    ============================================= -->\n    <div class=\"services-details-area default-padding\">\n        <div class=\"container\">\n            <div class=\"services-details-items\">\n                <div class=\"row\">\n                    <div class=\"col-lg-8 services-single-content\">\n                        <img decoding=\"async\" src=\"https:\/\/asra.az\/wp-content\/uploads\/2021\/11\/1.jpg\" alt=\"Thumb\">\n                        <h2>H\u00fcquqi \u0130\u015fl\u0259r Xidm\u0259ti<\/h2>\n                        <p>\n                            \u0130nsanlar\u0131n \u00f6z h\u00fcquqlar\u0131n\u0131 bilm\u0259si, ehtiyacdan \u0259lav\u0259 bir z\u0259rur\u0259tdir.<br \/>\n\u015eirk\u0259tinizin h\u00fcquqi normalara cavab verm\u0259si \u00fc\u00e7\u00fcn buraday\u0131q. Biz siz\u0259 biznesinizin h\u00fcquqi probl\u0259ml\u0259ri varsa, onlar\u0131 g\u00f6st\u0259rm\u0259y\u0259, h\u00fcquqi \u00f6hd\u0259likl\u0259rinizi yerin\u0259 yetirm\u0259y\u0259 v\u0259 g\u0259l\u0259c\u0259k maliyy\u0259 q\u0259rarlar\u0131n\u0131z\u0131 planla\u015fd\u0131rma\u011fa k\u00f6m\u0259klik g\u00f6st\u0259ririk.<br \/>\nB\u0259z\u0259n is\u0259 h\u00fcquqlar\u0131n\u0131z\u0131 bildiyiniz halda onlar\u0131 m\u00fcdafi\u0259 etm\u0259k \u00fc\u00e7\u00fcn pe\u015f\u0259karlar\u0131n d\u0259st\u0259yi laz\u0131m olur. Bu hal h\u0259m fiziki \u015f\u0259xsl\u0259r \u00fc\u00e7\u00fcn, h\u0259m d\u0259 \u015firk\u0259tl\u0259r \u00fc\u00e7\u00fcn ke\u00e7\u0259rlidir.\n                        <\/p>\n                        <div class=\"features\">\n                            <div class=\"row\"> <\/div>\n                        <\/div>\n\t<div class=\"wpb_text_column wpb_content_element\" >\n\t\t<div class=\"wpb_wrapper\">\n\t\t\t<p><strong>F\u0130Z\u0130K\u0130 V\u018f H\u00dcQUQ\u0130 \u015e\u018fXSL\u018fR\u0130N QEYD\u0130YYATDAN KE\u00c7\u0130R\u0130LM\u018fS\u0130<\/strong><\/p>\n<p>Fiziki \u015f\u0259xl\u0259r h\u00fcquqi \u015f\u0259xs yaratmadan, y\u0259ni f\u0259rdi sahibkar kimi g\u0259lir \u0259ld\u0259 etm\u0259k m\u0259qs\u0259dil\u0259 f\u0259rdi sahibkarl\u0131q f\u0259aliyy\u0259ti il\u0259 m\u0259\u015f\u011ful ola bil\u0259rl\u0259r. Bel\u0259 ki, bunun \u00fc\u00e7\u00fcn fiziki \u015f\u0259xsl\u0259r ilk n\u00f6vb\u0259d\u0259 vergi \u00f6d\u0259yicisi kimi d\u00f6vl\u0259t qeydiyyat\u0131na al\u0131nmal\u0131d\u0131rlar. Y\u0259ni \u00f6z f\u0259aliyy\u0259tl\u0259rini h\u0259yata ke\u00e7irdikl\u0259ri zaman g\u0259lir vergisini hesablamal\u0131, onu b\u0259yan etm\u0259li v\u0259 \u00f6d\u0259m\u0259lidirl\u0259r. Biz &#8221; ASRA MANAGEMENT &#8221; MMC olaraq fiziki \u015f\u0259xsl\u0259rin qeydiyyatdan ke\u00e7irilm\u0259si \u00fc\u00e7\u00fcn siz\u0259 xidm\u0259t g\u00f6st\u0259rm\u0259y\u0259 haz\u0131r\u0131q.<\/p>\n<p>Yeni yarad\u0131lacaq h\u00fcquqi \u015f\u0259xsl\u0259rin d\u00f6vl\u0259t qeydiyyat\u0131na al\u0131nmas\u0131, m\u00f6vcud h\u00fcquqi m\u0259lumatlara d\u0259yi\u015fiklikl\u0259rin edilm\u0259si, eyni zamanda h\u00fcquqi \u015f\u0259xsl\u0259rin l\u0259\u011fvi \u00fczr\u0259 b\u00fct\u00fcn h\u00fcquqi prosedurlar\u0131n h\u0259yata ke\u00e7irilm\u0259si v\u0259 s uzun zamandan b\u0259ri t\u0259qdim etdiyimiz xidm\u0259tl\u0259rimizd\u0259n biridir.<\/p>\n<ul>\n<li>H\u00fcquqi \u015f\u0259xsl\u0259rin qeydiyyat\u0131<\/li>\n<li>H\u00fcquqi \u015f\u0259xsin ad\u0131n\u0131n d\u0259yi\u015fdirilm\u0259si<\/li>\n<li>H\u00fcquqi \u015f\u0259xsin l\u0259\u011fvi<\/li>\n<li>H\u00fcquqi \u015f\u0259xsin t\u0259sis\u00e7isinin d\u0259yi\u015fdirilm\u0259si<\/li>\n<li>H\u00fcquqi \u015f\u0259xsin direktorunun d\u0259yi\u015fdirilm\u0259si<\/li>\n<\/ul>\n\n\t\t<\/div>\n\t<\/div>\n\n\t<div class=\"wpb_text_column wpb_content_element\" >\n\t\t<div class=\"wpb_wrapper\">\n\t\t\t<h2 class=\"blog_title\">Patent Xidm\u0259ti<\/h2>\n<div class=\"blog_date\"><\/div>\n<div class=\"blog_content\">\n<p>\u018fqli m\u00fclkiyy\u0259t h\u00fcququ\u00a0ixtiralar, faydal\u0131 modell\u0259r, s\u0259naye n\u00fcmun\u0259l\u0259ri, \u0259mt\u0259\u0259 ni\u015fanlar\u0131, m\u00fc\u0259lliflik h\u00fcququ\u00a0olan \u0259s\u0259rl\u0259r, ifalar, fonoqramlar, yay\u0131m t\u0259\u015fkilatlar\u0131n\u0131n verili\u015fl\u0259ri, inteqral sxem topologiyalar\u0131, m\u0259lumat toplular\u0131, folklor n\u00fcmun\u0259l\u0259ri \u00fcz\u0259rind\u0259ki h\u00fcquqlard\u0131r. Az\u0259rbaycanda kifay\u0259t q\u0259d\u0259r yarad\u0131c\u0131 insan olsa da, t\u0259\u0259ss\u00fcf ki, onlar \u0259ks\u0259r hallarda yaratd\u0131qlar\u0131 \u0259qli m\u00fclkiyy\u0259ti \u00f6z\u00fcn\u00fcnk\u00fcl\u0259\u015fdirm\u0259k \u00fc\u00e7\u00fcn h\u00fcquqi z\u0259ruri olan add\u0131mlar\u0131 artm\u0131rlar. Bu sah\u0259d\u0259 d\u0259 pe\u015f\u0259kar h\u00fcquq \u015firk\u0259ti olaraq siz bizim professional h\u00fcquq\u015f\u00fcnaslar\u0131m\u0131z\u0131n xidm\u0259tind\u0259n yararlana bil\u0259rsiniz. H\u00fcquq\u015f\u00fcnaslar\u0131m\u0131z siz\u0259 \u0259qli m\u00fclkiyy\u0259t h\u00fcquqlar\u0131n\u0131n m\u00fcdafi\u0259sind\u0259, sertifikatla\u015fd\u0131rma v\u0259 patent \u00fczr\u0259 yaz\u0131\u015fmalar\u0131n apar\u0131lmas\u0131nda, ticar\u0259t markalar\u0131n\u0131n h\u00fcquqi m\u00fcdafi\u0259sind\u0259, reputasiya v\u0259 i\u015fg\u00fczar n\u00fcfuzun m\u00fcdafi\u0259sind\u0259, m\u00fc\u0259lliflikl\u0259 \u0259laq\u0259li h\u00fcquqlarla ba\u011fl\u0131 patentin qeydiyyata al\u0131nmas\u0131 v\u0259 h\u00fcquqi m\u00fcdafi\u0259 t\u0259dbirl\u0259rind\u0259, \u0259mt\u0259\u0259 ni\u015fan\u0131na, faydal\u0131 model\u0259, ixtiraya, s\u0259naye n\u00fcmun\u0259sin\u0259 patent al\u0131nmas\u0131 il\u0259 ba\u011fl\u0131 h\u00fcquqi d\u0259st\u0259k g\u00f6st\u0259r\u0259 bil\u0259rl\u0259r.<\/p>\n<\/div>\n\n\t\t<\/div>\n\t<\/div>\n\n\t<div class=\"wpb_text_column wpb_content_element\" >\n\t\t<div class=\"wpb_wrapper\">\n\t\t\t\n\t\t<\/div>\n\t<\/div>\n <\/div>\n                    <div class=\"col-lg-4 services-sidebar\">\n                        <!-- Single Widget --><!-- Single Widget -->\n                        <div class=\"single-widget services-list\">\n                            <h4 class=\"widget-title\">Xidm\u0259tl\u0259r<\/h4>\n                            <div class=\"content\">\n                                <ul><li class=\"current-item\"><a href=\"https:\/\/asra.az\/en\/huquqi-ishler-xidmeti\/\">H\u00dcQUQ\u0130 \u0130\u015eL\u018fR X\u0130DM\u018fT\u0130<\/a><\/li><li class=\"\"><a href=\"https:\/\/asra.az\/en\/ir-konsaltinq-asra\/\">\u0130NSAN RESURSLARININ \u0130DAR\u018f ED\u0130LM\u018fS\u0130 \u00dcZR\u018f KONSALT\u0130NQ X\u0130DM\u018fT\u0130<\/a><\/li><li class=\"\"><a href=\"https:\/\/asra.az\/en\/ir-shobe-audit-asra\/\">\u0130NSAN RESURSLARI \u015e\u00d6B\u018fS\u0130N\u0130N AUD\u0130T\u0130 X\u0130DM\u018fT\u0130<\/a><\/li><li class=\"\"><a href=\"https:\/\/asra.az\/en\/muhasibatliq-xidmeti-asra\/\">M\u00dcHAS\u0130BATLIQ X\u0130DM\u018fT\u0130<\/a><\/li><li class=\"\"><a href=\"https:\/\/asra.az\/en\/maliyye-auditi-xidmeti\/\">MAL\u0130YY\u018f AUD\u0130T\u0130 X\u0130DM\u018fT\u0130<\/a><\/li><\/ul>\n                            <\/div>\n                        <\/div>\n                        <!-- End Single Widget --><!-- End Single Widget -->\n                        <div class=\"single-widget quick-contact text-light\" style=\"background-image: url(https:\/\/asra.az\/wp-content\/uploads\/2021\/09\/1.jpg);\">\n                            <div class=\"content\">\n                                <i class=\"fas fa-phone\"><\/i>\n                                <h4>K\u00f6m\u0259k laz\u0131md\u0131r?<\/h4>\n                                <p>\n                                    \u0130st\u0259nil\u0259n vaxt m\u00fc\u015ft\u0259rimiz\u0259 k\u00f6m\u0259k etm\u0259k \u00fc\u00e7\u00fcn buraday\u0131q. Suallar\u0131n\u0131z\u0131 cavabland\u0131rmaq \u00fc\u00e7\u00fcn 24\/7 z\u0259ng ed\u0259 bil\u0259rsiniz.\n                                <\/p>\n                                <h2>+994 50 402 49 47<\/h2>\n                            <\/div>\n                        <\/div>\n                        <!-- Single Widget --><!-- Single Widget -->\n                        <div class=\"single-widget brochure\">\n                            <h4 class=\"widget-title\">Brochure<\/h4>\n                            <ul>\n                                <li><a href=\"#\"><i class=\"fas fa-file-pdf\"><\/i> Download Docs<\/a><\/li>\n                                <li><a href=\"#\"><i class=\"fas fa-file-word\"><\/i> Company details<\/a><\/li>\n                            <\/ul>\n                        <\/div>\n                        <!-- End Single Widget --> <\/div>\n                <\/div>\n            <\/div>\n        <\/div>\n    <\/div>\n    <!-- End Services Details Area --><\/div><\/div><\/div><\/div>\n<\/div>","protected":false},"excerpt":{"rendered":"H\u00fcquqi \u0130\u015fl\u0259r Xidm\u0259ti \u0130nsanlar\u0131n \u00f6z h\u00fcquqlar\u0131n\u0131 bilm\u0259si, ehtiyacdan \u0259lav\u0259 bir z\u0259rur\u0259tdir. \u015eirk\u0259tinizin h\u00fcquqi normalara cavab verm\u0259si \u00fc\u00e7\u00fcn buraday\u0131q. Biz siz\u0259 biznesinizin h\u00fcquqi probl\u0259ml\u0259ri varsa, onlar\u0131 g\u00f6st\u0259rm\u0259y\u0259, h\u00fcquqi \u00f6hd\u0259likl\u0259rinizi yerin\u0259 yetirm\u0259y\u0259 v\u0259 g\u0259l\u0259c\u0259k maliyy\u0259 q\u0259rarlar\u0131n\u0131z\u0131 planla\u015fd\u0131rma\u011fa k\u00f6m\u0259klik g\u00f6st\u0259ririk. B\u0259z\u0259n is\u0259 h\u00fcquqlar\u0131n\u0131z\u0131 bildiyiniz halda onlar\u0131 m\u00fcdafi\u0259 etm\u0259k \u00fc\u00e7\u00fcn pe\u015f\u0259karlar\u0131n d\u0259st\u0259yi laz\u0131m olur. Bu hal h\u0259m fiziki \u015f\u0259xsl\u0259r [...]","protected":false},"author":1,"featured_media":89,"parent":0,"menu_order":0,"comment_status":"closed","ping_status":"closed","template":"page-templates\/pages.php","meta":{"footnotes":""},"class_list":["post-839","page","type-page","status-publish","has-post-thumbnail","hentry"],"_links":{"self":[{"href":"https:\/\/asra.az\/en\/wp-json\/wp\/v2\/pages\/839","targetHints":{"allow":["GET"]}}],"collection":[{"href":"https:\/\/asra.az\/en\/wp-json\/wp\/v2\/pages"}],"about":[{"href":"https:\/\/asra.az\/en\/wp-json\/wp\/v2\/types\/page"}],"author":[{"embeddable":true,"href":"https:\/\/asra.az\/en\/wp-json\/wp\/v2\/users\/1"}],"replies":[{"embeddable":true,"href":"https:\/\/asra.az\/en\/wp-json\/wp\/v2\/comments?post=839"}],"version-history":[{"count":10,"href":"https:\/\/asra.az\/en\/wp-json\/wp\/v2\/pages\/839\/revisions"}],"predecessor-version":[{"id":1222,"href":"https:\/\/asra.az\/en\/wp-json\/wp\/v2\/pages\/839\/revisions\/1222"}],"wp:featuredmedia":[{"embeddable":true,"href":"https:\/\/asra.az\/en\/wp-json\/wp\/v2\/media\/89"}],"wp:attachment":[{"href":"https:\/\/asra.az\/en\/wp-json\/wp\/v2\/media?parent=839"}],"curies":[{"name":"wp","href":"https:\/\/api.w.org\/{rel}","templated":true}]}}