{"id":837,"date":"2024-03-11T11:40:03","date_gmt":"2024-03-11T11:40:03","guid":{"rendered":"https:\/\/asra.az\/?page_id=837"},"modified":"2024-05-10T21:26:09","modified_gmt":"2024-05-10T21:26:09","slug":"muhasibatliq-xidmeti-asra","status":"publish","type":"page","link":"https:\/\/asra.az\/en\/muhasibatliq-xidmeti-asra\/","title":{"rendered":"M\u00dcHAS\u0130BATLIQ X\u0130DM\u018fT\u0130"},"content":{"rendered":"<div class=\"wpb-content-wrapper\"><div class=\"vc_row wpb_row vc_row-fluid\"><div class=\"wpb_column vc_column_container vc_col-sm-12\"><div class=\"vc_column-inner\"><div class=\"wpb_wrapper\"><!-- Star Services Details Area\n    ============================================= -->\n    <div class=\"services-details-area default-padding\">\n        <div class=\"container\">\n            <div class=\"services-details-items\">\n                <div class=\"row\">\n                    <div class=\"col-lg-8 services-single-content\">\n                        <img decoding=\"async\" src=\"https:\/\/asra.az\/wp-content\/uploads\/2021\/11\/1.jpg\" alt=\"Thumb\">\n                        <h2>M\u00dcHAS\u0130BATLIQ X\u0130DM\u018fT\u0130<\/h2>\n                        <p>\n                            Biznesinizi inki\u015faf etdirm\u0259k \u00fc\u00e7\u00fcn ilk add\u0131m maliyy\u0259 t\u0259nziml\u0259m\u0259l\u0259rinizi v\u0259 planlar\u0131n\u0131z\u0131 d\u00fczg\u00fcn etm\u0259kdir. X\u00fcsus\u0259n d\u0259 sahibkar bu xidm\u0259tl\u0259ri yerin\u0259 yetirm\u0259k \u00fc\u00e7\u00fcn laz\u0131mi bilik v\u0259 bacar\u0131qlara malik deyils\u0259, o, x\u0259rcl\u0259rini v\u0259 g\u0259lirl\u0259rini izl\u0259m\u0259k v\u0259 f\u0259aliyy\u0259tini qanunvericiliy\u0259 uy\u011fun h\u0259yata ke\u00e7irm\u0259k \u00fc\u00e7\u00fcn bu xidm\u0259tl\u0259rin n\u0259 oldu\u011funu v\u0259 \u0259h\u0259miyy\u0259tini d\u0259rk etm\u0259lidir.\n                        <\/p>\n                        <div class=\"features\">\n                            <div class=\"row\"> <\/div>\n                        <\/div>\n\t<div class=\"wpb_text_column wpb_content_element\" >\n\t\t<div class=\"wpb_wrapper\">\n\t\t\t<p dir=\"ltr\">\u015eirk\u0259timiz m\u00fc\u015ft\u0259rinin t\u0259l\u0259bl\u0259rin\u0259 uy\u011fun qiym\u0259td\u0259 keyfiyy\u0259tli\u00a0<strong>autsorsinq m\u00fchasibat xidm\u0259tl\u0259rini<\/strong> t\u0259klif edir. \u015eirk\u0259timizin t\u0259klif etdiyi autsorsinq\u00a0 (k\u0259nardan) m\u00fchasibatl\u0131q xidm\u0259ti MMC v\u0259 f\u0259rdi sahibkarlar t\u0259r\u0259find\u0259n \u015ftatda m\u00fchasib v\u0259 auditorlar saxlamaq z\u0259rur\u0259tini aradan qald\u0131r\u0131r bu is\u0259 \u00f6z n\u00f6vb\u0259sind\u0259 sahibkar\u0131 ofis x\u0259rcl\u0259rinid\u0259n, i\u015f\u00e7iy\u0259 g\u00f6r\u0259 \u00f6d\u0259nil\u0259n vergi x\u0259rcl\u0259rind\u0259n v\u0259 i\u015f\u00e7inin \u015ftatda saxlan\u0131lmas\u0131 il\u0259 ba\u011fl\u0131 sair x\u0259rcl\u0259rd\u0259n azad edir.<\/p>\n<p dir=\"ltr\">M\u00fcnasib qiym\u0259t\u0259 t\u0259klif etdiyimiz m\u00fcst\u0259qil autsorsinq m\u00fchasibatl\u0131q xidm\u0259tl\u0259ri h\u0259m\u00e7inin m\u00fchasibatl\u0131qla ba\u011fl\u0131 \u00fczl\u0259\u015f\u0259 bil\u0259c\u0259yiniz riskl\u0259rin qar\u015f\u0131s\u0131n\u0131 tam olaraq al\u0131r v\u0259 vergi, DSMF v\u0259 dig\u0259r sah\u0259l\u0259rd\u0259 s\u0259n\u0259dl\u0259\u015fm\u0259 i\u015fl\u0259rinizin t\u0259nziml\u0259nm\u0259sini t\u0259min edir.<\/p>\n\n\t\t<\/div>\n\t<\/div>\n\n\t<div class=\"wpb_text_column wpb_content_element\" >\n\t\t<div class=\"wpb_wrapper\">\n\t\t\t<p>&#8220;ASRA MANAGEMENT &#8221; MMC\u00a0 fiziki v\u0259 h\u00fcquqi \u015f\u0259xsl\u0259r \u00fc\u00e7\u00fcn\u00a0<strong>m\u00fchasibat xidm\u0259tl\u0259ri<\/strong>\u00a0t\u0259klif edir:<\/p>\n\n\t\t<\/div>\n\t<\/div>\n\n\t<div class=\"wpb_text_column wpb_content_element\" >\n\t\t<div class=\"wpb_wrapper\">\n\t\t\t<ul>\n<li>M\u00fchasibat u\u00e7otunun 1C 8.3 proqram t\u0259minat\u0131nda qanunvericiliy\u0259 uy\u011fun qurulmas\u0131, apar\u0131lmas\u0131 v\u0259 m\u0259sl\u0259h\u0259tl\u0259rin verilm\u0259si;<\/li>\n<li>Beyn\u0259lxalq m\u00fchasibat u\u00e7otuna uy\u011fun u\u00e7ot siyas\u0259tinin haz\u0131rlanmas\u0131;<\/li>\n<li>M\u00fc\u0259ssis\u0259d\u0259 m\u00fchasibat u\u00e7otunun MHBS-na transformasiyas\u0131;<\/li>\n<li>Ciddi u\u00e7ot blanklar\u0131n\u0131n r\u0259smil\u0259\u015fdirilm\u0259si;<\/li>\n<li>Debitor v\u0259 kreditor borcunun analizi v\u0259 inventarizasiyas\u0131;<\/li>\n<li>Mal-materiallar\u0131n v\u0259 \u018fsas v\u0259saitl\u0259rin inventarizasiyas\u0131n\u0131n ke\u00e7irilm\u0259si;<\/li>\n<li>Daxili normativ s\u0259n\u0259dl\u0259rinin haz\u0131rlanmas\u0131\u00a0(v\u0259zif\u0259 t\u0259limatlar\u0131, reglamentl\u0259r v\u0259 s.);<\/li>\n<li>Ayl\u0131q, r\u00fcbl\u00fck v\u0259 illik d\u00f6vriyy\u0259-qal\u0131q c\u0259dv\u0259ll\u0259rinin haz\u0131rlanmas\u0131;<\/li>\n<li>M\u0259nf\u0259\u0259t v\u0259 z\u0259r\u0259r, Balans, Pul v\u0259saitl\u0259rinin h\u0259r\u0259k\u0259ti v\u0259 Kapitalda d\u0259yi\u015fiklik haqq\u0131nda hesabatlar\u0131n haz\u0131rlanmas\u0131<\/li>\n<\/ul>\n\n\t\t<\/div>\n\t<\/div>\n <\/div>\n                    <div class=\"col-lg-4 services-sidebar\">\n                        <!-- Single Widget --><!-- Single Widget -->\n                        <div class=\"single-widget services-list\">\n                            <h4 class=\"widget-title\">Xidm\u0259tl\u0259r<\/h4>\n                            <div class=\"content\">\n                                <ul><li class=\"current-item\"><a href=\"https:\/\/asra.az\/en\/muhasibatliq-xidmeti-asra\/\">M\u00dcHAS\u0130BATLIQ X\u0130DM\u018fT\u0130<\/a><\/li><li class=\"\"><a href=\"https:\/\/asra.az\/en\/ir-konsaltinq-asra\/\">\u0130NSAN RESURSLARININ \u0130DAR\u018f ED\u0130LM\u018fS\u0130 \u00dcZR\u018f KONSALT\u0130NQ X\u0130DM\u018fT\u0130<\/a><\/li><li class=\"\"><a href=\"https:\/\/asra.az\/en\/ir-shobe-audit-asra\/\">\u0130NSAN RESURSLARI \u015e\u00d6B\u018fS\u0130N\u0130N AUD\u0130T\u0130 X\u0130DM\u018fT\u0130<\/a><\/li><li class=\"\"><a href=\"https:\/\/asra.az\/en\/maliyye-auditi-xidmeti\/\">MAL\u0130YY\u018f AUD\u0130T\u0130 X\u0130DM\u018fT\u0130<\/a><\/li><li class=\"\"><a href=\"https:\/\/asra.az\/en\/huquqi-ishler-xidmeti\/\">H\u00dcQUQ\u0130 \u0130\u015eL\u018fR X\u0130DM\u018fT\u0130<\/a><\/li><\/ul>\n                            <\/div>\n                        <\/div>\n                        <!-- End Single Widget --><!-- End Single Widget -->\n                        <div class=\"single-widget quick-contact text-light\" style=\"background-image: url(https:\/\/asra.az\/wp-content\/uploads\/2021\/09\/1.jpg);\">\n                            <div class=\"content\">\n                                <i class=\"fas fa-phone\"><\/i>\n                                <h4>K\u00f6m\u0259k laz\u0131md\u0131r?<\/h4>\n                                <p>\n                                    \u0130st\u0259nil\u0259n vaxt m\u00fc\u015ft\u0259rimiz\u0259 k\u00f6m\u0259k etm\u0259k \u00fc\u00e7\u00fcn buraday\u0131q. Suallar\u0131n\u0131z\u0131 cavabland\u0131rmaq \u00fc\u00e7\u00fcn 24\/7 z\u0259ng ed\u0259 bil\u0259rsiniz.\n                                <\/p>\n                                <h2>+994 50 402 49 47<\/h2>\n                            <\/div>\n                        <\/div>\n                        <!-- Single Widget --><!-- Single Widget -->\n                        <div class=\"single-widget brochure\">\n                            <h4 class=\"widget-title\">Brochure<\/h4>\n                            <ul>\n                                <li><a href=\"#\"><i class=\"fas fa-file-pdf\"><\/i> Download Docs<\/a><\/li>\n                                <li><a href=\"#\"><i class=\"fas fa-file-word\"><\/i> Company details<\/a><\/li>\n                            <\/ul>\n                        <\/div>\n                        <!-- End Single Widget --> <\/div>\n                <\/div>\n            <\/div>\n        <\/div>\n    <\/div>\n    <!-- End Services Details Area --><\/div><\/div><\/div><\/div>\n<\/div>","protected":false},"excerpt":{"rendered":"M\u00dcHAS\u0130BATLIQ X\u0130DM\u018fT\u0130 Biznesinizi inki\u015faf etdirm\u0259k \u00fc\u00e7\u00fcn ilk add\u0131m maliyy\u0259 t\u0259nziml\u0259m\u0259l\u0259rinizi v\u0259 planlar\u0131n\u0131z\u0131 d\u00fczg\u00fcn etm\u0259kdir. X\u00fcsus\u0259n d\u0259 sahibkar bu xidm\u0259tl\u0259ri yerin\u0259 yetirm\u0259k \u00fc\u00e7\u00fcn laz\u0131mi bilik v\u0259 bacar\u0131qlara malik deyils\u0259, o, x\u0259rcl\u0259rini v\u0259 g\u0259lirl\u0259rini izl\u0259m\u0259k v\u0259 f\u0259aliyy\u0259tini qanunvericiliy\u0259 uy\u011fun h\u0259yata ke\u00e7irm\u0259k \u00fc\u00e7\u00fcn bu xidm\u0259tl\u0259rin n\u0259 oldu\u011funu v\u0259 \u0259h\u0259miyy\u0259tini d\u0259rk etm\u0259lidir. \u015eirk\u0259timiz m\u00fc\u015ft\u0259rinin t\u0259l\u0259bl\u0259rin\u0259 uy\u011fun qiym\u0259td\u0259 keyfiyy\u0259tli\u00a0autsorsinq m\u00fchasibat [...]","protected":false},"author":1,"featured_media":89,"parent":0,"menu_order":0,"comment_status":"closed","ping_status":"closed","template":"page-templates\/pages.php","meta":{"footnotes":""},"class_list":["post-837","page","type-page","status-publish","has-post-thumbnail","hentry"],"_links":{"self":[{"href":"https:\/\/asra.az\/en\/wp-json\/wp\/v2\/pages\/837","targetHints":{"allow":["GET"]}}],"collection":[{"href":"https:\/\/asra.az\/en\/wp-json\/wp\/v2\/pages"}],"about":[{"href":"https:\/\/asra.az\/en\/wp-json\/wp\/v2\/types\/page"}],"author":[{"embeddable":true,"href":"https:\/\/asra.az\/en\/wp-json\/wp\/v2\/users\/1"}],"replies":[{"embeddable":true,"href":"https:\/\/asra.az\/en\/wp-json\/wp\/v2\/comments?post=837"}],"version-history":[{"count":9,"href":"https:\/\/asra.az\/en\/wp-json\/wp\/v2\/pages\/837\/revisions"}],"predecessor-version":[{"id":1203,"href":"https:\/\/asra.az\/en\/wp-json\/wp\/v2\/pages\/837\/revisions\/1203"}],"wp:featuredmedia":[{"embeddable":true,"href":"https:\/\/asra.az\/en\/wp-json\/wp\/v2\/media\/89"}],"wp:attachment":[{"href":"https:\/\/asra.az\/en\/wp-json\/wp\/v2\/media?parent=837"}],"curies":[{"name":"wp","href":"https:\/\/api.w.org\/{rel}","templated":true}]}}