{"id":45,"date":"2021-09-20T15:57:33","date_gmt":"2021-09-20T15:57:33","guid":{"rendered":"https:\/\/wordpressriverthemes.com\/earna\/?page_id=45"},"modified":"2025-04-20T19:57:21","modified_gmt":"2025-04-20T19:57:21","slug":"haqqimizda-asra","status":"publish","type":"page","link":"https:\/\/asra.az\/en\/haqqimizda-asra\/","title":{"rendered":"ABOUT US"},"content":{"rendered":"<div class=\"wpb-content-wrapper\"><div class=\"vc_row wpb_row vc_row-fluid\"><div class=\"wpb_column vc_column_container vc_col-sm-12\"><div class=\"vc_column-inner\"><div class=\"wpb_wrapper\"><!-- Start About \n    ============================================= -->\n    <div class=\"about-us-area default-padding bg-gray\">\n        <div class=\"container\">\n            <div class=\"about-items\">\n                <div class=\"row align-center\">\n                    <div class=\"col-lg-6\">\n                        <div class=\"thumb\">\n                            <img decoding=\"async\" src=\"https:\/\/asra.az\/wp-content\/uploads\/2024\/03\/3.jpg\" alt=\"Thumb\">\n                            <h2>G\u00fcv\u0259nli Xidm\u0259t<\/h2>\n                        <\/div>\n                    <\/div>\n                    <div class=\"col-lg-6 info\">\n                        <h2><strong>ABOUT US<\/strong><\/h2>\n                        <p>\n                            <strong>ASRA MANAGEMENT MMC, bir ne\u00e7\u0259 f\u0259aliyy\u0259t sah\u0259si \u00fczr\u0259 xidm\u0259t g\u00f6st\u0259r\u0259n pe\u015f\u0259kar bir \u015firk\u0259tdir.<\/strong><\/p>\n<p><strong>H\u0259min xidm\u0259tl\u0259r a\u015fa\u011f\u0131da siz\u0259 t\u0259qdim olunur:<\/strong><\/p>\n<p><strong>1. Ya\u015fay\u0131\u015f kompleksl\u0259rinin idar\u0259edilm\u0259si:<\/strong><\/p>\n<p>- M\u00fcasir bina idar\u0259etm\u0259si sah\u0259sind\u0259 keyfiyy\u0259tli v\u0259 etibarl\u0131 xidm\u0259tl\u0259r t\u0259qdim edirik. \u015eirk\u0259timiz y\u00fcks\u0259k standartlara uy\u011fun \u015f\u0259kild\u0259, m\u00fc\u015ft\u0259ril\u0259rimizin ehtiyaclar\u0131na tam cavab ver\u0259n idar\u0259etm\u0259 h\u0259ll\u0259ri t\u0259klif edir. H\u0259d\u0259fimiz m\u00fc\u015ft\u0259ril\u0259rimizin \u0259mlaklar\u0131n\u0131n d\u0259y\u0259rini qoruyaraq, onlar\u0131n rahatl\u0131\u011f\u0131n\u0131 t\u0259min etm\u0259k v\u0259 g\u00fcnd\u0259lik \u0259m\u0259liyyatlar\u0131 pe\u015f\u0259kar s\u0259viyy\u0259d\u0259 idar\u0259 etm\u0259kdir.<br \/>\nBizim t\u0259cr\u00fcb\u0259li v\u0259 ixtisasl\u0131 komandam\u0131z binan\u0131n t\u0259mizliyi, t\u0259hl\u00fck\u0259sizlik, texniki d\u0259st\u0259k,kadr v\u0259 maliyy\u0259 idar\u0259etm\u0259si kimi m\u00fcxt\u0259lif sah\u0259l\u0259rd\u0259 xidm\u0259t g\u00f6st\u0259rir. Bu xidm\u0259tl\u0259rin h\u0259r biri bina sakinl\u0259rinin v\u0259 m\u00fclkiyy\u0259t sahibl\u0259rinin m\u0259mnunlu\u011funu art\u0131rmaq v\u0259 obyektin \u00fcmumi performans\u0131n\u0131 y\u00fcks\u0259k s\u0259viyy\u0259d\u0259 saxlamaq m\u0259qs\u0259dil\u0259 h\u0259yata ke\u00e7irilir.<\/p>\n<p><strong>2. \u0130nsan resurslar\u0131n\u0131n idar\u0259edilm\u0259si \u00fczr\u0259 konsaltinq xidm\u0259ti:<\/strong><\/p>\n<p>-T\u0259\u015fkilat\u0131n insan resurslar\u0131 il\u0259 ba\u011fl\u0131 f\u0259aliyy\u0259tl\u0259rini t\u0259kmill\u0259\u015fdirm\u0259k, \u0259m\u0259k qanunvericiliyin\u0259 uy\u011funla\u015fd\u0131rmaq, i\u015f\u00e7i resurslar\u0131n\u0131 daha s\u0259m\u0259r\u0259li idar\u0259 etm\u0259k v\u0259 \u0130R strategiyalar\u0131n\u0131 biznes m\u0259qs\u0259dl\u0259ri il\u0259 uzla\u015fd\u0131rmaq.<\/p>\n<p><strong>3. M\u00fchasibatl\u0131q xidm\u0259ti:<\/strong><\/p>\n<p>-M\u00fc\u0259ssis\u0259nin maliyy\u0259 f\u0259aliyy\u0259tini \u015f\u0259ffaf, d\u00fczg\u00fcn v\u0259 qanunvericiliy\u0259 uy\u011fun \u015f\u0259kild\u0259 aparmaqd\u0131r. Bu xidm\u0259t, biznesin maliyy\u0259 g\u00f6st\u0259ricil\u0259rinin d\u0259qiq \u015f\u0259kild\u0259 \u0259ks etdirilm\u0259sini, vergi \u00f6hd\u0259likl\u0259rinin d\u00fczg\u00fcn hesablanmas\u0131n\u0131 v\u0259 idar\u0259edici q\u0259rarlar\u0131n verilm\u0259si \u00fc\u00e7\u00fcn etibarl\u0131 maliyy\u0259 m\u0259lumatlar\u0131n\u0131n t\u0259min olunmas\u0131n\u0131 h\u0259d\u0259fl\u0259yir.<\/p>\n<p><strong>4. H\u00fcquq xidm\u0259ti:<\/strong><\/p>\n<p>-H\u00fcquq xidm\u0259tin\u0259 \u015firk\u0259tl\u0259rin reyestr i\u015fl\u0259ri, fiziki v\u0259 h\u00fcquqi \u015f\u0259xsl\u0259rin qeydiyyat\u0131, m\u0259lumat d\u0259yi\u015fdirilm\u0259si, patent al\u0131nmas\u0131, kommunal \u00f6d\u0259ni\u015f etm\u0259y\u0259n sakinl\u0259r bar\u0259sind\u0259 icra qeydi apar\u0131lmas\u0131 v\u0259.s i\u015fl\u0259rinin icras\u0131.<\/p>\n<p><strong>5.\u0130nsan resurslar\u0131 \u015f\u00f6b\u0259sinin audit edilm\u0259si <\/strong><\/p>\n<p><strong>6.T\u0259liml\u0259r:<\/strong><\/p>\n<p>-\u018fm\u0259k qanunvericiliyi v\u0259 kadr karg\u00fczarl\u0131\u011f\u0131 t\u0259limi,<br \/>\n-\u018fm\u0259k haqq\u0131 hesablanmas\u0131 t\u0259limi,<br \/>\n-MS office t\u0259limi\n                        <\/p>\n                        <ul>\n                            <li><\/li>\n                            <li>t<\/li>\n                        <\/ul>\n                        <div class=\"author\">\n                            <div class=\"signature\">\n                                <img decoding=\"async\" src=\"https:\/\/asra.az\/wp-content\/uploads\/2024\/03\/cropped-asra-logo-png-main-4.png\" alt=\"signature\">\n                            <\/div>\n                            <div class=\"intro\">\n                                <h5>ASRA MANAGEMENT MMC<\/h5>\n                        <span>\u018ffqan Z\u00fclf\u00fcqarl\u0131, Direktor<\/span>\n                            <\/div>\n                        <\/div>\n                    <\/div>\n                <\/div>\n            <\/div>\n        <\/div>\n    <\/div>\n    <!-- End About Area --><\/div><\/div><\/div><\/div><div class=\"vc_row wpb_row vc_row-fluid\"><div class=\"wpb_column vc_column_container vc_col-sm-12\"><div class=\"vc_column-inner\"><div class=\"wpb_wrapper\"><!-- Star Work Process Area\n    ============================================= -->\n    <div class=\"work-process-area features-area default-padding\">\n        <div class=\"container\">\n            <div class=\"row\">\n                <div class=\"col-lg-8 offset-lg-2\">\n                    <div class=\"site-heading text-center\">\n                        <h4>BUNUN NEC\u018f \u0130\u015eL\u018fD\u0130Y\u0130N\u0130 G\u00d6R\u00dcN!<\/h4>\n                        <h2>Biznesin inki\u015faf\u0131 \u00fc\u00e7\u00fcn asan add\u0131mlar<\/h2>\n                        <div class=\"devider\"><\/div>\n                    <\/div>\n                <\/div>\n            <\/div>\n        <\/div>\n        <div class=\"container\">\n            <div class=\"work-process-items features-content\">\n                <div class=\"row\"><!-- Single Item -->\n                    <div class=\"single-item col-lg-4 col-md-6\">\n                        <div class=\"item\">\n                            <i class=\"flaticon-speech-bubble\"><\/i>\n                            <div class=\"top\">\n                                <span>01<\/span>\n                                <h4>Qiym\u0259tl\u0259ndirm\u0259<\/h4>\n                            <\/div>\n                            <p>\n                                \u015eirk\u0259t probleml\u0259rininin \u00f6yr\u0259nilm\u0259si, m\u0259lumatlar\u0131n t\u0259hlil edilm\u0259si v\u0259 imkanlar\u0131n m\u00fc\u0259yy\u0259nl\u0259\u015fdirilm\u0259si \n                            <\/p>\n                            <a href=\"\"><i class=\"arrow_right\"><\/i><\/a>\n                        <\/div>\n                    <\/div>\n                    <!-- Single Item --><!-- Single Item -->\n                    <div class=\"single-item col-lg-4 col-md-6\">\n                        <div class=\"item\">\n                            <i class=\"flaticon-label\"><\/i>\n                            <div class=\"top\">\n                                <span>02<\/span>\n                                <h4>Strateji inki\u015faf<\/h4>\n                            <\/div>\n                            <p>\n                                H\u0259ll yollar\u0131n\u0131n planla\u015fd\u0131r\u0131lmas\u0131, m\u00fcmk\u00fcn variantlar\u0131n n\u0259z\u0259rd\u0259n ke\u00e7iril\u0259r\u0259 strategiyalar\u0131n yarad\u0131lmas\u0131 \n                            <\/p>\n                            <a href=\"\"><i class=\"arrow_right\"><\/i><\/a>\n                        <\/div>\n                    <\/div>\n                    <!-- Single Item --><!-- Single Item -->\n                    <div class=\"single-item col-lg-4 col-md-6\">\n                        <div class=\"item\">\n                            <i class=\"flaticon-file\"><\/i>\n                            <div class=\"top\">\n                                <span>03<\/span>\n                                <h4>\u0130cra prosesi<\/h4>\n                            <\/div>\n                            <p>\n                                Planlar\u0131 icra olunmas\u0131, inki\u015fafa n\u0259zar\u0259t edilm\u0259si v\u0259 effektiv inteqrasiyan\u0131n t\u0259min edilm\u0259si \n                            <\/p>\n                            <a href=\"\"><i class=\"arrow_right\"><\/i><\/a>\n                        <\/div>\n                    <\/div>\n                    <!-- Single Item --> <\/div>\n            <\/div>\n        <\/div>\n    <\/div>\n    <!-- End Features Area --><\/div><\/div><\/div><\/div><div class=\"vc_row wpb_row vc_row-fluid\"><div class=\"wpb_column vc_column_container vc_col-sm-12\"><div class=\"vc_column-inner\"><div class=\"wpb_wrapper\"><!-- Star Partner Area\n    ============================================= -->\n    <div class=\"partner-area overflow-hidden bg-gray text-light\">\n        <div class=\"container\">\n            <div class=\"item-box\">\n                <div class=\"row align-center\">\n                    <div class=\"col-lg-6 info\">\n                        <h2>Bizi se\u00e7\u0259n m\u00fc\u015ft\u0259ri say\u0131 50+ <span>50+<\/span> <br> <\/h2>\n                        <p>\n                            M\u00fc\u015ft\u0259ril\u0259rimiz bizi uy\u011funla\u015fd\u0131r\u0131lm\u0131\u015f h\u0259ll\u0259rimiz, ekspert r\u0259hb\u0259rliyimiz, m\u00fc\u015ft\u0259ri m\u0259rk\u0259zli yana\u015fmam\u0131z v\u0259 h\u0259rt\u0259r\u0259fli t\u0259cr\u00fcb\u0259miz \u00fc\u00e7\u00fcn se\u00e7irl\u0259r. Unikal biznes ehtiyaclar\u0131n\u0131 qar\u015f\u0131lamaq v\u0259 m\u00fc\u015ft\u0259ri m\u0259qs\u0259dl\u0259rini prioritetl\u0259\u015fdirm\u0259k \u00f6hd\u0259liyi il\u0259 biz bir dam alt\u0131nda geni\u015f \u00e7e\u015fidd\u0259 xidm\u0259tl\u0259r t\u0259qdim edirik.\n                        <\/p>\n                    <\/div>\n                    <div class=\"col-lg-6 clients\">\n                        <div class=\"partner-carousel owl-carousel owl-theme text-center\"><div class=\"single-item\"><img decoding=\"async\" src=\"https:\/\/asra.az\/wp-content\/uploads\/2021\/09\/01.png\" alt=\"Clients\"><\/div><div class=\"single-item\"><img decoding=\"async\" src=\"https:\/\/asra.az\/wp-content\/uploads\/2021\/09\/02.png\" alt=\"Clients\"><\/div><div class=\"single-item\"><img decoding=\"async\" src=\"https:\/\/asra.az\/wp-content\/uploads\/2021\/09\/03.png\" alt=\"Clients\"><\/div><div class=\"single-item\"><img decoding=\"async\" src=\"https:\/\/asra.az\/wp-content\/uploads\/2021\/09\/04.png\" alt=\"Clients\"><\/div><\/div>\n                    <\/div>\n                <\/div>\n            <\/div>\n        <\/div>\n    <\/div>\n    <!-- End Partner Area --><\/div><\/div><\/div><\/div>\n<\/div>","protected":false},"excerpt":{"rendered":"G\u00fcv\u0259nli Xidm\u0259t HAQQIMIZDA ASRA MANAGEMENT MMC, bir ne\u00e7\u0259 f\u0259aliyy\u0259t sah\u0259si \u00fczr\u0259 xidm\u0259t g\u00f6st\u0259r\u0259n pe\u015f\u0259kar bir \u015firk\u0259tdir. H\u0259min xidm\u0259tl\u0259r a\u015fa\u011f\u0131da siz\u0259 t\u0259qdim olunur: 1. Ya\u015fay\u0131\u015f kompleksl\u0259rinin idar\u0259edilm\u0259si: - M\u00fcasir bina idar\u0259etm\u0259si sah\u0259sind\u0259 keyfiyy\u0259tli v\u0259 etibarl\u0131 xidm\u0259tl\u0259r t\u0259qdim edirik. \u015eirk\u0259timiz y\u00fcks\u0259k standartlara uy\u011fun \u015f\u0259kild\u0259, m\u00fc\u015ft\u0259ril\u0259rimizin ehtiyaclar\u0131na tam cavab ver\u0259n idar\u0259etm\u0259 h\u0259ll\u0259ri t\u0259klif edir. H\u0259d\u0259fimiz m\u00fc\u015ft\u0259ril\u0259rimizin \u0259mlaklar\u0131n\u0131n d\u0259y\u0259rini [...]","protected":false},"author":1,"featured_media":184,"parent":0,"menu_order":0,"comment_status":"closed","ping_status":"closed","template":"page-templates\/pages-about.php","meta":{"footnotes":""},"class_list":["post-45","page","type-page","status-publish","has-post-thumbnail","hentry"],"_links":{"self":[{"href":"https:\/\/asra.az\/en\/wp-json\/wp\/v2\/pages\/45","targetHints":{"allow":["GET"]}}],"collection":[{"href":"https:\/\/asra.az\/en\/wp-json\/wp\/v2\/pages"}],"about":[{"href":"https:\/\/asra.az\/en\/wp-json\/wp\/v2\/types\/page"}],"author":[{"embeddable":true,"href":"https:\/\/asra.az\/en\/wp-json\/wp\/v2\/users\/1"}],"replies":[{"embeddable":true,"href":"https:\/\/asra.az\/en\/wp-json\/wp\/v2\/comments?post=45"}],"version-history":[{"count":29,"href":"https:\/\/asra.az\/en\/wp-json\/wp\/v2\/pages\/45\/revisions"}],"predecessor-version":[{"id":1259,"href":"https:\/\/asra.az\/en\/wp-json\/wp\/v2\/pages\/45\/revisions\/1259"}],"wp:featuredmedia":[{"embeddable":true,"href":"https:\/\/asra.az\/en\/wp-json\/wp\/v2\/media\/184"}],"wp:attachment":[{"href":"https:\/\/asra.az\/en\/wp-json\/wp\/v2\/media?parent=45"}],"curies":[{"name":"wp","href":"https:\/\/api.w.org\/{rel}","templated":true}]}}